{"id":2630,"date":"2024-01-22T07:39:35","date_gmt":"2024-01-22T07:39:35","guid":{"rendered":"https:\/\/focus-project.eu\/podatkovna-zbirka\/"},"modified":"2026-01-29T13:35:19","modified_gmt":"2026-01-29T13:35:19","slug":"podatkovna-zbirka","status":"publish","type":"page","link":"https:\/\/focus-project.eu\/sl\/podatkovna-zbirka\/","title":{"rendered":"Podatkovna zbirka"},"content":{"rendered":"\t\t<div data-elementor-type=\"wp-page\" data-elementor-id=\"2630\" class=\"elementor elementor-2630 elementor-17\" data-elementor-post-type=\"page\">\n\t\t\t\t<div class=\"elementor-element elementor-element-2c30035 e-flex e-con-boxed e-con e-parent\" data-id=\"2c30035\" data-element_type=\"container\">\n\t\t\t\t\t<div class=\"e-con-inner\">\n\t\t<div class=\"elementor-element elementor-element-7504c9c e-con-full e-flex e-con e-child\" data-id=\"7504c9c\" data-element_type=\"container\">\n\t\t\t\t<div class=\"elementor-element elementor-element-71ee4e5 elementor-absolute elementor-widget elementor-widget-image\" data-id=\"71ee4e5\" data-element_type=\"widget\" data-settings=\"{&quot;_position&quot;:&quot;absolute&quot;,&quot;motion_fx_motion_fx_scrolling&quot;:&quot;yes&quot;,&quot;motion_fx_rotateZ_effect&quot;:&quot;yes&quot;,&quot;motion_fx_rotateZ_speed&quot;:{&quot;unit&quot;:&quot;px&quot;,&quot;size&quot;:8.3,&quot;sizes&quot;:[]},&quot;motion_fx_devices&quot;:[&quot;desktop&quot;,&quot;tablet&quot;],&quot;motion_fx_rotateZ_affectedRange&quot;:{&quot;unit&quot;:&quot;%&quot;,&quot;size&quot;:&quot;&quot;,&quot;sizes&quot;:{&quot;start&quot;:0,&quot;end&quot;:100}}}\" data-widget_type=\"image.default\">\n\t\t\t\t<div class=\"elementor-widget-container\">\n\t\t\t\t\t\t\t\t\t\t\t\t\t\t\t<img decoding=\"async\" width=\"88\" height=\"88\" src=\"https:\/\/focus-project.eu\/wp-content\/uploads\/2024\/01\/purple-gradient-rectangle.svg\" class=\"attachment-full size-full wp-image-2590\" alt=\"\" \/>\t\t\t\t\t\t\t\t\t\t\t\t\t\t\t<\/div>\n\t\t\t\t<\/div>\n\t\t\t\t<div class=\"elementor-element elementor-element-5c84fab elementor-widget elementor-widget-image\" data-id=\"5c84fab\" data-element_type=\"widget\" data-widget_type=\"image.default\">\n\t\t\t\t<div class=\"elementor-widget-container\">\n\t\t\t\t\t\t\t\t\t\t\t\t\t\t\t<img fetchpriority=\"high\" decoding=\"async\" width=\"1000\" height=\"1000\" src=\"https:\/\/focus-project.eu\/wp-content\/uploads\/2024\/01\/school-curriculum.png\" class=\"attachment-full size-full wp-image-2598\" alt=\"\" srcset=\"https:\/\/focus-project.eu\/wp-content\/uploads\/2024\/01\/school-curriculum.png 1000w, https:\/\/focus-project.eu\/wp-content\/uploads\/2024\/01\/school-curriculum-300x300.png 300w, https:\/\/focus-project.eu\/wp-content\/uploads\/2024\/01\/school-curriculum-150x150.png 150w, https:\/\/focus-project.eu\/wp-content\/uploads\/2024\/01\/school-curriculum-768x768.png 768w, https:\/\/focus-project.eu\/wp-content\/uploads\/2024\/01\/school-curriculum-700x700.png 700w\" sizes=\"(max-width: 1000px) 100vw, 1000px\" \/>\t\t\t\t\t\t\t\t\t\t\t\t\t\t\t<\/div>\n\t\t\t\t<\/div>\n\t\t\t\t<div class=\"elementor-element elementor-element-4588bad elementor-widget__width-initial elementor-absolute elementor-widget elementor-widget-image\" data-id=\"4588bad\" data-element_type=\"widget\" data-settings=\"{&quot;_position&quot;:&quot;absolute&quot;,&quot;motion_fx_motion_fx_scrolling&quot;:&quot;yes&quot;,&quot;motion_fx_rotateZ_effect&quot;:&quot;yes&quot;,&quot;motion_fx_rotateZ_direction&quot;:&quot;negative&quot;,&quot;motion_fx_devices&quot;:[&quot;desktop&quot;,&quot;tablet&quot;],&quot;motion_fx_translateY_effect&quot;:&quot;yes&quot;,&quot;motion_fx_translateY_direction&quot;:&quot;negative&quot;,&quot;motion_fx_translateY_affectedRange&quot;:{&quot;unit&quot;:&quot;%&quot;,&quot;size&quot;:&quot;&quot;,&quot;sizes&quot;:{&quot;start&quot;:0,&quot;end&quot;:77}},&quot;motion_fx_translateY_speed&quot;:{&quot;unit&quot;:&quot;px&quot;,&quot;size&quot;:4,&quot;sizes&quot;:[]},&quot;motion_fx_rotateZ_speed&quot;:{&quot;unit&quot;:&quot;px&quot;,&quot;size&quot;:1,&quot;sizes&quot;:[]},&quot;motion_fx_rotateZ_affectedRange&quot;:{&quot;unit&quot;:&quot;%&quot;,&quot;size&quot;:&quot;&quot;,&quot;sizes&quot;:{&quot;start&quot;:0,&quot;end&quot;:100}}}\" data-widget_type=\"image.default\">\n\t\t\t\t<div class=\"elementor-widget-container\">\n\t\t\t\t\t\t\t\t\t\t\t\t\t\t\t<img decoding=\"async\" width=\"631\" height=\"631\" src=\"https:\/\/focus-project.eu\/wp-content\/uploads\/2024\/01\/Asset-6.svg\" class=\"attachment-full size-full wp-image-2661\" alt=\"\" \/>\t\t\t\t\t\t\t\t\t\t\t\t\t\t\t<\/div>\n\t\t\t\t<\/div>\n\t\t\t\t<div class=\"elementor-element elementor-element-ee3dc1e elementor-widget elementor-widget-heading\" data-id=\"ee3dc1e\" data-element_type=\"widget\" data-widget_type=\"heading.default\">\n\t\t\t\t<div class=\"elementor-widget-container\">\n\t\t\t\t\t<h2 class=\"elementor-heading-title elementor-size-default\">Podatkovna zbirka<\/h2>\t\t\t\t<\/div>\n\t\t\t\t<\/div>\n\t\t\t\t<\/div>\n\t\t\t\t\t<\/div>\n\t\t\t\t<\/div>\n\t\t<div class=\"elementor-element elementor-element-f48e2e5 e-flex e-con-boxed e-con e-parent\" data-id=\"f48e2e5\" data-element_type=\"container\">\n\t\t\t\t\t<div class=\"e-con-inner\">\n\t\t\t\t<div class=\"elementor-element elementor-element-76720d8 elementor-widget elementor-widget-spacer\" data-id=\"76720d8\" data-element_type=\"widget\" data-widget_type=\"spacer.default\">\n\t\t\t\t<div class=\"elementor-widget-container\">\n\t\t\t\t\t\t\t<div class=\"elementor-spacer\">\n\t\t\t<div class=\"elementor-spacer-inner\"><\/div>\n\t\t<\/div>\n\t\t\t\t\t\t<\/div>\n\t\t\t\t<\/div>\n\t\t\t\t<div class=\"elementor-element elementor-element-7613314 elementor-widget elementor-widget-heading\" data-id=\"7613314\" data-element_type=\"widget\" data-widget_type=\"heading.default\">\n\t\t\t\t<div class=\"elementor-widget-container\">\n\t\t\t\t\t<h2 class=\"elementor-heading-title elementor-size-default\">OSREDOTO\u010cITE SE na najbolj\u0161e prakse, \u0161tudije primerov in intervjuje<\/h2>\t\t\t\t<\/div>\n\t\t\t\t<\/div>\n\t\t\t\t<div class=\"elementor-element elementor-element-6fcdedb elementor-widget elementor-widget-text-editor\" data-id=\"6fcdedb\" data-element_type=\"widget\" data-widget_type=\"text-editor.default\">\n\t\t\t\t<div class=\"elementor-widget-container\">\n\t\t\t\t\t\t\t\t\t<p>Dobrodo\u0161li v podatkovni bazi na\u0161ega projekta!<\/p>\n<p>Razi\u0161\u010dite razli\u010dne najbolj\u0161e prakse in \u0161tudije primerov, ki smo jih zbrali za vas, ter izberite tiste, ki ustrezajo va\u0161im specifi\u010dnim potrebam v u\u010dilnici. Preberite si izku\u0161nje sodelujo\u010dih strokovnjakov in njihove lastne pristope k pou\u010devanju tujih jezikov otrokom, starim od 6 do 12 let, z u\u010dnimi te\u017eavami. Uporabite ta prostor za nadgradnjo svojih u\u010dnih metod in spretnosti ter ustvarite vklju\u010dujo\u010do u\u010dilnico, v kateri se vsi otroci u\u010dijo brez izjem in omejitev, ne glede na njihove sposobnosti.<\/p>\n<p>Ta razdelek temelji na raziskavah na\u0161ih predanih partnerjev, ki so jih izvajali ve\u010d mesecev. Pri zbiranju najbolj\u0161ih praks in \u0161tudij primerov smo se osredoto\u010dili na raziskave znotraj Evrope, pri \u010demer je bila edina omejitev, da so vsi zbrani podatki morali zadevati u\u010dence osnovnih \u0161ol z u\u010dnimi te\u017eavami. Kar zadeva intervjuje, so na\u0161i partnerji zbrali strokovnjake, ki delajo z omenjenimi otroki pri u\u010denju tujih jezikov (u\u010ditelje tujih jezikov, logopede, delovne terapevte itd.) iz Slovenije, Gr\u010dije, Cipra, Litve, Italije in \u0160panije. Poglobljeni individualni intervjuji in fokusne skupine razkrivajo izku\u0161nje in metode uspe\u0161nega soo\u010danja z u\u010dnimi te\u017eavami.<\/p>\n<p>Pridobite bolj\u0161e razumevanje, kako va\u0161e delo ne vpliva le na znanje tujih jezikov va\u0161ih u\u010dencev, temve\u010d tudi na njihov vse\u017eivljenjski u\u010dni proces.<\/p>\n<p>Va\u0161e nadgrajevanje znanja se za\u010dne tukaj!<\/p>\n\t\t\t\t\t\t\t\t<\/div>\n\t\t\t\t<\/div>\n\t\t\t\t\t<\/div>\n\t\t\t\t<\/div>\n\t\t<div class=\"elementor-element elementor-element-04ba7b9 e-flex e-con-boxed e-con e-parent\" data-id=\"04ba7b9\" data-element_type=\"container\">\n\t\t\t\t\t<div class=\"e-con-inner\">\n\t\t<div class=\"elementor-element elementor-element-0dcf35b e-con-full e-flex e-con e-child\" data-id=\"0dcf35b\" data-element_type=\"container\">\n\t\t\t\t<div class=\"elementor-element elementor-element-620d761 elementor-mobile-align-justify elementor-align-justify elementor-widget elementor-widget-button\" data-id=\"620d761\" data-element_type=\"widget\" data-widget_type=\"button.default\">\n\t\t\t\t<div class=\"elementor-widget-container\">\n\t\t\t\t\t\t\t\t\t<div class=\"elementor-button-wrapper\">\n\t\t\t\t\t<a class=\"elementor-button elementor-button-link elementor-size-sm elementor-animation-shrink\" href=\"https:\/\/focus-project.eu\/sl\/studije-primerov\/\" target=\"_blank\">\n\t\t\t\t\t\t<span class=\"elementor-button-content-wrapper\">\n\t\t\t\t\t\t\t\t\t<span class=\"elementor-button-text\">\u0160tudije primerov<\/span>\n\t\t\t\t\t<\/span>\n\t\t\t\t\t<\/a>\n\t\t\t\t<\/div>\n\t\t\t\t\t\t\t\t<\/div>\n\t\t\t\t<\/div>\n\t\t\t\t<div class=\"elementor-element elementor-element-5a0b350 elementor-mobile-align-justify elementor-align-justify elementor-widget elementor-widget-button\" data-id=\"5a0b350\" data-element_type=\"widget\" data-widget_type=\"button.default\">\n\t\t\t\t<div class=\"elementor-widget-container\">\n\t\t\t\t\t\t\t\t\t<div class=\"elementor-button-wrapper\">\n\t\t\t\t\t<a class=\"elementor-button elementor-button-link elementor-size-sm elementor-animation-shrink\" href=\"https:\/\/focus-project.eu\/sl\/najboljse-prakse\/\" target=\"_blank\">\n\t\t\t\t\t\t<span class=\"elementor-button-content-wrapper\">\n\t\t\t\t\t\t\t\t\t<span class=\"elementor-button-text\">Najbolj\u0161e prakse<\/span>\n\t\t\t\t\t<\/span>\n\t\t\t\t\t<\/a>\n\t\t\t\t<\/div>\n\t\t\t\t\t\t\t\t<\/div>\n\t\t\t\t<\/div>\n\t\t\t\t<div class=\"elementor-element elementor-element-b40e145 elementor-mobile-align-justify elementor-align-justify elementor-widget elementor-widget-button\" data-id=\"b40e145\" data-element_type=\"widget\" data-widget_type=\"button.default\">\n\t\t\t\t<div class=\"elementor-widget-container\">\n\t\t\t\t\t\t\t\t\t<div class=\"elementor-button-wrapper\">\n\t\t\t\t\t<a class=\"elementor-button elementor-button-link elementor-size-sm elementor-animation-shrink\" href=\"https:\/\/focus-project.eu\/sl\/intervjuje\/\" target=\"_blank\">\n\t\t\t\t\t\t<span class=\"elementor-button-content-wrapper\">\n\t\t\t\t\t\t\t\t\t<span class=\"elementor-button-text\">Intervjuje<\/span>\n\t\t\t\t\t<\/span>\n\t\t\t\t\t<\/a>\n\t\t\t\t<\/div>\n\t\t\t\t\t\t\t\t<\/div>\n\t\t\t\t<\/div>\n\t\t\t\t<div class=\"elementor-element elementor-element-6b0d35b elementor-mobile-align-justify elementor-align-justify elementor-widget elementor-widget-button\" data-id=\"6b0d35b\" data-element_type=\"widget\" data-widget_type=\"button.default\">\n\t\t\t\t<div class=\"elementor-widget-container\">\n\t\t\t\t\t\t\t\t\t<div class=\"elementor-button-wrapper\">\n\t\t\t\t\t<a class=\"elementor-button elementor-button-link elementor-size-sm elementor-animation-shrink\" href=\"https:\/\/focus-project.eu\/wp-content\/uploads\/2026\/01\/FOCUS_WP2_Report_FINAL.pdf\" target=\"_blank\">\n\t\t\t\t\t\t<span class=\"elementor-button-content-wrapper\">\n\t\t\t\t\t\t\t\t\t<span class=\"elementor-button-text\">Raziskovalno poro\u010dilo (EN)<\/span>\n\t\t\t\t\t<\/span>\n\t\t\t\t\t<\/a>\n\t\t\t\t<\/div>\n\t\t\t\t\t\t\t\t<\/div>\n\t\t\t\t<\/div>\n\t\t\t\t<\/div>\n\t\t\t\t<div class=\"elementor-element elementor-element-c73ad3b elementor-widget elementor-widget-spacer\" data-id=\"c73ad3b\" data-element_type=\"widget\" data-widget_type=\"spacer.default\">\n\t\t\t\t<div class=\"elementor-widget-container\">\n\t\t\t\t\t\t\t<div class=\"elementor-spacer\">\n\t\t\t<div class=\"elementor-spacer-inner\"><\/div>\n\t\t<\/div>\n\t\t\t\t\t\t<\/div>\n\t\t\t\t<\/div>\n\t\t<div class=\"elementor-element elementor-element-5b88326 e-con-full e-flex e-con e-child\" data-id=\"5b88326\" data-element_type=\"container\">\n\t\t\t\t<div class=\"elementor-element elementor-element-6cd445e elementor-absolute elementor-widget elementor-widget-image\" data-id=\"6cd445e\" data-element_type=\"widget\" data-settings=\"{&quot;_position&quot;:&quot;absolute&quot;,&quot;motion_fx_motion_fx_scrolling&quot;:&quot;yes&quot;,&quot;motion_fx_rotateZ_effect&quot;:&quot;yes&quot;,&quot;motion_fx_rotateZ_speed&quot;:{&quot;unit&quot;:&quot;px&quot;,&quot;size&quot;:10,&quot;sizes&quot;:[]},&quot;motion_fx_devices&quot;:[&quot;desktop&quot;,&quot;tablet&quot;],&quot;motion_fx_rotateZ_affectedRange&quot;:{&quot;unit&quot;:&quot;%&quot;,&quot;size&quot;:&quot;&quot;,&quot;sizes&quot;:{&quot;start&quot;:0,&quot;end&quot;:100}}}\" data-widget_type=\"image.default\">\n\t\t\t\t<div class=\"elementor-widget-container\">\n\t\t\t\t\t\t\t\t\t\t\t\t\t\t\t<img loading=\"lazy\" decoding=\"async\" width=\"1034\" height=\"1034\" src=\"https:\/\/focus-project.eu\/wp-content\/uploads\/2024\/01\/purple_gradient_rectangle-Big.svg\" class=\"attachment-full size-full wp-image-2596\" alt=\"\" \/>\t\t\t\t\t\t\t\t\t\t\t\t\t\t\t<\/div>\n\t\t\t\t<\/div>\n\t\t\t\t<div class=\"elementor-element elementor-element-b6514b0 elementor-widget elementor-widget-image\" data-id=\"b6514b0\" data-element_type=\"widget\" data-widget_type=\"image.default\">\n\t\t\t\t<div class=\"elementor-widget-container\">\n\t\t\t\t\t\t\t\t\t\t\t\t\t\t\t<img loading=\"lazy\" decoding=\"async\" width=\"1000\" height=\"1000\" src=\"https:\/\/focus-project.eu\/wp-content\/uploads\/2024\/02\/cloudserver.png\" class=\"attachment-full size-full wp-image-2631\" alt=\"\" srcset=\"https:\/\/focus-project.eu\/wp-content\/uploads\/2024\/02\/cloudserver.png 1000w, https:\/\/focus-project.eu\/wp-content\/uploads\/2024\/02\/cloudserver-300x300.png 300w, https:\/\/focus-project.eu\/wp-content\/uploads\/2024\/02\/cloudserver-150x150.png 150w, https:\/\/focus-project.eu\/wp-content\/uploads\/2024\/02\/cloudserver-768x768.png 768w, https:\/\/focus-project.eu\/wp-content\/uploads\/2024\/02\/cloudserver-700x700.png 700w\" sizes=\"(max-width: 1000px) 100vw, 1000px\" \/>\t\t\t\t\t\t\t\t\t\t\t\t\t\t\t<\/div>\n\t\t\t\t<\/div>\n\t\t\t\t<div class=\"elementor-element elementor-element-b1e5e4d elementor-absolute e-transform elementor-widget elementor-widget-image\" data-id=\"b1e5e4d\" data-element_type=\"widget\" data-settings=\"{&quot;_position&quot;:&quot;absolute&quot;,&quot;_transform_rotateZ_effect&quot;:{&quot;unit&quot;:&quot;px&quot;,&quot;size&quot;:-90,&quot;sizes&quot;:[]},&quot;motion_fx_motion_fx_scrolling&quot;:&quot;yes&quot;,&quot;motion_fx_rotateZ_effect&quot;:&quot;yes&quot;,&quot;motion_fx_rotateZ_speed&quot;:{&quot;unit&quot;:&quot;px&quot;,&quot;size&quot;:7.5,&quot;sizes&quot;:[]},&quot;motion_fx_devices&quot;:[&quot;desktop&quot;,&quot;tablet&quot;],&quot;motion_fx_rotateZ_affectedRange&quot;:{&quot;unit&quot;:&quot;%&quot;,&quot;size&quot;:&quot;&quot;,&quot;sizes&quot;:{&quot;start&quot;:0,&quot;end&quot;:100}},&quot;_transform_rotateZ_effect_laptop&quot;:{&quot;unit&quot;:&quot;deg&quot;,&quot;size&quot;:&quot;&quot;,&quot;sizes&quot;:[]},&quot;_transform_rotateZ_effect_tablet&quot;:{&quot;unit&quot;:&quot;deg&quot;,&quot;size&quot;:&quot;&quot;,&quot;sizes&quot;:[]},&quot;_transform_rotateZ_effect_mobile&quot;:{&quot;unit&quot;:&quot;deg&quot;,&quot;size&quot;:&quot;&quot;,&quot;sizes&quot;:[]}}\" data-widget_type=\"image.default\">\n\t\t\t\t<div class=\"elementor-widget-container\">\n\t\t\t\t\t\t\t\t\t\t\t\t\t\t\t<img loading=\"lazy\" decoding=\"async\" width=\"530\" height=\"530\" src=\"https:\/\/focus-project.eu\/wp-content\/uploads\/2024\/01\/red_gradient_circle.svg\" class=\"attachment-large size-large wp-image-2595\" alt=\"\" \/>\t\t\t\t\t\t\t\t\t\t\t\t\t\t\t<\/div>\n\t\t\t\t<\/div>\n\t\t\t\t<\/div>\n\t\t\t\t\t<\/div>\n\t\t\t\t<\/div>\n\t\t\t\t<\/div>\n\t\t","protected":false},"excerpt":{"rendered":"<p>Podatkovna zbirka OSREDOTO\u010cITE SE na najbolj\u0161e prakse, \u0161tudije primerov in intervjuje Dobrodo\u0161li v podatkovni bazi na\u0161ega projekta! Razi\u0161\u010dite razli\u010dne najbolj\u0161e prakse in \u0161tudije primerov, ki smo jih zbrali za vas, ter izberite tiste, ki ustrezajo va\u0161im specifi\u010dnim potrebam v u\u010dilnici. Preberite si izku\u0161nje sodelujo\u010dih strokovnjakov in njihove lastne pristope k pou\u010devanju tujih jezikov otrokom, starim [&hellip;]<\/p>\n","protected":false},"author":1,"featured_media":0,"parent":0,"menu_order":0,"comment_status":"closed","ping_status":"closed","template":"","meta":{"footnotes":""},"class_list":["post-2630","page","type-page","status-publish","hentry"],"_links":{"self":[{"href":"https:\/\/focus-project.eu\/sl\/wp-json\/wp\/v2\/pages\/2630","targetHints":{"allow":["GET"]}}],"collection":[{"href":"https:\/\/focus-project.eu\/sl\/wp-json\/wp\/v2\/pages"}],"about":[{"href":"https:\/\/focus-project.eu\/sl\/wp-json\/wp\/v2\/types\/page"}],"author":[{"embeddable":true,"href":"https:\/\/focus-project.eu\/sl\/wp-json\/wp\/v2\/users\/1"}],"replies":[{"embeddable":true,"href":"https:\/\/focus-project.eu\/sl\/wp-json\/wp\/v2\/comments?post=2630"}],"version-history":[{"count":12,"href":"https:\/\/focus-project.eu\/sl\/wp-json\/wp\/v2\/pages\/2630\/revisions"}],"predecessor-version":[{"id":11718,"href":"https:\/\/focus-project.eu\/sl\/wp-json\/wp\/v2\/pages\/2630\/revisions\/11718"}],"wp:attachment":[{"href":"https:\/\/focus-project.eu\/sl\/wp-json\/wp\/v2\/media?parent=2630"}],"curies":[{"name":"wp","href":"https:\/\/api.w.org\/{rel}","templated":true}]}}