{"id":13145,"date":"2025-09-04T08:30:00","date_gmt":"2025-09-04T08:30:00","guid":{"rendered":"https:\/\/focus-project.eu\/game-6-orientation-skills-game-sl\/"},"modified":"2026-02-19T13:04:07","modified_gmt":"2026-02-19T13:04:07","slug":"game-6-orientation-skills-game-sl","status":"publish","type":"page","link":"https:\/\/focus-project.eu\/sl\/game-6-orientation-skills-game-sl\/","title":{"rendered":"Game 6: Orientation Skills \/ Game sl"},"content":{"rendered":"\t\t<div data-elementor-type=\"wp-page\" data-elementor-id=\"13145\" class=\"elementor elementor-13145 elementor-8598\" data-elementor-post-type=\"page\">\n\t\t\t\t<div class=\"elementor-element elementor-element-5348dff e-flex e-con-boxed e-con e-parent\" data-id=\"5348dff\" data-element_type=\"container\">\n\t\t\t\t\t<div class=\"e-con-inner\">\n\t\t\t\t<div class=\"elementor-element elementor-element-53ffe55 elementor-widget elementor-widget-spacer\" data-id=\"53ffe55\" data-element_type=\"widget\" data-widget_type=\"spacer.default\">\n\t\t\t\t<div class=\"elementor-widget-container\">\n\t\t\t\t\t\t\t<div class=\"elementor-spacer\">\n\t\t\t<div class=\"elementor-spacer-inner\"><\/div>\n\t\t<\/div>\n\t\t\t\t\t\t<\/div>\n\t\t\t\t<\/div>\n\t\t<div class=\"elementor-element elementor-element-bb57717 e-con-full e-flex e-con e-child\" data-id=\"bb57717\" data-element_type=\"container\">\n\t\t<div class=\"elementor-element elementor-element-5a41dd6 e-con-full e-flex e-con e-child\" data-id=\"5a41dd6\" data-element_type=\"container\">\n\t\t\t\t<div class=\"elementor-element elementor-element-d8ea727 elementor-widget elementor-widget-heading\" data-id=\"d8ea727\" data-element_type=\"widget\" data-widget_type=\"heading.default\">\n\t\t\t\t<div class=\"elementor-widget-container\">\n\t\t\t\t\t<h2 class=\"elementor-heading-title elementor-size-default\">Igra 6: Sposobnosti orientacije<\/h2>\t\t\t\t<\/div>\n\t\t\t\t<\/div>\n\t\t\t\t<div class=\"elementor-element elementor-element-c16e2e8 elementor-widget elementor-widget-text-editor\" data-id=\"c16e2e8\" data-element_type=\"widget\" data-widget_type=\"text-editor.default\">\n\t\t\t\t<div class=\"elementor-widget-container\">\n\t\t\t\t\t\t\t\t\t<p>To je igra za vadbo <strong>orientacijskih ve\u0161\u010din<\/strong>.<\/p>\n<p>Orientiranje pomeni zavedanje o tem, kje se nahajate, kam greste in kako spremljati \u010das in korake. Te ve\u0161\u010dine olaj\u0161ajo \u0161olanje in vsakdanje \u017eivljenje. Z igranjem orientacijskih iger se lahko izbolj\u0161ate v iskanju poti, zapomnitvi smeri in razumevanju zemljevidov ali slik. Pomagajo vam tudi pri na\u010drtovanju dneva, upo\u0161tevanju korakov v pravilnem vrstnem redu in upravljanju \u010dasa. Dobre orientacijske sposobnosti vas naredijo bolj neodvisne in samozavestne, hkrati pa vam pomagajo pri sporazumevanju z drugimi in se po\u010dutite bolj mirni v dru\u017ebenih situacijah.<\/p>\n\t\t\t\t\t\t\t\t<\/div>\n\t\t\t\t<\/div>\n\t\t\t\t<\/div>\n\t\t<div class=\"elementor-element elementor-element-35eaba5 e-flex e-con-boxed e-con e-child\" data-id=\"35eaba5\" data-element_type=\"container\">\n\t\t\t\t\t<div class=\"e-con-inner\">\n\t\t\t\t<div class=\"elementor-element elementor-element-440a776 elementor-widget elementor-widget-image\" data-id=\"440a776\" data-element_type=\"widget\" data-widget_type=\"image.default\">\n\t\t\t\t<div class=\"elementor-widget-container\">\n\t\t\t\t\t\t\t\t\t\t\t\t\t\t\t<img fetchpriority=\"high\" decoding=\"async\" width=\"1200\" height=\"630\" src=\"https:\/\/focus-project.eu\/wp-content\/uploads\/2025\/09\/game_covers-06.jpg\" class=\"attachment-full size-full wp-image-9527\" alt=\"\" srcset=\"https:\/\/focus-project.eu\/wp-content\/uploads\/2025\/09\/game_covers-06.jpg 1200w, https:\/\/focus-project.eu\/wp-content\/uploads\/2025\/09\/game_covers-06-300x158.jpg 300w, https:\/\/focus-project.eu\/wp-content\/uploads\/2025\/09\/game_covers-06-1024x538.jpg 1024w, https:\/\/focus-project.eu\/wp-content\/uploads\/2025\/09\/game_covers-06-768x403.jpg 768w\" sizes=\"(max-width: 1200px) 100vw, 1200px\" \/>\t\t\t\t\t\t\t\t\t\t\t\t\t\t\t<\/div>\n\t\t\t\t<\/div>\n\t\t\t\t\t<\/div>\n\t\t\t\t<\/div>\n\t\t\t\t<\/div>\n\t\t\t\t\t<\/div>\n\t\t\t\t<\/div>\n\t\t<div class=\"elementor-element elementor-element-a84da38 e-flex e-con-boxed e-con e-parent\" data-id=\"a84da38\" data-element_type=\"container\">\n\t\t\t\t\t<div class=\"e-con-inner\">\n\t\t\t\t<div class=\"elementor-element elementor-element-62765dc elementor-widget elementor-widget-spacer\" data-id=\"62765dc\" data-element_type=\"widget\" data-widget_type=\"spacer.default\">\n\t\t\t\t<div class=\"elementor-widget-container\">\n\t\t\t\t\t\t\t<div class=\"elementor-spacer\">\n\t\t\t<div class=\"elementor-spacer-inner\"><\/div>\n\t\t<\/div>\n\t\t\t\t\t\t<\/div>\n\t\t\t\t<\/div>\n\t\t\t\t<div class=\"elementor-element elementor-element-d79f5e3 elementor-widget elementor-widget-heading\" data-id=\"d79f5e3\" data-element_type=\"widget\" data-widget_type=\"heading.default\">\n\t\t\t\t<div class=\"elementor-widget-container\">\n\t\t\t\t\t<h2 class=\"elementor-heading-title elementor-size-default\">Izberite svojo stopnjo<\/h2>\t\t\t\t<\/div>\n\t\t\t\t<\/div>\n\t\t\t\t<div class=\"elementor-element elementor-element-c74df8e elementor-widget elementor-widget-spacer\" data-id=\"c74df8e\" data-element_type=\"widget\" data-widget_type=\"spacer.default\">\n\t\t\t\t<div class=\"elementor-widget-container\">\n\t\t\t\t\t\t\t<div class=\"elementor-spacer\">\n\t\t\t<div class=\"elementor-spacer-inner\"><\/div>\n\t\t<\/div>\n\t\t\t\t\t\t<\/div>\n\t\t\t\t<\/div>\n\t\t\t\t\t<\/div>\n\t\t\t\t<\/div>\n\t\t<div class=\"elementor-element elementor-element-3227c87 e-flex e-con-boxed e-con e-parent\" data-id=\"3227c87\" data-element_type=\"container\">\n\t\t\t\t\t<div class=\"e-con-inner\">\n\t\t<div class=\"elementor-element elementor-element-936abf1 e-flex e-con-boxed e-con e-child\" data-id=\"936abf1\" data-element_type=\"container\">\n\t\t\t\t\t<div class=\"e-con-inner\">\n\t\t<div class=\"elementor-element elementor-element-20b1b70 e-con-full e-flex e-con e-child\" data-id=\"20b1b70\" data-element_type=\"container\">\n\t\t\t\t<div class=\"elementor-element elementor-element-07b1377 elementor-align-justify elementor-mobile-align-justify elementor-widget elementor-widget-button\" data-id=\"07b1377\" data-element_type=\"widget\" data-widget_type=\"button.default\">\n\t\t\t\t<div class=\"elementor-widget-container\">\n\t\t\t\t\t\t\t\t\t<div class=\"elementor-button-wrapper\">\n\t\t\t\t\t<a class=\"elementor-button elementor-button-link elementor-size-sm elementor-animation-shrink\" href=\"https:\/\/focus-project.eu\/sl\/game-6-orientation-skills-game-sl\/game-6-level-1-sl\/\">\n\t\t\t\t\t\t<span class=\"elementor-button-content-wrapper\">\n\t\t\t\t\t\t\t\t\t<span class=\"elementor-button-text\">Stopnja 1<\/span>\n\t\t\t\t\t<\/span>\n\t\t\t\t\t<\/a>\n\t\t\t\t<\/div>\n\t\t\t\t\t\t\t\t<\/div>\n\t\t\t\t<\/div>\n\t\t\t\t<\/div>\n\t\t<div class=\"elementor-element elementor-element-75b5e3f e-con-full e-flex e-con e-child\" data-id=\"75b5e3f\" data-element_type=\"container\">\n\t\t\t\t<div class=\"elementor-element elementor-element-7dd8dbf elementor-align-justify elementor-mobile-align-justify elementor-widget elementor-widget-button\" data-id=\"7dd8dbf\" data-element_type=\"widget\" data-widget_type=\"button.default\">\n\t\t\t\t<div class=\"elementor-widget-container\">\n\t\t\t\t\t\t\t\t\t<div class=\"elementor-button-wrapper\">\n\t\t\t\t\t<a class=\"elementor-button elementor-button-link elementor-size-sm elementor-animation-shrink\" href=\"https:\/\/focus-project.eu\/sl\/game-6-orientation-skills-game-sl\/game-6-level-2-sl\/\">\n\t\t\t\t\t\t<span class=\"elementor-button-content-wrapper\">\n\t\t\t\t\t\t\t\t\t<span class=\"elementor-button-text\">Stopnja 2<\/span>\n\t\t\t\t\t<\/span>\n\t\t\t\t\t<\/a>\n\t\t\t\t<\/div>\n\t\t\t\t\t\t\t\t<\/div>\n\t\t\t\t<\/div>\n\t\t\t\t<\/div>\n\t\t<div class=\"elementor-element elementor-element-b2a5ce9 e-con-full e-flex e-con e-child\" data-id=\"b2a5ce9\" data-element_type=\"container\">\n\t\t\t\t<div class=\"elementor-element elementor-element-806ec7f elementor-align-justify elementor-mobile-align-justify elementor-widget elementor-widget-button\" data-id=\"806ec7f\" data-element_type=\"widget\" data-widget_type=\"button.default\">\n\t\t\t\t<div class=\"elementor-widget-container\">\n\t\t\t\t\t\t\t\t\t<div class=\"elementor-button-wrapper\">\n\t\t\t\t\t<a class=\"elementor-button elementor-button-link elementor-size-sm elementor-animation-shrink\" href=\"https:\/\/focus-project.eu\/sl\/game-6-orientation-skills-game-sl\/game-6-level-3-sl\/\">\n\t\t\t\t\t\t<span class=\"elementor-button-content-wrapper\">\n\t\t\t\t\t\t\t\t\t<span class=\"elementor-button-text\">Stopnja 3<\/span>\n\t\t\t\t\t<\/span>\n\t\t\t\t\t<\/a>\n\t\t\t\t<\/div>\n\t\t\t\t\t\t\t\t<\/div>\n\t\t\t\t<\/div>\n\t\t\t\t<\/div>\n\t\t\t\t\t<\/div>\n\t\t\t\t<\/div>\n\t\t\t\t\t<\/div>\n\t\t\t\t<\/div>\n\t\t<div class=\"elementor-element elementor-element-f00ff82 e-flex e-con-boxed e-con e-parent\" data-id=\"f00ff82\" data-element_type=\"container\">\n\t\t\t\t\t<div class=\"e-con-inner\">\n\t\t\t\t<div class=\"elementor-element elementor-element-d6bca5c elementor-widget elementor-widget-spacer\" data-id=\"d6bca5c\" data-element_type=\"widget\" data-widget_type=\"spacer.default\">\n\t\t\t\t<div class=\"elementor-widget-container\">\n\t\t\t\t\t\t\t<div class=\"elementor-spacer\">\n\t\t\t<div class=\"elementor-spacer-inner\"><\/div>\n\t\t<\/div>\n\t\t\t\t\t\t<\/div>\n\t\t\t\t<\/div>\n\t\t\t\t<div class=\"elementor-element elementor-element-108d049 elementor-align-center elementor-mobile-align-justify elementor-widget elementor-widget-button\" data-id=\"108d049\" data-element_type=\"widget\" data-widget_type=\"button.default\">\n\t\t\t\t<div class=\"elementor-widget-container\">\n\t\t\t\t\t\t\t\t\t<div class=\"elementor-button-wrapper\">\n\t\t\t\t\t<a class=\"elementor-button elementor-button-link elementor-size-sm elementor-animation-shrink\" href=\"https:\/\/focus-project.eu\/sl\/all-games-sl\/\">\n\t\t\t\t\t\t<span class=\"elementor-button-content-wrapper\">\n\t\t\t\t\t\t<span class=\"elementor-button-icon\">\n\t\t\t\t<svg aria-hidden=\"true\" class=\"e-font-icon-svg e-far-arrow-alt-circle-left\" viewBox=\"0 0 512 512\" xmlns=\"http:\/\/www.w3.org\/2000\/svg\"><path d=\"M8 256c0 137 111 248 248 248s248-111 248-248S393 8 256 8 8 119 8 256zm448 0c0 110.5-89.5 200-200 200S56 366.5 56 256 145.5 56 256 56s200 89.5 200 200zm-72-20v40c0 6.6-5.4 12-12 12H256v67c0 10.7-12.9 16-20.5 8.5l-99-99c-4.7-4.7-4.7-12.3 0-17l99-99c7.6-7.6 20.5-2.2 20.5 8.5v67h116c6.6 0 12 5.4 12 12z\"><\/path><\/svg>\t\t\t<\/span>\n\t\t\t\t\t\t\t\t\t<span class=\"elementor-button-text\">Nazaj k igram<\/span>\n\t\t\t\t\t<\/span>\n\t\t\t\t\t<\/a>\n\t\t\t\t<\/div>\n\t\t\t\t\t\t\t\t<\/div>\n\t\t\t\t<\/div>\n\t\t\t\t<div class=\"elementor-element elementor-element-9fa8791 elementor-widget elementor-widget-spacer\" data-id=\"9fa8791\" data-element_type=\"widget\" data-widget_type=\"spacer.default\">\n\t\t\t\t<div class=\"elementor-widget-container\">\n\t\t\t\t\t\t\t<div class=\"elementor-spacer\">\n\t\t\t<div class=\"elementor-spacer-inner\"><\/div>\n\t\t<\/div>\n\t\t\t\t\t\t<\/div>\n\t\t\t\t<\/div>\n\t\t\t\t\t<\/div>\n\t\t\t\t<\/div>\n\t\t\t\t<\/div>\n\t\t","protected":false},"excerpt":{"rendered":"<p>Igra 6: Sposobnosti orientacije To je igra za vadbo orientacijskih ve\u0161\u010din. Orientiranje pomeni zavedanje o tem, kje se nahajate, kam greste in kako spremljati \u010das in korake. Te ve\u0161\u010dine olaj\u0161ajo \u0161olanje in vsakdanje \u017eivljenje. Z igranjem orientacijskih iger se lahko izbolj\u0161ate v iskanju poti, zapomnitvi smeri in razumevanju zemljevidov ali slik. Pomagajo vam tudi pri [&hellip;]<\/p>\n","protected":false},"author":4,"featured_media":9527,"parent":0,"menu_order":0,"comment_status":"closed","ping_status":"closed","template":"","meta":{"footnotes":""},"class_list":["post-13145","page","type-page","status-publish","has-post-thumbnail","hentry"],"_links":{"self":[{"href":"https:\/\/focus-project.eu\/sl\/wp-json\/wp\/v2\/pages\/13145","targetHints":{"allow":["GET"]}}],"collection":[{"href":"https:\/\/focus-project.eu\/sl\/wp-json\/wp\/v2\/pages"}],"about":[{"href":"https:\/\/focus-project.eu\/sl\/wp-json\/wp\/v2\/types\/page"}],"author":[{"embeddable":true,"href":"https:\/\/focus-project.eu\/sl\/wp-json\/wp\/v2\/users\/4"}],"replies":[{"embeddable":true,"href":"https:\/\/focus-project.eu\/sl\/wp-json\/wp\/v2\/comments?post=13145"}],"version-history":[{"count":7,"href":"https:\/\/focus-project.eu\/sl\/wp-json\/wp\/v2\/pages\/13145\/revisions"}],"predecessor-version":[{"id":13242,"href":"https:\/\/focus-project.eu\/sl\/wp-json\/wp\/v2\/pages\/13145\/revisions\/13242"}],"wp:featuredmedia":[{"embeddable":true,"href":"https:\/\/focus-project.eu\/sl\/wp-json\/wp\/v2\/media\/9527"}],"wp:attachment":[{"href":"https:\/\/focus-project.eu\/sl\/wp-json\/wp\/v2\/media?parent=13145"}],"curies":[{"name":"wp","href":"https:\/\/api.w.org\/{rel}","templated":true}]}}