{"id":12977,"date":"2025-09-04T08:28:02","date_gmt":"2025-09-04T08:28:02","guid":{"rendered":"https:\/\/focus-project.eu\/game-1-phonological-skills-sl\/"},"modified":"2026-02-19T12:44:42","modified_gmt":"2026-02-19T12:44:42","slug":"game-1-phonological-skills-sl","status":"publish","type":"page","link":"https:\/\/focus-project.eu\/sl\/game-1-phonological-skills-sl\/","title":{"rendered":"Game 1: Phonological Skills sl"},"content":{"rendered":"\t\t<div data-elementor-type=\"wp-page\" data-elementor-id=\"12977\" class=\"elementor elementor-12977 elementor-8588\" data-elementor-post-type=\"page\">\n\t\t\t\t<div class=\"elementor-element elementor-element-4e0723e e-flex e-con-boxed e-con e-parent\" data-id=\"4e0723e\" data-element_type=\"container\">\n\t\t\t\t\t<div class=\"e-con-inner\">\n\t\t\t\t<div class=\"elementor-element elementor-element-e130020 elementor-widget elementor-widget-spacer\" data-id=\"e130020\" data-element_type=\"widget\" data-widget_type=\"spacer.default\">\n\t\t\t\t<div class=\"elementor-widget-container\">\n\t\t\t\t\t\t\t<div class=\"elementor-spacer\">\n\t\t\t<div class=\"elementor-spacer-inner\"><\/div>\n\t\t<\/div>\n\t\t\t\t\t\t<\/div>\n\t\t\t\t<\/div>\n\t\t<div class=\"elementor-element elementor-element-8676eee e-con-full e-flex e-con e-child\" data-id=\"8676eee\" data-element_type=\"container\">\n\t\t<div class=\"elementor-element elementor-element-b6e5332 e-con-full e-flex e-con e-child\" data-id=\"b6e5332\" data-element_type=\"container\">\n\t\t\t\t<div class=\"elementor-element elementor-element-492c06f elementor-widget elementor-widget-heading\" data-id=\"492c06f\" data-element_type=\"widget\" data-widget_type=\"heading.default\">\n\t\t\t\t<div class=\"elementor-widget-container\">\n\t\t\t\t\t<h2 class=\"elementor-heading-title elementor-size-default\">Igra 1: Glasovne (fonolo\u0161ke) spretnosti<\/h2>\t\t\t\t<\/div>\n\t\t\t\t<\/div>\n\t\t\t\t<div class=\"elementor-element elementor-element-5d46ca5 elementor-widget elementor-widget-text-editor\" data-id=\"5d46ca5\" data-element_type=\"widget\" data-widget_type=\"text-editor.default\">\n\t\t\t\t<div class=\"elementor-widget-container\">\n\t\t\t\t\t\t\t\t\t<p>To je igra za izbolj\u0161anje <strong>glasovnih spretnosti<\/strong>.<\/p>\n<p>Glasovne spretnosti nam pomagajo igrati se z zvoki besed. Ko lahko sli\u0161i\u0161, raz\u010dleni\u0161 in sestavi\u0161 zvoke, je la\u017eje brati in pisati nove besede. Za otroke, ki imajo v\u010dasih te\u017eave z branjem, na primer tiste z disleksijo, so te spretnosti \u0161e posebej koristne. Z vadbo glasovnih spretnosti se nau\u010dite, kako <strong>razvozlati besede, <\/strong>bolj <strong>teko\u010de<\/strong> brati in bolje razumeti zgodbe. Ve\u010d kot vadite, la\u017eje je brati, govoriti in celo pisati. S to igro postane u\u010denje zabavno, vsak zvok pa vas pribli\u017ea uspehu!<\/p>\n\t\t\t\t\t\t\t\t<\/div>\n\t\t\t\t<\/div>\n\t\t\t\t<\/div>\n\t\t<div class=\"elementor-element elementor-element-88f5d08 e-flex e-con-boxed e-con e-child\" data-id=\"88f5d08\" data-element_type=\"container\">\n\t\t\t\t\t<div class=\"e-con-inner\">\n\t\t\t\t<div class=\"elementor-element elementor-element-44ec5ba elementor-widget elementor-widget-image\" data-id=\"44ec5ba\" data-element_type=\"widget\" data-widget_type=\"image.default\">\n\t\t\t\t<div class=\"elementor-widget-container\">\n\t\t\t\t\t\t\t\t\t\t\t\t\t\t\t<img fetchpriority=\"high\" decoding=\"async\" width=\"1200\" height=\"630\" src=\"https:\/\/focus-project.eu\/wp-content\/uploads\/2025\/09\/game_covers-01.jpg\" class=\"attachment-full size-full wp-image-9466\" alt=\"\" srcset=\"https:\/\/focus-project.eu\/wp-content\/uploads\/2025\/09\/game_covers-01.jpg 1200w, https:\/\/focus-project.eu\/wp-content\/uploads\/2025\/09\/game_covers-01-300x158.jpg 300w, https:\/\/focus-project.eu\/wp-content\/uploads\/2025\/09\/game_covers-01-1024x538.jpg 1024w, https:\/\/focus-project.eu\/wp-content\/uploads\/2025\/09\/game_covers-01-768x403.jpg 768w\" sizes=\"(max-width: 1200px) 100vw, 1200px\" \/>\t\t\t\t\t\t\t\t\t\t\t\t\t\t\t<\/div>\n\t\t\t\t<\/div>\n\t\t\t\t\t<\/div>\n\t\t\t\t<\/div>\n\t\t\t\t<\/div>\n\t\t\t\t\t<\/div>\n\t\t\t\t<\/div>\n\t\t<div class=\"elementor-element elementor-element-1ab3398 e-flex e-con-boxed e-con e-parent\" data-id=\"1ab3398\" data-element_type=\"container\">\n\t\t\t\t\t<div class=\"e-con-inner\">\n\t\t\t\t<div class=\"elementor-element elementor-element-debbaac elementor-widget elementor-widget-spacer\" data-id=\"debbaac\" data-element_type=\"widget\" data-widget_type=\"spacer.default\">\n\t\t\t\t<div class=\"elementor-widget-container\">\n\t\t\t\t\t\t\t<div class=\"elementor-spacer\">\n\t\t\t<div class=\"elementor-spacer-inner\"><\/div>\n\t\t<\/div>\n\t\t\t\t\t\t<\/div>\n\t\t\t\t<\/div>\n\t\t\t\t<div class=\"elementor-element elementor-element-aaaafb0 elementor-widget elementor-widget-heading\" data-id=\"aaaafb0\" data-element_type=\"widget\" data-widget_type=\"heading.default\">\n\t\t\t\t<div class=\"elementor-widget-container\">\n\t\t\t\t\t<h2 class=\"elementor-heading-title elementor-size-default\">Izberite svojo stopnjo<\/h2>\t\t\t\t<\/div>\n\t\t\t\t<\/div>\n\t\t\t\t<div class=\"elementor-element elementor-element-329c3f2 elementor-widget elementor-widget-spacer\" data-id=\"329c3f2\" data-element_type=\"widget\" data-widget_type=\"spacer.default\">\n\t\t\t\t<div class=\"elementor-widget-container\">\n\t\t\t\t\t\t\t<div class=\"elementor-spacer\">\n\t\t\t<div class=\"elementor-spacer-inner\"><\/div>\n\t\t<\/div>\n\t\t\t\t\t\t<\/div>\n\t\t\t\t<\/div>\n\t\t\t\t\t<\/div>\n\t\t\t\t<\/div>\n\t\t<div class=\"elementor-element elementor-element-66a9250 e-flex e-con-boxed e-con e-parent\" data-id=\"66a9250\" data-element_type=\"container\">\n\t\t\t\t\t<div class=\"e-con-inner\">\n\t\t<div class=\"elementor-element elementor-element-f2fc016 e-con-full e-flex e-con e-child\" data-id=\"f2fc016\" data-element_type=\"container\">\n\t\t<div class=\"elementor-element elementor-element-0f37102 e-con-full e-flex e-con e-child\" data-id=\"0f37102\" data-element_type=\"container\">\n\t\t\t\t<div class=\"elementor-element elementor-element-cebe76b elementor-align-justify elementor-mobile-align-justify elementor-widget elementor-widget-button\" data-id=\"cebe76b\" data-element_type=\"widget\" data-widget_type=\"button.default\">\n\t\t\t\t<div class=\"elementor-widget-container\">\n\t\t\t\t\t\t\t\t\t<div class=\"elementor-button-wrapper\">\n\t\t\t\t\t<a class=\"elementor-button elementor-button-link elementor-size-sm elementor-animation-shrink\" href=\"https:\/\/focus-project.eu\/sl\/game-1-phonological-skills-sl\/game-1-level-1-sl\/\">\n\t\t\t\t\t\t<span class=\"elementor-button-content-wrapper\">\n\t\t\t\t\t\t\t\t\t<span class=\"elementor-button-text\">Stopnja 1<\/span>\n\t\t\t\t\t<\/span>\n\t\t\t\t\t<\/a>\n\t\t\t\t<\/div>\n\t\t\t\t\t\t\t\t<\/div>\n\t\t\t\t<\/div>\n\t\t\t\t<\/div>\n\t\t<div class=\"elementor-element elementor-element-e42d90e e-con-full e-flex e-con e-child\" data-id=\"e42d90e\" data-element_type=\"container\">\n\t\t\t\t<div class=\"elementor-element elementor-element-d9f55a0 elementor-align-justify elementor-mobile-align-justify elementor-widget elementor-widget-button\" data-id=\"d9f55a0\" data-element_type=\"widget\" data-widget_type=\"button.default\">\n\t\t\t\t<div class=\"elementor-widget-container\">\n\t\t\t\t\t\t\t\t\t<div class=\"elementor-button-wrapper\">\n\t\t\t\t\t<a class=\"elementor-button elementor-button-link elementor-size-sm elementor-animation-shrink\" href=\"https:\/\/focus-project.eu\/sl\/game-1-phonological-skills-sl\/game-1-level-2-sl\/\">\n\t\t\t\t\t\t<span class=\"elementor-button-content-wrapper\">\n\t\t\t\t\t\t\t\t\t<span class=\"elementor-button-text\">Stopnja 2<\/span>\n\t\t\t\t\t<\/span>\n\t\t\t\t\t<\/a>\n\t\t\t\t<\/div>\n\t\t\t\t\t\t\t\t<\/div>\n\t\t\t\t<\/div>\n\t\t\t\t<\/div>\n\t\t<div class=\"elementor-element elementor-element-aac7a65 e-con-full e-flex e-con e-child\" data-id=\"aac7a65\" data-element_type=\"container\">\n\t\t\t\t<div class=\"elementor-element elementor-element-d9f7926 elementor-align-justify elementor-mobile-align-justify elementor-widget elementor-widget-button\" data-id=\"d9f7926\" data-element_type=\"widget\" data-widget_type=\"button.default\">\n\t\t\t\t<div class=\"elementor-widget-container\">\n\t\t\t\t\t\t\t\t\t<div class=\"elementor-button-wrapper\">\n\t\t\t\t\t<a class=\"elementor-button elementor-button-link elementor-size-sm elementor-animation-shrink\" href=\"https:\/\/focus-project.eu\/sl\/game-1-phonological-skills-sl\/game-1-level-3-sl\/\">\n\t\t\t\t\t\t<span class=\"elementor-button-content-wrapper\">\n\t\t\t\t\t\t\t\t\t<span class=\"elementor-button-text\">Stopnja 3<\/span>\n\t\t\t\t\t<\/span>\n\t\t\t\t\t<\/a>\n\t\t\t\t<\/div>\n\t\t\t\t\t\t\t\t<\/div>\n\t\t\t\t<\/div>\n\t\t\t\t<\/div>\n\t\t\t\t<\/div>\n\t\t\t\t\t<\/div>\n\t\t\t\t<\/div>\n\t\t<div class=\"elementor-element elementor-element-87c23d6 e-flex e-con-boxed e-con e-parent\" data-id=\"87c23d6\" data-element_type=\"container\">\n\t\t\t\t\t<div class=\"e-con-inner\">\n\t\t\t\t<div class=\"elementor-element elementor-element-28196d3 elementor-widget elementor-widget-spacer\" data-id=\"28196d3\" data-element_type=\"widget\" data-widget_type=\"spacer.default\">\n\t\t\t\t<div class=\"elementor-widget-container\">\n\t\t\t\t\t\t\t<div class=\"elementor-spacer\">\n\t\t\t<div class=\"elementor-spacer-inner\"><\/div>\n\t\t<\/div>\n\t\t\t\t\t\t<\/div>\n\t\t\t\t<\/div>\n\t\t\t\t<div class=\"elementor-element elementor-element-ae75a19 elementor-align-center elementor-mobile-align-justify elementor-widget elementor-widget-button\" data-id=\"ae75a19\" data-element_type=\"widget\" data-widget_type=\"button.default\">\n\t\t\t\t<div class=\"elementor-widget-container\">\n\t\t\t\t\t\t\t\t\t<div class=\"elementor-button-wrapper\">\n\t\t\t\t\t<a class=\"elementor-button elementor-button-link elementor-size-sm elementor-animation-shrink\" href=\"https:\/\/focus-project.eu\/sl\/all-games-sl\/\">\n\t\t\t\t\t\t<span class=\"elementor-button-content-wrapper\">\n\t\t\t\t\t\t<span class=\"elementor-button-icon\">\n\t\t\t\t<svg aria-hidden=\"true\" class=\"e-font-icon-svg e-far-arrow-alt-circle-left\" viewBox=\"0 0 512 512\" xmlns=\"http:\/\/www.w3.org\/2000\/svg\"><path d=\"M8 256c0 137 111 248 248 248s248-111 248-248S393 8 256 8 8 119 8 256zm448 0c0 110.5-89.5 200-200 200S56 366.5 56 256 145.5 56 256 56s200 89.5 200 200zm-72-20v40c0 6.6-5.4 12-12 12H256v67c0 10.7-12.9 16-20.5 8.5l-99-99c-4.7-4.7-4.7-12.3 0-17l99-99c7.6-7.6 20.5-2.2 20.5 8.5v67h116c6.6 0 12 5.4 12 12z\"><\/path><\/svg>\t\t\t<\/span>\n\t\t\t\t\t\t\t\t\t<span class=\"elementor-button-text\">Nazaj k igram<\/span>\n\t\t\t\t\t<\/span>\n\t\t\t\t\t<\/a>\n\t\t\t\t<\/div>\n\t\t\t\t\t\t\t\t<\/div>\n\t\t\t\t<\/div>\n\t\t\t\t<div class=\"elementor-element elementor-element-e456049 elementor-widget elementor-widget-spacer\" data-id=\"e456049\" data-element_type=\"widget\" data-widget_type=\"spacer.default\">\n\t\t\t\t<div class=\"elementor-widget-container\">\n\t\t\t\t\t\t\t<div class=\"elementor-spacer\">\n\t\t\t<div class=\"elementor-spacer-inner\"><\/div>\n\t\t<\/div>\n\t\t\t\t\t\t<\/div>\n\t\t\t\t<\/div>\n\t\t\t\t\t<\/div>\n\t\t\t\t<\/div>\n\t\t\t\t<\/div>\n\t\t","protected":false},"excerpt":{"rendered":"<p>Igra 1: Glasovne (fonolo\u0161ke) spretnosti To je igra za izbolj\u0161anje glasovnih spretnosti. Glasovne spretnosti nam pomagajo igrati se z zvoki besed. Ko lahko sli\u0161i\u0161, raz\u010dleni\u0161 in sestavi\u0161 zvoke, je la\u017eje brati in pisati nove besede. Za otroke, ki imajo v\u010dasih te\u017eave z branjem, na primer tiste z disleksijo, so te spretnosti \u0161e posebej koristne. Z [&hellip;]<\/p>\n","protected":false},"author":4,"featured_media":9466,"parent":0,"menu_order":0,"comment_status":"closed","ping_status":"closed","template":"","meta":{"footnotes":""},"class_list":["post-12977","page","type-page","status-publish","has-post-thumbnail","hentry"],"_links":{"self":[{"href":"https:\/\/focus-project.eu\/sl\/wp-json\/wp\/v2\/pages\/12977","targetHints":{"allow":["GET"]}}],"collection":[{"href":"https:\/\/focus-project.eu\/sl\/wp-json\/wp\/v2\/pages"}],"about":[{"href":"https:\/\/focus-project.eu\/sl\/wp-json\/wp\/v2\/types\/page"}],"author":[{"embeddable":true,"href":"https:\/\/focus-project.eu\/sl\/wp-json\/wp\/v2\/users\/4"}],"replies":[{"embeddable":true,"href":"https:\/\/focus-project.eu\/sl\/wp-json\/wp\/v2\/comments?post=12977"}],"version-history":[{"count":7,"href":"https:\/\/focus-project.eu\/sl\/wp-json\/wp\/v2\/pages\/12977\/revisions"}],"predecessor-version":[{"id":13182,"href":"https:\/\/focus-project.eu\/sl\/wp-json\/wp\/v2\/pages\/12977\/revisions\/13182"}],"wp:featuredmedia":[{"embeddable":true,"href":"https:\/\/focus-project.eu\/sl\/wp-json\/wp\/v2\/media\/9466"}],"wp:attachment":[{"href":"https:\/\/focus-project.eu\/sl\/wp-json\/wp\/v2\/media?parent=12977"}],"curies":[{"name":"wp","href":"https:\/\/api.w.org\/{rel}","templated":true}]}}