{"id":12664,"date":"2025-09-04T12:13:07","date_gmt":"2025-09-04T12:13:07","guid":{"rendered":"https:\/\/focus-project.eu\/game-6-orientation-skills-game-lt\/game-6-level-3-lt\/game-6-level-3-skills-lt\/"},"modified":"2026-02-10T12:26:54","modified_gmt":"2026-02-10T12:26:54","slug":"game-6-level-3-skills-lt","status":"publish","type":"page","link":"https:\/\/focus-project.eu\/lt\/game-6-orientation-skills-game-lt\/game-6-level-3-lt\/game-6-level-3-skills-lt\/","title":{"rendered":"Game 6: Level 3 \u2013 Skills LT"},"content":{"rendered":"\t\t<div data-elementor-type=\"wp-page\" data-elementor-id=\"12664\" class=\"elementor elementor-12664 elementor-8696\" data-elementor-post-type=\"page\">\n\t\t\t\t<div class=\"elementor-element elementor-element-d0738e0 e-flex e-con-boxed e-con e-parent\" data-id=\"d0738e0\" data-element_type=\"container\">\n\t\t\t\t\t<div class=\"e-con-inner\">\n\t\t\t\t<div class=\"elementor-element elementor-element-e5c850d elementor-widget elementor-widget-spacer\" data-id=\"e5c850d\" data-element_type=\"widget\" data-widget_type=\"spacer.default\">\n\t\t\t\t<div class=\"elementor-widget-container\">\n\t\t\t\t\t\t\t<div class=\"elementor-spacer\">\n\t\t\t<div class=\"elementor-spacer-inner\"><\/div>\n\t\t<\/div>\n\t\t\t\t\t\t<\/div>\n\t\t\t\t<\/div>\n\t\t\t\t<div class=\"elementor-element elementor-element-9aab1d5 elementor-widget elementor-widget-heading\" data-id=\"9aab1d5\" data-element_type=\"widget\" data-widget_type=\"heading.default\">\n\t\t\t\t<div class=\"elementor-widget-container\">\n\t\t\t\t\t<h2 class=\"elementor-heading-title elementor-size-default\">6 \u017eaidimas: Orientavimosi \u012fg\u016bd\u017eiai<\/h2>\t\t\t\t<\/div>\n\t\t\t\t<\/div>\n\t\t\t\t<div class=\"elementor-element elementor-element-d444555 elementor-widget elementor-widget-heading\" data-id=\"d444555\" data-element_type=\"widget\" data-widget_type=\"heading.default\">\n\t\t\t\t<div class=\"elementor-widget-container\">\n\t\t\t\t\t<h4 class=\"elementor-heading-title elementor-size-default\">3 lygis - \u012eg\u016bd\u017eiai<\/h4>\t\t\t\t<\/div>\n\t\t\t\t<\/div>\n\t\t\t\t<div class=\"elementor-element elementor-element-f4c2497 elementor-widget elementor-widget-spacer\" data-id=\"f4c2497\" data-element_type=\"widget\" data-widget_type=\"spacer.default\">\n\t\t\t\t<div class=\"elementor-widget-container\">\n\t\t\t\t\t\t\t<div class=\"elementor-spacer\">\n\t\t\t<div class=\"elementor-spacer-inner\"><\/div>\n\t\t<\/div>\n\t\t\t\t\t\t<\/div>\n\t\t\t\t<\/div>\n\t\t\t\t<div class=\"elementor-element elementor-element-37989a5 elementor-widget elementor-widget-text-editor\" data-id=\"37989a5\" data-element_type=\"widget\" data-widget_type=\"text-editor.default\">\n\t\t\t\t<div class=\"elementor-widget-container\">\n\t\t\t\t\t\t\t\t\t<p><em>Sekite rodykles \u017eem\u0117lapyje, kad rastum\u0117te teising\u0105 atsakym\u0105.<\/em><\/p>\n\t\t\t\t\t\t\t\t<\/div>\n\t\t\t\t<\/div>\n\t\t\t\t\t<\/div>\n\t\t\t\t<\/div>\n\t\t<div class=\"elementor-element elementor-element-db1ebab e-flex e-con-boxed e-con e-parent\" data-id=\"db1ebab\" data-element_type=\"container\">\n\t\t\t\t\t<div class=\"e-con-inner\">\n\t\t<div class=\"elementor-element elementor-element-0d9f22a e-con-full e-flex e-con e-child\" data-id=\"0d9f22a\" data-element_type=\"container\" data-settings=\"{&quot;background_background&quot;:&quot;classic&quot;}\">\n\t\t<div class=\"elementor-element elementor-element-468ddf5 e-con-full e-flex e-con e-child\" data-id=\"468ddf5\" data-element_type=\"container\">\n\t\t\t\t<div class=\"elementor-element elementor-element-a73f17d elementor-widget elementor-widget-image\" data-id=\"a73f17d\" data-element_type=\"widget\" data-widget_type=\"image.default\">\n\t\t\t\t<div class=\"elementor-widget-container\">\n\t\t\t\t\t\t\t\t\t\t\t\t\t\t\t\t<a href=\"https:\/\/focus-project.eu\/wp-content\/uploads\/2025\/09\/Level_3_skills_mapA.jpg\" data-elementor-open-lightbox=\"yes\" data-e-action-hash=\"#elementor-action%3Aaction%3Dlightbox%26settings%3DeyJpZCI6OTQ1NSwidXJsIjoiaHR0cHM6XC9cL2ZvY3VzLXByb2plY3QuZXVcL3dwLWNvbnRlbnRcL3VwbG9hZHNcLzIwMjVcLzA5XC9MZXZlbF8zX3NraWxsc19tYXBBLmpwZyJ9\">\n\t\t\t\t\t\t\t<img fetchpriority=\"high\" decoding=\"async\" width=\"1280\" height=\"800\" src=\"https:\/\/focus-project.eu\/wp-content\/uploads\/2025\/09\/Level_3_skills_mapA.jpg\" class=\"attachment-full size-full wp-image-9455\" alt=\"\" srcset=\"https:\/\/focus-project.eu\/wp-content\/uploads\/2025\/09\/Level_3_skills_mapA.jpg 1280w, https:\/\/focus-project.eu\/wp-content\/uploads\/2025\/09\/Level_3_skills_mapA-300x188.jpg 300w, https:\/\/focus-project.eu\/wp-content\/uploads\/2025\/09\/Level_3_skills_mapA-1024x640.jpg 1024w, https:\/\/focus-project.eu\/wp-content\/uploads\/2025\/09\/Level_3_skills_mapA-768x480.jpg 768w\" sizes=\"(max-width: 1280px) 100vw, 1280px\" \/>\t\t\t\t\t\t\t\t<\/a>\n\t\t\t\t\t\t\t\t\t\t\t\t\t\t\t<\/div>\n\t\t\t\t<\/div>\n\t\t\t\t<\/div>\n\t\t<div class=\"elementor-element elementor-element-30a265a e-con-full e-flex e-con e-child\" data-id=\"30a265a\" data-element_type=\"container\" data-settings=\"{&quot;background_background&quot;:&quot;classic&quot;}\">\n\t\t\t\t<div class=\"elementor-element elementor-element-3f08495 elementor-widget elementor-widget-shortcode\" data-id=\"3f08495\" data-element_type=\"widget\" data-widget_type=\"shortcode.default\">\n\t\t\t\t<div class=\"elementor-widget-container\">\n\t\t\t\t\t\t\t<div class=\"elementor-shortcode\"><div class=\"h5p-iframe-wrapper\"><iframe id=\"h5p-iframe-342\" class=\"h5p-iframe\" data-content-id=\"342\" style=\"height:1px\" src=\"about:blank\" frameBorder=\"0\" scrolling=\"no\" title=\"LT_Skills_Game_6_Level_3\"><\/iframe><\/div><\/div>\n\t\t\t\t\t\t<\/div>\n\t\t\t\t<\/div>\n\t\t\t\t<\/div>\n\t\t\t\t<\/div>\n\t\t\t\t<div class=\"elementor-element elementor-element-af8f072 elementor-widget elementor-widget-spacer\" data-id=\"af8f072\" data-element_type=\"widget\" data-widget_type=\"spacer.default\">\n\t\t\t\t<div class=\"elementor-widget-container\">\n\t\t\t\t\t\t\t<div class=\"elementor-spacer\">\n\t\t\t<div class=\"elementor-spacer-inner\"><\/div>\n\t\t<\/div>\n\t\t\t\t\t\t<\/div>\n\t\t\t\t<\/div>\n\t\t<div class=\"elementor-element elementor-element-b080a7c e-con-full e-flex e-con e-child\" data-id=\"b080a7c\" data-element_type=\"container\">\n\t\t\t\t<div class=\"elementor-element elementor-element-423a8ea elementor-align-center elementor-tablet-align-center elementor-widget elementor-widget-button\" data-id=\"423a8ea\" data-element_type=\"widget\" data-widget_type=\"button.default\">\n\t\t\t\t<div class=\"elementor-widget-container\">\n\t\t\t\t\t\t\t\t\t<div class=\"elementor-button-wrapper\">\n\t\t\t\t\t<a class=\"elementor-button elementor-button-link elementor-size-sm elementor-animation-shrink\" href=\"https:\/\/focus-project.eu\/lt\/game-6-orientation-skills-game-lt\/game-6-level-3-lt\/\">\n\t\t\t\t\t\t<span class=\"elementor-button-content-wrapper\">\n\t\t\t\t\t\t\t\t\t<span class=\"elementor-button-text\">Keisti tip\u0105<\/span>\n\t\t\t\t\t<\/span>\n\t\t\t\t\t<\/a>\n\t\t\t\t<\/div>\n\t\t\t\t\t\t\t\t<\/div>\n\t\t\t\t<\/div>\n\t\t\t\t<div class=\"elementor-element elementor-element-6d3ef93 elementor-align-center elementor-tablet-align-center elementor-widget elementor-widget-button\" data-id=\"6d3ef93\" data-element_type=\"widget\" data-widget_type=\"button.default\">\n\t\t\t\t<div class=\"elementor-widget-container\">\n\t\t\t\t\t\t\t\t\t<div class=\"elementor-button-wrapper\">\n\t\t\t\t\t<a class=\"elementor-button elementor-button-link elementor-size-sm elementor-animation-shrink\" href=\"https:\/\/focus-project.eu\/lt\/game-6-orientation-skills-game-lt\/\">\n\t\t\t\t\t\t<span class=\"elementor-button-content-wrapper\">\n\t\t\t\t\t\t\t\t\t<span class=\"elementor-button-text\">Keisti lyg\u012f<\/span>\n\t\t\t\t\t<\/span>\n\t\t\t\t\t<\/a>\n\t\t\t\t<\/div>\n\t\t\t\t\t\t\t\t<\/div>\n\t\t\t\t<\/div>\n\t\t\t\t<\/div>\n\t\t\t\t<div class=\"elementor-element elementor-element-bc7e688 elementor-widget elementor-widget-spacer\" data-id=\"bc7e688\" data-element_type=\"widget\" data-widget_type=\"spacer.default\">\n\t\t\t\t<div class=\"elementor-widget-container\">\n\t\t\t\t\t\t\t<div class=\"elementor-spacer\">\n\t\t\t<div class=\"elementor-spacer-inner\"><\/div>\n\t\t<\/div>\n\t\t\t\t\t\t<\/div>\n\t\t\t\t<\/div>\n\t\t\t\t\t<\/div>\n\t\t\t\t<\/div>\n\t\t\t\t<\/div>\n\t\t","protected":false},"excerpt":{"rendered":"<p>6 \u017eaidimas: Orientavimosi \u012fg\u016bd\u017eiai 3 lygis &#8211; \u012eg\u016bd\u017eiai Sekite rodykles \u017eem\u0117lapyje, kad rastum\u0117te teising\u0105 atsakym\u0105. Keisti tip\u0105 Keisti lyg\u012f<\/p>\n","protected":false},"author":4,"featured_media":0,"parent":12658,"menu_order":0,"comment_status":"closed","ping_status":"closed","template":"","meta":{"footnotes":""},"class_list":["post-12664","page","type-page","status-publish","hentry"],"_links":{"self":[{"href":"https:\/\/focus-project.eu\/lt\/wp-json\/wp\/v2\/pages\/12664","targetHints":{"allow":["GET"]}}],"collection":[{"href":"https:\/\/focus-project.eu\/lt\/wp-json\/wp\/v2\/pages"}],"about":[{"href":"https:\/\/focus-project.eu\/lt\/wp-json\/wp\/v2\/types\/page"}],"author":[{"embeddable":true,"href":"https:\/\/focus-project.eu\/lt\/wp-json\/wp\/v2\/users\/4"}],"replies":[{"embeddable":true,"href":"https:\/\/focus-project.eu\/lt\/wp-json\/wp\/v2\/comments?post=12664"}],"version-history":[{"count":1,"href":"https:\/\/focus-project.eu\/lt\/wp-json\/wp\/v2\/pages\/12664\/revisions"}],"predecessor-version":[{"id":12665,"href":"https:\/\/focus-project.eu\/lt\/wp-json\/wp\/v2\/pages\/12664\/revisions\/12665"}],"up":[{"embeddable":true,"href":"https:\/\/focus-project.eu\/lt\/wp-json\/wp\/v2\/pages\/12658"}],"wp:attachment":[{"href":"https:\/\/focus-project.eu\/lt\/wp-json\/wp\/v2\/media?parent=12664"}],"curies":[{"name":"wp","href":"https:\/\/api.w.org\/{rel}","templated":true}]}}