{"id":12658,"date":"2025-09-18T08:18:30","date_gmt":"2025-09-18T08:18:30","guid":{"rendered":"https:\/\/focus-project.eu\/game-6-orientation-skills-game-lt\/game-6-level-3-lt\/"},"modified":"2026-02-10T12:26:54","modified_gmt":"2026-02-10T12:26:54","slug":"game-6-level-3-lt","status":"publish","type":"page","link":"https:\/\/focus-project.eu\/lt\/game-6-orientation-skills-game-lt\/game-6-level-3-lt\/","title":{"rendered":"Game 6: Level 3 LT"},"content":{"rendered":"\t\t<div data-elementor-type=\"wp-page\" data-elementor-id=\"12658\" class=\"elementor elementor-12658 elementor-8997\" data-elementor-post-type=\"page\">\n\t\t\t\t<div class=\"elementor-element elementor-element-fab4455 e-flex e-con-boxed e-con e-parent\" data-id=\"fab4455\" data-element_type=\"container\">\n\t\t\t\t\t<div class=\"e-con-inner\">\n\t\t\t\t<div class=\"elementor-element elementor-element-65085f5 elementor-widget elementor-widget-spacer\" data-id=\"65085f5\" data-element_type=\"widget\" data-widget_type=\"spacer.default\">\n\t\t\t\t<div class=\"elementor-widget-container\">\n\t\t\t\t\t\t\t<div class=\"elementor-spacer\">\n\t\t\t<div class=\"elementor-spacer-inner\"><\/div>\n\t\t<\/div>\n\t\t\t\t\t\t<\/div>\n\t\t\t\t<\/div>\n\t\t\t\t<div class=\"elementor-element elementor-element-8961642 elementor-widget elementor-widget-heading\" data-id=\"8961642\" data-element_type=\"widget\" data-widget_type=\"heading.default\">\n\t\t\t\t<div class=\"elementor-widget-container\">\n\t\t\t\t\t<h2 class=\"elementor-heading-title elementor-size-default\">6 \u017eaidimas: Orientavimosi \u012fg\u016bd\u017eiai<\/h2>\t\t\t\t<\/div>\n\t\t\t\t<\/div>\n\t\t\t\t<div class=\"elementor-element elementor-element-f19b243 elementor-hidden-mobile elementor-widget elementor-widget-spacer\" data-id=\"f19b243\" data-element_type=\"widget\" data-widget_type=\"spacer.default\">\n\t\t\t\t<div class=\"elementor-widget-container\">\n\t\t\t\t\t\t\t<div class=\"elementor-spacer\">\n\t\t\t<div class=\"elementor-spacer-inner\"><\/div>\n\t\t<\/div>\n\t\t\t\t\t\t<\/div>\n\t\t\t\t<\/div>\n\t\t\t\t\t<\/div>\n\t\t\t\t<\/div>\n\t\t<div class=\"elementor-element elementor-element-1f40ba8 e-flex e-con-boxed e-con e-parent\" data-id=\"1f40ba8\" data-element_type=\"container\">\n\t\t\t\t\t<div class=\"e-con-inner\">\n\t\t<div class=\"elementor-element elementor-element-540a55c e-con-full e-flex e-con e-child\" data-id=\"540a55c\" data-element_type=\"container\">\n\t\t\t\t<div class=\"elementor-element elementor-element-5a40782 elementor-widget elementor-widget-heading\" data-id=\"5a40782\" data-element_type=\"widget\" data-widget_type=\"heading.default\">\n\t\t\t\t<div class=\"elementor-widget-container\">\n\t\t\t\t\t<h3 class=\"elementor-heading-title elementor-size-default\">3 lygis<\/h3>\t\t\t\t<\/div>\n\t\t\t\t<\/div>\n\t\t\t\t<div class=\"elementor-element elementor-element-cd55438 elementor-widget elementor-widget-heading\" data-id=\"cd55438\" data-element_type=\"widget\" data-widget_type=\"heading.default\">\n\t\t\t\t<div class=\"elementor-widget-container\">\n\t\t\t\t\t<h4 class=\"elementor-heading-title elementor-size-default\">Pasirinkite \u017eaidimo tip\u0105<\/h4>\t\t\t\t<\/div>\n\t\t\t\t<\/div>\n\t\t<div class=\"elementor-element elementor-element-dbaa449 e-con-full e-flex e-con e-child\" data-id=\"dbaa449\" data-element_type=\"container\">\n\t\t<div class=\"elementor-element elementor-element-5de84c9 e-con-full e-flex e-con e-child\" data-id=\"5de84c9\" data-element_type=\"container\">\n\t\t\t\t<div class=\"elementor-element elementor-element-5d539ea elementor-align-justify elementor-mobile-align-justify elementor-widget elementor-widget-button\" data-id=\"5d539ea\" data-element_type=\"widget\" data-widget_type=\"button.default\">\n\t\t\t\t<div class=\"elementor-widget-container\">\n\t\t\t\t\t\t\t\t\t<div class=\"elementor-button-wrapper\">\n\t\t\t\t\t<a class=\"elementor-button elementor-button-link elementor-size-sm elementor-animation-shrink\" href=\"https:\/\/focus-project.eu\/lt\/game-6-orientation-skills-game-lt\/game-6-level-3-lt\/game-6-level-3-skills-lt\/\">\n\t\t\t\t\t\t<span class=\"elementor-button-content-wrapper\">\n\t\t\t\t\t\t\t\t\t<span class=\"elementor-button-text\">\u012eg\u016bd\u017eiai<\/span>\n\t\t\t\t\t<\/span>\n\t\t\t\t\t<\/a>\n\t\t\t\t<\/div>\n\t\t\t\t\t\t\t\t<\/div>\n\t\t\t\t<\/div>\n\t\t\t\t<\/div>\n\t\t<div class=\"elementor-element elementor-element-ea7fa2c e-con-full e-flex e-con e-child\" data-id=\"ea7fa2c\" data-element_type=\"container\">\n\t\t\t\t<div class=\"elementor-element elementor-element-e1b314a elementor-align-justify elementor-mobile-align-justify elementor-widget elementor-widget-button\" data-id=\"e1b314a\" data-element_type=\"widget\" data-widget_type=\"button.default\">\n\t\t\t\t<div class=\"elementor-widget-container\">\n\t\t\t\t\t\t\t\t\t<div class=\"elementor-button-wrapper\">\n\t\t\t\t\t<a class=\"elementor-button elementor-button-link elementor-size-sm elementor-animation-shrink\" href=\"https:\/\/focus-project.eu\/lt\/game-6-orientation-skills-game-lt\/game-6-level-3-lt\/game-6-level-3-language-lt\/\">\n\t\t\t\t\t\t<span class=\"elementor-button-content-wrapper\">\n\t\t\t\t\t\t\t\t\t<span class=\"elementor-button-text\">Kalba<\/span>\n\t\t\t\t\t<\/span>\n\t\t\t\t\t<\/a>\n\t\t\t\t<\/div>\n\t\t\t\t\t\t\t\t<\/div>\n\t\t\t\t<\/div>\n\t\t\t\t<\/div>\n\t\t\t\t<\/div>\n\t\t<div class=\"elementor-element elementor-element-866bc55 e-con-full elementor-hidden-mobile e-flex e-con e-child\" data-id=\"866bc55\" data-element_type=\"container\">\n\t\t\t\t<div class=\"elementor-element elementor-element-c3e3ef0 elementor-widget elementor-widget-spacer\" data-id=\"c3e3ef0\" data-element_type=\"widget\" data-widget_type=\"spacer.default\">\n\t\t\t\t<div class=\"elementor-widget-container\">\n\t\t\t\t\t\t\t<div class=\"elementor-spacer\">\n\t\t\t<div class=\"elementor-spacer-inner\"><\/div>\n\t\t<\/div>\n\t\t\t\t\t\t<\/div>\n\t\t\t\t<\/div>\n\t\t\t\t<\/div>\n\t\t\t\t<\/div>\n\t\t<div class=\"elementor-element elementor-element-f68ee76 e-con-full e-flex e-con e-child\" data-id=\"f68ee76\" data-element_type=\"container\">\n\t\t\t\t<div class=\"elementor-element elementor-element-a0dfc61 elementor-widget elementor-widget-image\" data-id=\"a0dfc61\" data-element_type=\"widget\" data-widget_type=\"image.default\">\n\t\t\t\t<div class=\"elementor-widget-container\">\n\t\t\t\t\t\t\t\t\t\t\t\t\t\t\t<img fetchpriority=\"high\" decoding=\"async\" width=\"1495\" height=\"500\" src=\"https:\/\/focus-project.eu\/wp-content\/uploads\/2025\/09\/G6L3.jpg\" class=\"attachment-full size-full wp-image-9751\" alt=\"\" srcset=\"https:\/\/focus-project.eu\/wp-content\/uploads\/2025\/09\/G6L3.jpg 1495w, https:\/\/focus-project.eu\/wp-content\/uploads\/2025\/09\/G6L3-300x100.jpg 300w, https:\/\/focus-project.eu\/wp-content\/uploads\/2025\/09\/G6L3-1024x342.jpg 1024w, https:\/\/focus-project.eu\/wp-content\/uploads\/2025\/09\/G6L3-768x257.jpg 768w\" sizes=\"(max-width: 1495px) 100vw, 1495px\" \/>\t\t\t\t\t\t\t\t\t\t\t\t\t\t\t<\/div>\n\t\t\t\t<\/div>\n\t\t\t\t<\/div>\n\t\t\t\t\t<\/div>\n\t\t\t\t<\/div>\n\t\t<div class=\"elementor-element elementor-element-a8677a8 e-flex e-con-boxed e-con e-parent\" data-id=\"a8677a8\" data-element_type=\"container\">\n\t\t\t\t\t<div class=\"e-con-inner\">\n\t\t\t\t<div class=\"elementor-element elementor-element-d48213b elementor-hidden-mobile elementor-widget elementor-widget-spacer\" data-id=\"d48213b\" data-element_type=\"widget\" data-widget_type=\"spacer.default\">\n\t\t\t\t<div class=\"elementor-widget-container\">\n\t\t\t\t\t\t\t<div class=\"elementor-spacer\">\n\t\t\t<div class=\"elementor-spacer-inner\"><\/div>\n\t\t<\/div>\n\t\t\t\t\t\t<\/div>\n\t\t\t\t<\/div>\n\t\t\t\t<div class=\"elementor-element elementor-element-915973d elementor-align-center elementor-mobile-align-justify elementor-widget elementor-widget-button\" data-id=\"915973d\" data-element_type=\"widget\" data-widget_type=\"button.default\">\n\t\t\t\t<div class=\"elementor-widget-container\">\n\t\t\t\t\t\t\t\t\t<div class=\"elementor-button-wrapper\">\n\t\t\t\t\t<a class=\"elementor-button elementor-button-link elementor-size-sm elementor-animation-shrink\" href=\"https:\/\/focus-project.eu\/lt\/all-games-lt\/\">\n\t\t\t\t\t\t<span class=\"elementor-button-content-wrapper\">\n\t\t\t\t\t\t<span class=\"elementor-button-icon\">\n\t\t\t\t<svg aria-hidden=\"true\" class=\"e-font-icon-svg e-far-arrow-alt-circle-left\" viewBox=\"0 0 512 512\" xmlns=\"http:\/\/www.w3.org\/2000\/svg\"><path d=\"M8 256c0 137 111 248 248 248s248-111 248-248S393 8 256 8 8 119 8 256zm448 0c0 110.5-89.5 200-200 200S56 366.5 56 256 145.5 56 256 56s200 89.5 200 200zm-72-20v40c0 6.6-5.4 12-12 12H256v67c0 10.7-12.9 16-20.5 8.5l-99-99c-4.7-4.7-4.7-12.3 0-17l99-99c7.6-7.6 20.5-2.2 20.5 8.5v67h116c6.6 0 12 5.4 12 12z\"><\/path><\/svg>\t\t\t<\/span>\n\t\t\t\t\t\t\t\t\t<span class=\"elementor-button-text\">Gr\u012f\u017eti \u012f \u017eaidimus<\/span>\n\t\t\t\t\t<\/span>\n\t\t\t\t\t<\/a>\n\t\t\t\t<\/div>\n\t\t\t\t\t\t\t\t<\/div>\n\t\t\t\t<\/div>\n\t\t\t\t<div class=\"elementor-element elementor-element-9e8a69b elementor-widget elementor-widget-spacer\" data-id=\"9e8a69b\" data-element_type=\"widget\" data-widget_type=\"spacer.default\">\n\t\t\t\t<div class=\"elementor-widget-container\">\n\t\t\t\t\t\t\t<div class=\"elementor-spacer\">\n\t\t\t<div class=\"elementor-spacer-inner\"><\/div>\n\t\t<\/div>\n\t\t\t\t\t\t<\/div>\n\t\t\t\t<\/div>\n\t\t\t\t\t<\/div>\n\t\t\t\t<\/div>\n\t\t\t\t<\/div>\n\t\t","protected":false},"excerpt":{"rendered":"<p>6 \u017eaidimas: Orientavimosi \u012fg\u016bd\u017eiai 3 lygis Pasirinkite \u017eaidimo tip\u0105 \u012eg\u016bd\u017eiai Kalba Gr\u012f\u017eti \u012f \u017eaidimus<\/p>\n","protected":false},"author":4,"featured_media":0,"parent":12637,"menu_order":0,"comment_status":"closed","ping_status":"closed","template":"","meta":{"footnotes":""},"class_list":["post-12658","page","type-page","status-publish","hentry"],"_links":{"self":[{"href":"https:\/\/focus-project.eu\/lt\/wp-json\/wp\/v2\/pages\/12658","targetHints":{"allow":["GET"]}}],"collection":[{"href":"https:\/\/focus-project.eu\/lt\/wp-json\/wp\/v2\/pages"}],"about":[{"href":"https:\/\/focus-project.eu\/lt\/wp-json\/wp\/v2\/types\/page"}],"author":[{"embeddable":true,"href":"https:\/\/focus-project.eu\/lt\/wp-json\/wp\/v2\/users\/4"}],"replies":[{"embeddable":true,"href":"https:\/\/focus-project.eu\/lt\/wp-json\/wp\/v2\/comments?post=12658"}],"version-history":[{"count":3,"href":"https:\/\/focus-project.eu\/lt\/wp-json\/wp\/v2\/pages\/12658\/revisions"}],"predecessor-version":[{"id":12666,"href":"https:\/\/focus-project.eu\/lt\/wp-json\/wp\/v2\/pages\/12658\/revisions\/12666"}],"up":[{"embeddable":true,"href":"https:\/\/focus-project.eu\/lt\/wp-json\/wp\/v2\/pages\/12637"}],"wp:attachment":[{"href":"https:\/\/focus-project.eu\/lt\/wp-json\/wp\/v2\/media?parent=12658"}],"curies":[{"name":"wp","href":"https:\/\/api.w.org\/{rel}","templated":true}]}}