{"id":12655,"date":"2025-09-04T12:12:55","date_gmt":"2025-09-04T12:12:55","guid":{"rendered":"https:\/\/focus-project.eu\/game-6-orientation-skills-game-lt\/game-6-level-2-lt\/game-6-level-2-skills-lt\/"},"modified":"2026-02-24T14:52:04","modified_gmt":"2026-02-24T14:52:04","slug":"game-6-level-2-skills-lt","status":"publish","type":"page","link":"https:\/\/focus-project.eu\/lt\/game-6-orientation-skills-game-lt\/game-6-level-2-lt\/game-6-level-2-skills-lt\/","title":{"rendered":"Game 6: Level 2 \u2013 Skills LT"},"content":{"rendered":"\t\t<div data-elementor-type=\"wp-page\" data-elementor-id=\"12655\" class=\"elementor elementor-12655 elementor-8694\" data-elementor-post-type=\"page\">\n\t\t\t\t<div class=\"elementor-element elementor-element-092b46c e-flex e-con-boxed e-con e-parent\" data-id=\"092b46c\" data-element_type=\"container\">\n\t\t\t\t\t<div class=\"e-con-inner\">\n\t\t\t\t<div class=\"elementor-element elementor-element-3f33301 elementor-widget elementor-widget-spacer\" data-id=\"3f33301\" data-element_type=\"widget\" data-widget_type=\"spacer.default\">\n\t\t\t\t<div class=\"elementor-widget-container\">\n\t\t\t\t\t\t\t<div class=\"elementor-spacer\">\n\t\t\t<div class=\"elementor-spacer-inner\"><\/div>\n\t\t<\/div>\n\t\t\t\t\t\t<\/div>\n\t\t\t\t<\/div>\n\t\t\t\t<div class=\"elementor-element elementor-element-0c00607 elementor-widget elementor-widget-heading\" data-id=\"0c00607\" data-element_type=\"widget\" data-widget_type=\"heading.default\">\n\t\t\t\t<div class=\"elementor-widget-container\">\n\t\t\t\t\t<h2 class=\"elementor-heading-title elementor-size-default\">6 \u017eaidimas: Orientavimosi \u012fg\u016bd\u017eiai<\/h2>\t\t\t\t<\/div>\n\t\t\t\t<\/div>\n\t\t\t\t<div class=\"elementor-element elementor-element-74ab608 elementor-widget elementor-widget-heading\" data-id=\"74ab608\" data-element_type=\"widget\" data-widget_type=\"heading.default\">\n\t\t\t\t<div class=\"elementor-widget-container\">\n\t\t\t\t\t<h4 class=\"elementor-heading-title elementor-size-default\">2 lygis - \u012eg\u016bd\u017eiai<\/h4>\t\t\t\t<\/div>\n\t\t\t\t<\/div>\n\t\t\t\t<div class=\"elementor-element elementor-element-33ae189 elementor-widget elementor-widget-spacer\" data-id=\"33ae189\" data-element_type=\"widget\" data-widget_type=\"spacer.default\">\n\t\t\t\t<div class=\"elementor-widget-container\">\n\t\t\t\t\t\t\t<div class=\"elementor-spacer\">\n\t\t\t<div class=\"elementor-spacer-inner\"><\/div>\n\t\t<\/div>\n\t\t\t\t\t\t<\/div>\n\t\t\t\t<\/div>\n\t\t\t\t<div class=\"elementor-element elementor-element-fa9d510 elementor-widget elementor-widget-text-editor\" data-id=\"fa9d510\" data-element_type=\"widget\" data-widget_type=\"text-editor.default\">\n\t\t\t\t<div class=\"elementor-widget-container\">\n\t\t\t\t\t\t\t\t\t<p><em>Sekite rodykles \u017eem\u0117lapyje, kad rastum\u0117te teising\u0105 atsakym\u0105.<\/em><\/p>\t\t\t\t\t\t\t\t<\/div>\n\t\t\t\t<\/div>\n\t\t\t\t\t<\/div>\n\t\t\t\t<\/div>\n\t\t<div class=\"elementor-element elementor-element-76a654e e-flex e-con-boxed e-con e-parent\" data-id=\"76a654e\" data-element_type=\"container\">\n\t\t\t\t\t<div class=\"e-con-inner\">\n\t\t<div class=\"elementor-element elementor-element-1218a50 e-con-full e-flex e-con e-child\" data-id=\"1218a50\" data-element_type=\"container\" data-settings=\"{&quot;background_background&quot;:&quot;classic&quot;}\">\n\t\t<div class=\"elementor-element elementor-element-2675785 e-con-full e-flex e-con e-child\" data-id=\"2675785\" data-element_type=\"container\">\n\t\t\t\t<div class=\"elementor-element elementor-element-f1c5bf8 elementor-widget elementor-widget-image\" data-id=\"f1c5bf8\" data-element_type=\"widget\" data-widget_type=\"image.default\">\n\t\t\t\t<div class=\"elementor-widget-container\">\n\t\t\t\t\t\t\t\t\t\t\t\t\t\t\t\t<a href=\"https:\/\/focus-project.eu\/wp-content\/uploads\/2025\/09\/Leve_2_skills_map.jpg\" data-elementor-open-lightbox=\"yes\" data-e-action-hash=\"#elementor-action%3Aaction%3Dlightbox%26settings%3DeyJpZCI6OTQyOCwidXJsIjoiaHR0cHM6XC9cL2ZvY3VzLXByb2plY3QuZXVcL3dwLWNvbnRlbnRcL3VwbG9hZHNcLzIwMjVcLzA5XC9MZXZlXzJfc2tpbGxzX21hcC5qcGcifQ%3D%3D\">\n\t\t\t\t\t\t\t<img fetchpriority=\"high\" decoding=\"async\" width=\"1280\" height=\"800\" src=\"https:\/\/focus-project.eu\/wp-content\/uploads\/2025\/09\/Leve_2_skills_map.jpg\" class=\"attachment-full size-full wp-image-9428\" alt=\"\" srcset=\"https:\/\/focus-project.eu\/wp-content\/uploads\/2025\/09\/Leve_2_skills_map.jpg 1280w, https:\/\/focus-project.eu\/wp-content\/uploads\/2025\/09\/Leve_2_skills_map-300x188.jpg 300w, https:\/\/focus-project.eu\/wp-content\/uploads\/2025\/09\/Leve_2_skills_map-1024x640.jpg 1024w, https:\/\/focus-project.eu\/wp-content\/uploads\/2025\/09\/Leve_2_skills_map-768x480.jpg 768w\" sizes=\"(max-width: 1280px) 100vw, 1280px\" \/>\t\t\t\t\t\t\t\t<\/a>\n\t\t\t\t\t\t\t\t\t\t\t\t\t\t\t<\/div>\n\t\t\t\t<\/div>\n\t\t\t\t<\/div>\n\t\t<div class=\"elementor-element elementor-element-cbb2e83 e-con-full e-flex e-con e-child\" data-id=\"cbb2e83\" data-element_type=\"container\" data-settings=\"{&quot;background_background&quot;:&quot;classic&quot;}\">\n\t\t\t\t<div class=\"elementor-element elementor-element-d4e285d elementor-widget elementor-widget-shortcode\" data-id=\"d4e285d\" data-element_type=\"widget\" data-widget_type=\"shortcode.default\">\n\t\t\t\t<div class=\"elementor-widget-container\">\n\t\t\t\t\t\t\t<div class=\"elementor-shortcode\"><div class=\"h5p-iframe-wrapper\"><iframe id=\"h5p-iframe-341\" class=\"h5p-iframe\" data-content-id=\"341\" style=\"height:1px\" src=\"about:blank\" frameBorder=\"0\" scrolling=\"no\" title=\"LT_Skills_Game_6_Level_2\"><\/iframe><\/div><\/div>\n\t\t\t\t\t\t<\/div>\n\t\t\t\t<\/div>\n\t\t\t\t<\/div>\n\t\t\t\t<\/div>\n\t\t\t\t<div class=\"elementor-element elementor-element-1647f47 elementor-widget elementor-widget-spacer\" data-id=\"1647f47\" data-element_type=\"widget\" data-widget_type=\"spacer.default\">\n\t\t\t\t<div class=\"elementor-widget-container\">\n\t\t\t\t\t\t\t<div class=\"elementor-spacer\">\n\t\t\t<div class=\"elementor-spacer-inner\"><\/div>\n\t\t<\/div>\n\t\t\t\t\t\t<\/div>\n\t\t\t\t<\/div>\n\t\t<div class=\"elementor-element elementor-element-d960a69 e-con-full e-flex e-con e-child\" data-id=\"d960a69\" data-element_type=\"container\">\n\t\t\t\t<div class=\"elementor-element elementor-element-1a10bb4 elementor-align-center elementor-tablet-align-center elementor-widget elementor-widget-button\" data-id=\"1a10bb4\" data-element_type=\"widget\" data-widget_type=\"button.default\">\n\t\t\t\t<div class=\"elementor-widget-container\">\n\t\t\t\t\t\t\t\t\t<div class=\"elementor-button-wrapper\">\n\t\t\t\t\t<a class=\"elementor-button elementor-button-link elementor-size-sm elementor-animation-shrink\" href=\"https:\/\/focus-project.eu\/lt\/game-6-orientation-skills-game-lt\/game-6-level-2-lt\/\">\n\t\t\t\t\t\t<span class=\"elementor-button-content-wrapper\">\n\t\t\t\t\t\t\t\t\t<span class=\"elementor-button-text\">Keisti tip\u0105<\/span>\n\t\t\t\t\t<\/span>\n\t\t\t\t\t<\/a>\n\t\t\t\t<\/div>\n\t\t\t\t\t\t\t\t<\/div>\n\t\t\t\t<\/div>\n\t\t\t\t<div class=\"elementor-element elementor-element-85934c8 elementor-align-center elementor-tablet-align-center elementor-widget elementor-widget-button\" data-id=\"85934c8\" data-element_type=\"widget\" data-widget_type=\"button.default\">\n\t\t\t\t<div class=\"elementor-widget-container\">\n\t\t\t\t\t\t\t\t\t<div class=\"elementor-button-wrapper\">\n\t\t\t\t\t<a class=\"elementor-button elementor-button-link elementor-size-sm elementor-animation-shrink\" href=\"https:\/\/focus-project.eu\/lt\/game-6-orientation-skills-game-lt\/\">\n\t\t\t\t\t\t<span class=\"elementor-button-content-wrapper\">\n\t\t\t\t\t\t\t\t\t<span class=\"elementor-button-text\">Keisti lyg\u012f<\/span>\n\t\t\t\t\t<\/span>\n\t\t\t\t\t<\/a>\n\t\t\t\t<\/div>\n\t\t\t\t\t\t\t\t<\/div>\n\t\t\t\t<\/div>\n\t\t\t\t<\/div>\n\t\t\t\t<div class=\"elementor-element elementor-element-5a5afe6 elementor-widget elementor-widget-spacer\" data-id=\"5a5afe6\" data-element_type=\"widget\" data-widget_type=\"spacer.default\">\n\t\t\t\t<div class=\"elementor-widget-container\">\n\t\t\t\t\t\t\t<div class=\"elementor-spacer\">\n\t\t\t<div class=\"elementor-spacer-inner\"><\/div>\n\t\t<\/div>\n\t\t\t\t\t\t<\/div>\n\t\t\t\t<\/div>\n\t\t\t\t\t<\/div>\n\t\t\t\t<\/div>\n\t\t\t\t<\/div>\n\t\t","protected":false},"excerpt":{"rendered":"<p>6 \u017eaidimas: Orientavimosi \u012fg\u016bd\u017eiai 2 lygis &#8211; \u012eg\u016bd\u017eiai Sekite rodykles \u017eem\u0117lapyje, kad rastum\u0117te teising\u0105 atsakym\u0105. Keisti tip\u0105 Keisti lyg\u012f<\/p>\n","protected":false},"author":4,"featured_media":0,"parent":12649,"menu_order":0,"comment_status":"closed","ping_status":"closed","template":"","meta":{"footnotes":""},"class_list":["post-12655","page","type-page","status-publish","hentry"],"_links":{"self":[{"href":"https:\/\/focus-project.eu\/lt\/wp-json\/wp\/v2\/pages\/12655","targetHints":{"allow":["GET"]}}],"collection":[{"href":"https:\/\/focus-project.eu\/lt\/wp-json\/wp\/v2\/pages"}],"about":[{"href":"https:\/\/focus-project.eu\/lt\/wp-json\/wp\/v2\/types\/page"}],"author":[{"embeddable":true,"href":"https:\/\/focus-project.eu\/lt\/wp-json\/wp\/v2\/users\/4"}],"replies":[{"embeddable":true,"href":"https:\/\/focus-project.eu\/lt\/wp-json\/wp\/v2\/comments?post=12655"}],"version-history":[{"count":4,"href":"https:\/\/focus-project.eu\/lt\/wp-json\/wp\/v2\/pages\/12655\/revisions"}],"predecessor-version":[{"id":13263,"href":"https:\/\/focus-project.eu\/lt\/wp-json\/wp\/v2\/pages\/12655\/revisions\/13263"}],"up":[{"embeddable":true,"href":"https:\/\/focus-project.eu\/lt\/wp-json\/wp\/v2\/pages\/12649"}],"wp:attachment":[{"href":"https:\/\/focus-project.eu\/lt\/wp-json\/wp\/v2\/media?parent=12655"}],"curies":[{"name":"wp","href":"https:\/\/api.w.org\/{rel}","templated":true}]}}