{"id":12619,"date":"2025-09-18T08:16:06","date_gmt":"2025-09-18T08:16:06","guid":{"rendered":"https:\/\/focus-project.eu\/game-5-memory-skills-game-family-story-lt\/game-5-level-2-lt\/"},"modified":"2026-02-10T13:29:48","modified_gmt":"2026-02-10T13:29:48","slug":"game-5-level-2-lt","status":"publish","type":"page","link":"https:\/\/focus-project.eu\/lt\/game-5-memory-skills-game-family-story-lt\/game-5-level-2-lt\/","title":{"rendered":"Game 5: Level 2 LT"},"content":{"rendered":"\t\t<div data-elementor-type=\"wp-page\" data-elementor-id=\"12619\" class=\"elementor elementor-12619 elementor-8988\" data-elementor-post-type=\"page\">\n\t\t\t\t<div class=\"elementor-element elementor-element-2f118b0 e-flex e-con-boxed e-con e-parent\" data-id=\"2f118b0\" data-element_type=\"container\">\n\t\t\t\t\t<div class=\"e-con-inner\">\n\t\t\t\t<div class=\"elementor-element elementor-element-59f06bb elementor-widget elementor-widget-spacer\" data-id=\"59f06bb\" data-element_type=\"widget\" data-widget_type=\"spacer.default\">\n\t\t\t\t<div class=\"elementor-widget-container\">\n\t\t\t\t\t\t\t<div class=\"elementor-spacer\">\n\t\t\t<div class=\"elementor-spacer-inner\"><\/div>\n\t\t<\/div>\n\t\t\t\t\t\t<\/div>\n\t\t\t\t<\/div>\n\t\t\t\t<div class=\"elementor-element elementor-element-487d267 elementor-widget elementor-widget-heading\" data-id=\"487d267\" data-element_type=\"widget\" data-widget_type=\"heading.default\">\n\t\t\t\t<div class=\"elementor-widget-container\">\n\t\t\t\t\t<h2 class=\"elementor-heading-title elementor-size-default\">5 \u017eaidimas: Atminties \u012fg\u016bd\u017eiai<\/h2>\t\t\t\t<\/div>\n\t\t\t\t<\/div>\n\t\t\t\t<div class=\"elementor-element elementor-element-1c932a1 elementor-hidden-mobile elementor-widget elementor-widget-spacer\" data-id=\"1c932a1\" data-element_type=\"widget\" data-widget_type=\"spacer.default\">\n\t\t\t\t<div class=\"elementor-widget-container\">\n\t\t\t\t\t\t\t<div class=\"elementor-spacer\">\n\t\t\t<div class=\"elementor-spacer-inner\"><\/div>\n\t\t<\/div>\n\t\t\t\t\t\t<\/div>\n\t\t\t\t<\/div>\n\t\t\t\t\t<\/div>\n\t\t\t\t<\/div>\n\t\t<div class=\"elementor-element elementor-element-fffbeb5 e-flex e-con-boxed e-con e-parent\" data-id=\"fffbeb5\" data-element_type=\"container\">\n\t\t\t\t\t<div class=\"e-con-inner\">\n\t\t<div class=\"elementor-element elementor-element-1025014 e-con-full e-flex e-con e-child\" data-id=\"1025014\" data-element_type=\"container\">\n\t\t\t\t<div class=\"elementor-element elementor-element-24b4db9 elementor-widget elementor-widget-heading\" data-id=\"24b4db9\" data-element_type=\"widget\" data-widget_type=\"heading.default\">\n\t\t\t\t<div class=\"elementor-widget-container\">\n\t\t\t\t\t<h3 class=\"elementor-heading-title elementor-size-default\">2 lygis<\/h3>\t\t\t\t<\/div>\n\t\t\t\t<\/div>\n\t\t\t\t<div class=\"elementor-element elementor-element-16081e4 elementor-widget elementor-widget-heading\" data-id=\"16081e4\" data-element_type=\"widget\" data-widget_type=\"heading.default\">\n\t\t\t\t<div class=\"elementor-widget-container\">\n\t\t\t\t\t<h4 class=\"elementor-heading-title elementor-size-default\">Pasirinkite \u017eaidimo tip\u0105<\/h4>\t\t\t\t<\/div>\n\t\t\t\t<\/div>\n\t\t<div class=\"elementor-element elementor-element-cac665f e-con-full e-flex e-con e-child\" data-id=\"cac665f\" data-element_type=\"container\">\n\t\t<div class=\"elementor-element elementor-element-ab09c6e e-con-full e-flex e-con e-child\" data-id=\"ab09c6e\" data-element_type=\"container\">\n\t\t\t\t<div class=\"elementor-element elementor-element-f82a317 elementor-align-justify elementor-mobile-align-justify elementor-widget elementor-widget-button\" data-id=\"f82a317\" data-element_type=\"widget\" data-widget_type=\"button.default\">\n\t\t\t\t<div class=\"elementor-widget-container\">\n\t\t\t\t\t\t\t\t\t<div class=\"elementor-button-wrapper\">\n\t\t\t\t\t<a class=\"elementor-button elementor-button-link elementor-size-sm elementor-animation-shrink\" href=\"https:\/\/focus-project.eu\/lt\/game-5-memory-skills-game-family-story-lt\/game-5-level-2-lt\/game-5-level-2-skills-lt\/\">\n\t\t\t\t\t\t<span class=\"elementor-button-content-wrapper\">\n\t\t\t\t\t\t\t\t\t<span class=\"elementor-button-text\">\u012eg\u016bd\u017eiai<\/span>\n\t\t\t\t\t<\/span>\n\t\t\t\t\t<\/a>\n\t\t\t\t<\/div>\n\t\t\t\t\t\t\t\t<\/div>\n\t\t\t\t<\/div>\n\t\t\t\t<\/div>\n\t\t<div class=\"elementor-element elementor-element-2a048a2 e-con-full e-flex e-con e-child\" data-id=\"2a048a2\" data-element_type=\"container\">\n\t\t\t\t<div class=\"elementor-element elementor-element-f4b60a7 elementor-align-justify elementor-mobile-align-justify elementor-widget elementor-widget-button\" data-id=\"f4b60a7\" data-element_type=\"widget\" data-widget_type=\"button.default\">\n\t\t\t\t<div class=\"elementor-widget-container\">\n\t\t\t\t\t\t\t\t\t<div class=\"elementor-button-wrapper\">\n\t\t\t\t\t<a class=\"elementor-button elementor-button-link elementor-size-sm elementor-animation-shrink\" href=\"https:\/\/focus-project.eu\/lt\/game-5-memory-skills-game-family-story-lt\/game-5-level-2-lt\/game-5-level-2-language-lt\/\">\n\t\t\t\t\t\t<span class=\"elementor-button-content-wrapper\">\n\t\t\t\t\t\t\t\t\t<span class=\"elementor-button-text\">Kalba<\/span>\n\t\t\t\t\t<\/span>\n\t\t\t\t\t<\/a>\n\t\t\t\t<\/div>\n\t\t\t\t\t\t\t\t<\/div>\n\t\t\t\t<\/div>\n\t\t\t\t<\/div>\n\t\t\t\t<\/div>\n\t\t<div class=\"elementor-element elementor-element-11895c6 e-con-full elementor-hidden-mobile e-flex e-con e-child\" data-id=\"11895c6\" data-element_type=\"container\">\n\t\t\t\t<div class=\"elementor-element elementor-element-b07a2f5 elementor-widget elementor-widget-spacer\" data-id=\"b07a2f5\" data-element_type=\"widget\" data-widget_type=\"spacer.default\">\n\t\t\t\t<div class=\"elementor-widget-container\">\n\t\t\t\t\t\t\t<div class=\"elementor-spacer\">\n\t\t\t<div class=\"elementor-spacer-inner\"><\/div>\n\t\t<\/div>\n\t\t\t\t\t\t<\/div>\n\t\t\t\t<\/div>\n\t\t\t\t<\/div>\n\t\t\t\t<\/div>\n\t\t<div class=\"elementor-element elementor-element-d09ba6e e-con-full e-flex e-con e-child\" data-id=\"d09ba6e\" data-element_type=\"container\">\n\t\t\t\t<div class=\"elementor-element elementor-element-af9f9bc elementor-widget elementor-widget-image\" data-id=\"af9f9bc\" data-element_type=\"widget\" data-widget_type=\"image.default\">\n\t\t\t\t<div class=\"elementor-widget-container\">\n\t\t\t\t\t\t\t\t\t\t\t\t\t\t\t<img fetchpriority=\"high\" decoding=\"async\" width=\"1000\" height=\"1000\" src=\"https:\/\/focus-project.eu\/wp-content\/uploads\/2025\/09\/G5L2.jpg\" class=\"attachment-full size-full wp-image-9721\" alt=\"\" srcset=\"https:\/\/focus-project.eu\/wp-content\/uploads\/2025\/09\/G5L2.jpg 1000w, https:\/\/focus-project.eu\/wp-content\/uploads\/2025\/09\/G5L2-300x300.jpg 300w, https:\/\/focus-project.eu\/wp-content\/uploads\/2025\/09\/G5L2-150x150.jpg 150w, https:\/\/focus-project.eu\/wp-content\/uploads\/2025\/09\/G5L2-768x768.jpg 768w, https:\/\/focus-project.eu\/wp-content\/uploads\/2025\/09\/G5L2-700x700.jpg 700w\" sizes=\"(max-width: 1000px) 100vw, 1000px\" \/>\t\t\t\t\t\t\t\t\t\t\t\t\t\t\t<\/div>\n\t\t\t\t<\/div>\n\t\t\t\t<\/div>\n\t\t\t\t\t<\/div>\n\t\t\t\t<\/div>\n\t\t<div class=\"elementor-element elementor-element-cf01dd3 e-flex e-con-boxed e-con e-parent\" data-id=\"cf01dd3\" data-element_type=\"container\">\n\t\t\t\t\t<div class=\"e-con-inner\">\n\t\t\t\t<div class=\"elementor-element elementor-element-1db8b60 elementor-hidden-mobile elementor-widget elementor-widget-spacer\" data-id=\"1db8b60\" data-element_type=\"widget\" data-widget_type=\"spacer.default\">\n\t\t\t\t<div class=\"elementor-widget-container\">\n\t\t\t\t\t\t\t<div class=\"elementor-spacer\">\n\t\t\t<div class=\"elementor-spacer-inner\"><\/div>\n\t\t<\/div>\n\t\t\t\t\t\t<\/div>\n\t\t\t\t<\/div>\n\t\t\t\t<div class=\"elementor-element elementor-element-b05560c elementor-align-center elementor-mobile-align-justify elementor-widget elementor-widget-button\" data-id=\"b05560c\" data-element_type=\"widget\" data-widget_type=\"button.default\">\n\t\t\t\t<div class=\"elementor-widget-container\">\n\t\t\t\t\t\t\t\t\t<div class=\"elementor-button-wrapper\">\n\t\t\t\t\t<a class=\"elementor-button elementor-button-link elementor-size-sm elementor-animation-shrink\" href=\"https:\/\/focus-project.eu\/lt\/all-games-lt\/\">\n\t\t\t\t\t\t<span class=\"elementor-button-content-wrapper\">\n\t\t\t\t\t\t<span class=\"elementor-button-icon\">\n\t\t\t\t<svg aria-hidden=\"true\" class=\"e-font-icon-svg e-far-arrow-alt-circle-left\" viewBox=\"0 0 512 512\" xmlns=\"http:\/\/www.w3.org\/2000\/svg\"><path d=\"M8 256c0 137 111 248 248 248s248-111 248-248S393 8 256 8 8 119 8 256zm448 0c0 110.5-89.5 200-200 200S56 366.5 56 256 145.5 56 256 56s200 89.5 200 200zm-72-20v40c0 6.6-5.4 12-12 12H256v67c0 10.7-12.9 16-20.5 8.5l-99-99c-4.7-4.7-4.7-12.3 0-17l99-99c7.6-7.6 20.5-2.2 20.5 8.5v67h116c6.6 0 12 5.4 12 12z\"><\/path><\/svg>\t\t\t<\/span>\n\t\t\t\t\t\t\t\t\t<span class=\"elementor-button-text\">Gr\u012f\u017eti \u012f \u017eaidimus<\/span>\n\t\t\t\t\t<\/span>\n\t\t\t\t\t<\/a>\n\t\t\t\t<\/div>\n\t\t\t\t\t\t\t\t<\/div>\n\t\t\t\t<\/div>\n\t\t\t\t<div class=\"elementor-element elementor-element-728875b elementor-widget elementor-widget-spacer\" data-id=\"728875b\" data-element_type=\"widget\" data-widget_type=\"spacer.default\">\n\t\t\t\t<div class=\"elementor-widget-container\">\n\t\t\t\t\t\t\t<div class=\"elementor-spacer\">\n\t\t\t<div class=\"elementor-spacer-inner\"><\/div>\n\t\t<\/div>\n\t\t\t\t\t\t<\/div>\n\t\t\t\t<\/div>\n\t\t\t\t\t<\/div>\n\t\t\t\t<\/div>\n\t\t\t\t<\/div>\n\t\t","protected":false},"excerpt":{"rendered":"<p>5 \u017eaidimas: Atminties \u012fg\u016bd\u017eiai 2 lygis Pasirinkite \u017eaidimo tip\u0105 \u012eg\u016bd\u017eiai Kalba Gr\u012f\u017eti \u012f \u017eaidimus<\/p>\n","protected":false},"author":4,"featured_media":0,"parent":12607,"menu_order":0,"comment_status":"closed","ping_status":"closed","template":"","meta":{"footnotes":""},"class_list":["post-12619","page","type-page","status-publish","hentry"],"_links":{"self":[{"href":"https:\/\/focus-project.eu\/lt\/wp-json\/wp\/v2\/pages\/12619","targetHints":{"allow":["GET"]}}],"collection":[{"href":"https:\/\/focus-project.eu\/lt\/wp-json\/wp\/v2\/pages"}],"about":[{"href":"https:\/\/focus-project.eu\/lt\/wp-json\/wp\/v2\/types\/page"}],"author":[{"embeddable":true,"href":"https:\/\/focus-project.eu\/lt\/wp-json\/wp\/v2\/users\/4"}],"replies":[{"embeddable":true,"href":"https:\/\/focus-project.eu\/lt\/wp-json\/wp\/v2\/comments?post=12619"}],"version-history":[{"count":6,"href":"https:\/\/focus-project.eu\/lt\/wp-json\/wp\/v2\/pages\/12619\/revisions"}],"predecessor-version":[{"id":12723,"href":"https:\/\/focus-project.eu\/lt\/wp-json\/wp\/v2\/pages\/12619\/revisions\/12723"}],"up":[{"embeddable":true,"href":"https:\/\/focus-project.eu\/lt\/wp-json\/wp\/v2\/pages\/12607"}],"wp:attachment":[{"href":"https:\/\/focus-project.eu\/lt\/wp-json\/wp\/v2\/media?parent=12619"}],"curies":[{"name":"wp","href":"https:\/\/api.w.org\/{rel}","templated":true}]}}