{"id":12616,"date":"2025-09-04T12:12:04","date_gmt":"2025-09-04T12:12:04","guid":{"rendered":"https:\/\/focus-project.eu\/game-5-memory-skills-game-family-story-lt\/game-5-level-1-lt\/game-5-level-1-skills-lt\/"},"modified":"2026-02-10T12:04:34","modified_gmt":"2026-02-10T12:04:34","slug":"game-5-level-1-skills-lt","status":"publish","type":"page","link":"https:\/\/focus-project.eu\/lt\/game-5-memory-skills-game-family-story-lt\/game-5-level-1-lt\/game-5-level-1-skills-lt\/","title":{"rendered":"Game 5: Level 1 \u2013 Skills LT"},"content":{"rendered":"\t\t<div data-elementor-type=\"wp-page\" data-elementor-id=\"12616\" class=\"elementor elementor-12616 elementor-8686\" data-elementor-post-type=\"page\">\n\t\t\t\t<div class=\"elementor-element elementor-element-cc203cf e-flex e-con-boxed e-con e-parent\" data-id=\"cc203cf\" data-element_type=\"container\">\n\t\t\t\t\t<div class=\"e-con-inner\">\n\t\t\t\t<div class=\"elementor-element elementor-element-f7ab2f7 elementor-widget elementor-widget-spacer\" data-id=\"f7ab2f7\" data-element_type=\"widget\" data-widget_type=\"spacer.default\">\n\t\t\t\t<div class=\"elementor-widget-container\">\n\t\t\t\t\t\t\t<div class=\"elementor-spacer\">\n\t\t\t<div class=\"elementor-spacer-inner\"><\/div>\n\t\t<\/div>\n\t\t\t\t\t\t<\/div>\n\t\t\t\t<\/div>\n\t\t\t\t<div class=\"elementor-element elementor-element-281ac2a elementor-widget elementor-widget-heading\" data-id=\"281ac2a\" data-element_type=\"widget\" data-widget_type=\"heading.default\">\n\t\t\t\t<div class=\"elementor-widget-container\">\n\t\t\t\t\t<h2 class=\"elementor-heading-title elementor-size-default\">5 \u017eaidimas: Atminties \u012fg\u016bd\u017eiai<\/h2>\t\t\t\t<\/div>\n\t\t\t\t<\/div>\n\t\t\t\t<div class=\"elementor-element elementor-element-01073a3 elementor-widget elementor-widget-heading\" data-id=\"01073a3\" data-element_type=\"widget\" data-widget_type=\"heading.default\">\n\t\t\t\t<div class=\"elementor-widget-container\">\n\t\t\t\t\t<h4 class=\"elementor-heading-title elementor-size-default\">1 lygis - \u012eg\u016bd\u017eiai<\/h4>\t\t\t\t<\/div>\n\t\t\t\t<\/div>\n\t\t\t\t<div class=\"elementor-element elementor-element-7050fcb elementor-widget elementor-widget-spacer\" data-id=\"7050fcb\" data-element_type=\"widget\" data-widget_type=\"spacer.default\">\n\t\t\t\t<div class=\"elementor-widget-container\">\n\t\t\t\t\t\t\t<div class=\"elementor-spacer\">\n\t\t\t<div class=\"elementor-spacer-inner\"><\/div>\n\t\t<\/div>\n\t\t\t\t\t\t<\/div>\n\t\t\t\t<\/div>\n\t\t\t\t<div class=\"elementor-element elementor-element-b704198 elementor-widget elementor-widget-text-editor\" data-id=\"b704198\" data-element_type=\"widget\" data-widget_type=\"text-editor.default\">\n\t\t\t\t<div class=\"elementor-widget-container\">\n\t\t\t\t\t\t\t\t\t<strong>J\u016bs i\u0161girsite s\u0105ra\u0161\u0105 daikt\u0173, kuriuos vaikai nusipirko prekybos centre. I\u0161gird\u0119 s\u0105ra\u0161\u0105, pasirinkite daiktus, kuriuos jie nusipirko.<\/strong><br><figure class=\"wp-block-audio\"><audio src=\"https:\/\/focus-project.eu\/wp-content\/uploads\/2025\/11\/Level-1_NEW.mp3\" controls=\"controls\"><\/audio><\/figure>\t\t\t\t\t\t\t\t<\/div>\n\t\t\t\t<\/div>\n\t\t\t\t\t<\/div>\n\t\t\t\t<\/div>\n\t\t<div class=\"elementor-element elementor-element-eecdf9c e-flex e-con-boxed e-con e-parent\" data-id=\"eecdf9c\" data-element_type=\"container\">\n\t\t\t\t\t<div class=\"e-con-inner\">\n\t\t<div class=\"elementor-element elementor-element-02774aa e-con-full e-flex e-con e-child\" data-id=\"02774aa\" data-element_type=\"container\" data-settings=\"{&quot;background_background&quot;:&quot;classic&quot;}\">\n\t\t\t\t<div class=\"elementor-element elementor-element-d0c1de7 elementor-widget elementor-widget-shortcode\" data-id=\"d0c1de7\" data-element_type=\"widget\" data-widget_type=\"shortcode.default\">\n\t\t\t\t<div class=\"elementor-widget-container\">\n\t\t\t\t\t\t\t<div class=\"elementor-shortcode\"><div class=\"h5p-iframe-wrapper\"><iframe id=\"h5p-iframe-330\" class=\"h5p-iframe\" data-content-id=\"330\" style=\"height:1px\" src=\"about:blank\" frameBorder=\"0\" scrolling=\"no\" title=\"LT_Skills_Game_5_Level_1\"><\/iframe><\/div><\/div>\n\t\t\t\t\t\t<\/div>\n\t\t\t\t<\/div>\n\t\t\t\t<\/div>\n\t\t\t\t<div class=\"elementor-element elementor-element-f097364 elementor-widget elementor-widget-spacer\" data-id=\"f097364\" data-element_type=\"widget\" data-widget_type=\"spacer.default\">\n\t\t\t\t<div class=\"elementor-widget-container\">\n\t\t\t\t\t\t\t<div class=\"elementor-spacer\">\n\t\t\t<div class=\"elementor-spacer-inner\"><\/div>\n\t\t<\/div>\n\t\t\t\t\t\t<\/div>\n\t\t\t\t<\/div>\n\t\t<div class=\"elementor-element elementor-element-8d6f67b e-con-full e-flex e-con e-child\" data-id=\"8d6f67b\" data-element_type=\"container\">\n\t\t\t\t<div class=\"elementor-element elementor-element-6f14ff4 elementor-align-center elementor-tablet-align-center elementor-widget elementor-widget-button\" data-id=\"6f14ff4\" data-element_type=\"widget\" data-widget_type=\"button.default\">\n\t\t\t\t<div class=\"elementor-widget-container\">\n\t\t\t\t\t\t\t\t\t<div class=\"elementor-button-wrapper\">\n\t\t\t\t\t<a class=\"elementor-button elementor-button-link elementor-size-sm elementor-animation-shrink\" href=\"https:\/\/focus-project.eu\/lt\/game-5-memory-skills-game-family-story-lt\/game-5-level-1-lt\/\">\n\t\t\t\t\t\t<span class=\"elementor-button-content-wrapper\">\n\t\t\t\t\t\t\t\t\t<span class=\"elementor-button-text\">Keisti tip\u0105<\/span>\n\t\t\t\t\t<\/span>\n\t\t\t\t\t<\/a>\n\t\t\t\t<\/div>\n\t\t\t\t\t\t\t\t<\/div>\n\t\t\t\t<\/div>\n\t\t\t\t<div class=\"elementor-element elementor-element-1d5fb3f elementor-align-center elementor-tablet-align-center elementor-widget elementor-widget-button\" data-id=\"1d5fb3f\" data-element_type=\"widget\" data-widget_type=\"button.default\">\n\t\t\t\t<div class=\"elementor-widget-container\">\n\t\t\t\t\t\t\t\t\t<div class=\"elementor-button-wrapper\">\n\t\t\t\t\t<a class=\"elementor-button elementor-button-link elementor-size-sm elementor-animation-shrink\" href=\"https:\/\/focus-project.eu\/lt\/game-5-memory-skills-game-family-story-lt\/\">\n\t\t\t\t\t\t<span class=\"elementor-button-content-wrapper\">\n\t\t\t\t\t\t\t\t\t<span class=\"elementor-button-text\">Keisti lyg\u012f<\/span>\n\t\t\t\t\t<\/span>\n\t\t\t\t\t<\/a>\n\t\t\t\t<\/div>\n\t\t\t\t\t\t\t\t<\/div>\n\t\t\t\t<\/div>\n\t\t\t\t<\/div>\n\t\t\t\t<div class=\"elementor-element elementor-element-b98e607 elementor-widget elementor-widget-spacer\" data-id=\"b98e607\" data-element_type=\"widget\" data-widget_type=\"spacer.default\">\n\t\t\t\t<div class=\"elementor-widget-container\">\n\t\t\t\t\t\t\t<div class=\"elementor-spacer\">\n\t\t\t<div class=\"elementor-spacer-inner\"><\/div>\n\t\t<\/div>\n\t\t\t\t\t\t<\/div>\n\t\t\t\t<\/div>\n\t\t\t\t\t<\/div>\n\t\t\t\t<\/div>\n\t\t\t\t<\/div>\n\t\t","protected":false},"excerpt":{"rendered":"<p>5 \u017eaidimas: Atminties \u012fg\u016bd\u017eiai 1 lygis &#8211; \u012eg\u016bd\u017eiai J\u016bs i\u0161girsite s\u0105ra\u0161\u0105 daikt\u0173, kuriuos vaikai nusipirko prekybos centre. I\u0161gird\u0119 s\u0105ra\u0161\u0105, pasirinkite daiktus, kuriuos jie nusipirko. Keisti tip\u0105 Keisti lyg\u012f<\/p>\n","protected":false},"author":4,"featured_media":0,"parent":12610,"menu_order":0,"comment_status":"closed","ping_status":"closed","template":"","meta":{"footnotes":""},"class_list":["post-12616","page","type-page","status-publish","hentry"],"_links":{"self":[{"href":"https:\/\/focus-project.eu\/lt\/wp-json\/wp\/v2\/pages\/12616","targetHints":{"allow":["GET"]}}],"collection":[{"href":"https:\/\/focus-project.eu\/lt\/wp-json\/wp\/v2\/pages"}],"about":[{"href":"https:\/\/focus-project.eu\/lt\/wp-json\/wp\/v2\/types\/page"}],"author":[{"embeddable":true,"href":"https:\/\/focus-project.eu\/lt\/wp-json\/wp\/v2\/users\/4"}],"replies":[{"embeddable":true,"href":"https:\/\/focus-project.eu\/lt\/wp-json\/wp\/v2\/comments?post=12616"}],"version-history":[{"count":1,"href":"https:\/\/focus-project.eu\/lt\/wp-json\/wp\/v2\/pages\/12616\/revisions"}],"predecessor-version":[{"id":12617,"href":"https:\/\/focus-project.eu\/lt\/wp-json\/wp\/v2\/pages\/12616\/revisions\/12617"}],"up":[{"embeddable":true,"href":"https:\/\/focus-project.eu\/lt\/wp-json\/wp\/v2\/pages\/12610"}],"wp:attachment":[{"href":"https:\/\/focus-project.eu\/lt\/wp-json\/wp\/v2\/media?parent=12616"}],"curies":[{"name":"wp","href":"https:\/\/api.w.org\/{rel}","templated":true}]}}