{"id":12607,"date":"2025-09-04T08:29:36","date_gmt":"2025-09-04T08:29:36","guid":{"rendered":"https:\/\/focus-project.eu\/game-5-memory-skills-game-family-story-lt\/"},"modified":"2026-02-10T13:28:39","modified_gmt":"2026-02-10T13:28:39","slug":"game-5-memory-skills-game-family-story-lt","status":"publish","type":"page","link":"https:\/\/focus-project.eu\/lt\/game-5-memory-skills-game-family-story-lt\/","title":{"rendered":"Game 5: Memory Skills \/ Game: Family Story LT"},"content":{"rendered":"\t\t<div data-elementor-type=\"wp-page\" data-elementor-id=\"12607\" class=\"elementor elementor-12607 elementor-8596\" data-elementor-post-type=\"page\">\n\t\t\t\t<div class=\"elementor-element elementor-element-c3f7e48 e-flex e-con-boxed e-con e-parent\" data-id=\"c3f7e48\" data-element_type=\"container\">\n\t\t\t\t\t<div class=\"e-con-inner\">\n\t\t\t\t<div class=\"elementor-element elementor-element-a5b163d elementor-widget elementor-widget-spacer\" data-id=\"a5b163d\" data-element_type=\"widget\" data-widget_type=\"spacer.default\">\n\t\t\t\t<div class=\"elementor-widget-container\">\n\t\t\t\t\t\t\t<div class=\"elementor-spacer\">\n\t\t\t<div class=\"elementor-spacer-inner\"><\/div>\n\t\t<\/div>\n\t\t\t\t\t\t<\/div>\n\t\t\t\t<\/div>\n\t\t<div class=\"elementor-element elementor-element-ef626b1 e-con-full e-flex e-con e-child\" data-id=\"ef626b1\" data-element_type=\"container\">\n\t\t<div class=\"elementor-element elementor-element-04c4a49 e-con-full e-flex e-con e-child\" data-id=\"04c4a49\" data-element_type=\"container\">\n\t\t\t\t<div class=\"elementor-element elementor-element-2a2eef8 elementor-widget elementor-widget-heading\" data-id=\"2a2eef8\" data-element_type=\"widget\" data-widget_type=\"heading.default\">\n\t\t\t\t<div class=\"elementor-widget-container\">\n\t\t\t\t\t<h2 class=\"elementor-heading-title elementor-size-default\">5 \u017eaidimas: Atminties \u012fg\u016bd\u017eiai<\/h2>\t\t\t\t<\/div>\n\t\t\t\t<\/div>\n\t\t\t\t<div class=\"elementor-element elementor-element-9a7f456 elementor-widget elementor-widget-text-editor\" data-id=\"9a7f456\" data-element_type=\"widget\" data-widget_type=\"text-editor.default\">\n\t\t\t\t<div class=\"elementor-widget-container\">\n\t\t\t\t\t\t\t\t\t<p>\u0160is \u017eaidimas skirtas atminties \u012fg\u016bd\u017eiams lavinti.<\/p>\n<p>Atmintis \u2013 tai m\u016bs\u0173 smegen\u0173 geb\u0117jimas \u012fsiminti dalykus, pavyzd\u017eiui, naujus \u017eod\u017eius, \u017eaidimo veiksmus ar net tai, k\u0105 k\u0105 tik pasak\u0117 m\u016bs\u0173 draugai. Vaikams geresn\u0117 atmintis palengvina moksl\u0105 ir kasdien\u012f gyvenim\u0105. \u017daisdami atminties \u017eaidimus, jie mokosi laikytis instrukcij\u0173, sekti veiksmus ir \u012fsiminti svarbius faktus. Tai taip pat padeda jiems i\u0161likti organizuotiems ir susikaupusiems atliekant u\u017eduotis. Geri atminties \u012fg\u016bd\u017eiai padeda lengviau skaityti, ra\u0161yti ir spr\u0119sti problemas. Kuo daugiau treniruojat\u0117s, tuo geriau \u012fsimenate, o tai stiprina pasitik\u0117jim\u0105 savimi ir daro mokym\u0105si smagesniu.<\/p>\n\t\t\t\t\t\t\t\t<\/div>\n\t\t\t\t<\/div>\n\t\t\t\t<\/div>\n\t\t<div class=\"elementor-element elementor-element-743f2f8 e-flex e-con-boxed e-con e-child\" data-id=\"743f2f8\" data-element_type=\"container\">\n\t\t\t\t\t<div class=\"e-con-inner\">\n\t\t\t\t<div class=\"elementor-element elementor-element-54fbcb7 elementor-widget elementor-widget-image\" data-id=\"54fbcb7\" data-element_type=\"widget\" data-widget_type=\"image.default\">\n\t\t\t\t<div class=\"elementor-widget-container\">\n\t\t\t\t\t\t\t\t\t\t\t\t\t\t\t<img fetchpriority=\"high\" decoding=\"async\" width=\"1200\" height=\"630\" src=\"https:\/\/focus-project.eu\/wp-content\/uploads\/2025\/09\/game_covers-05.jpg\" class=\"attachment-full size-full wp-image-9514\" alt=\"\" srcset=\"https:\/\/focus-project.eu\/wp-content\/uploads\/2025\/09\/game_covers-05.jpg 1200w, https:\/\/focus-project.eu\/wp-content\/uploads\/2025\/09\/game_covers-05-300x158.jpg 300w, https:\/\/focus-project.eu\/wp-content\/uploads\/2025\/09\/game_covers-05-1024x538.jpg 1024w, https:\/\/focus-project.eu\/wp-content\/uploads\/2025\/09\/game_covers-05-768x403.jpg 768w\" sizes=\"(max-width: 1200px) 100vw, 1200px\" \/>\t\t\t\t\t\t\t\t\t\t\t\t\t\t\t<\/div>\n\t\t\t\t<\/div>\n\t\t\t\t\t<\/div>\n\t\t\t\t<\/div>\n\t\t\t\t<\/div>\n\t\t\t\t\t<\/div>\n\t\t\t\t<\/div>\n\t\t<div class=\"elementor-element elementor-element-add2b52 e-flex e-con-boxed e-con e-parent\" data-id=\"add2b52\" data-element_type=\"container\">\n\t\t\t\t\t<div class=\"e-con-inner\">\n\t\t\t\t<div class=\"elementor-element elementor-element-40efdb0 elementor-widget elementor-widget-spacer\" data-id=\"40efdb0\" data-element_type=\"widget\" data-widget_type=\"spacer.default\">\n\t\t\t\t<div class=\"elementor-widget-container\">\n\t\t\t\t\t\t\t<div class=\"elementor-spacer\">\n\t\t\t<div class=\"elementor-spacer-inner\"><\/div>\n\t\t<\/div>\n\t\t\t\t\t\t<\/div>\n\t\t\t\t<\/div>\n\t\t\t\t<div class=\"elementor-element elementor-element-b5f626b elementor-widget elementor-widget-heading\" data-id=\"b5f626b\" data-element_type=\"widget\" data-widget_type=\"heading.default\">\n\t\t\t\t<div class=\"elementor-widget-container\">\n\t\t\t\t\t<h2 class=\"elementor-heading-title elementor-size-default\">Pasirinkite savo lyg\u012f<\/h2>\t\t\t\t<\/div>\n\t\t\t\t<\/div>\n\t\t\t\t<div class=\"elementor-element elementor-element-6f3ed33 elementor-widget elementor-widget-spacer\" data-id=\"6f3ed33\" data-element_type=\"widget\" data-widget_type=\"spacer.default\">\n\t\t\t\t<div class=\"elementor-widget-container\">\n\t\t\t\t\t\t\t<div class=\"elementor-spacer\">\n\t\t\t<div class=\"elementor-spacer-inner\"><\/div>\n\t\t<\/div>\n\t\t\t\t\t\t<\/div>\n\t\t\t\t<\/div>\n\t\t\t\t\t<\/div>\n\t\t\t\t<\/div>\n\t\t<div class=\"elementor-element elementor-element-ea959e5 e-flex e-con-boxed e-con e-parent\" data-id=\"ea959e5\" data-element_type=\"container\">\n\t\t\t\t\t<div class=\"e-con-inner\">\n\t\t<div class=\"elementor-element elementor-element-fd5b905 e-flex e-con-boxed e-con e-child\" data-id=\"fd5b905\" data-element_type=\"container\">\n\t\t\t\t\t<div class=\"e-con-inner\">\n\t\t<div class=\"elementor-element elementor-element-1d49e61 e-con-full e-flex e-con e-child\" data-id=\"1d49e61\" data-element_type=\"container\">\n\t\t\t\t<div class=\"elementor-element elementor-element-5612211 elementor-align-justify elementor-mobile-align-justify elementor-widget elementor-widget-button\" data-id=\"5612211\" data-element_type=\"widget\" data-widget_type=\"button.default\">\n\t\t\t\t<div class=\"elementor-widget-container\">\n\t\t\t\t\t\t\t\t\t<div class=\"elementor-button-wrapper\">\n\t\t\t\t\t<a class=\"elementor-button elementor-button-link elementor-size-sm elementor-animation-shrink\" href=\"https:\/\/focus-project.eu\/lt\/game-5-memory-skills-game-family-story-lt\/game-5-level-1-lt\/\">\n\t\t\t\t\t\t<span class=\"elementor-button-content-wrapper\">\n\t\t\t\t\t\t\t\t\t<span class=\"elementor-button-text\">1 lygis<\/span>\n\t\t\t\t\t<\/span>\n\t\t\t\t\t<\/a>\n\t\t\t\t<\/div>\n\t\t\t\t\t\t\t\t<\/div>\n\t\t\t\t<\/div>\n\t\t\t\t<\/div>\n\t\t<div class=\"elementor-element elementor-element-f095aea e-con-full e-flex e-con e-child\" data-id=\"f095aea\" data-element_type=\"container\">\n\t\t\t\t<div class=\"elementor-element elementor-element-efbc694 elementor-align-justify elementor-mobile-align-justify elementor-widget elementor-widget-button\" data-id=\"efbc694\" data-element_type=\"widget\" data-widget_type=\"button.default\">\n\t\t\t\t<div class=\"elementor-widget-container\">\n\t\t\t\t\t\t\t\t\t<div class=\"elementor-button-wrapper\">\n\t\t\t\t\t<a class=\"elementor-button elementor-button-link elementor-size-sm elementor-animation-shrink\" href=\"https:\/\/focus-project.eu\/lt\/game-5-memory-skills-game-family-story-lt\/game-5-level-2-lt\/\">\n\t\t\t\t\t\t<span class=\"elementor-button-content-wrapper\">\n\t\t\t\t\t\t\t\t\t<span class=\"elementor-button-text\">2 lygis<\/span>\n\t\t\t\t\t<\/span>\n\t\t\t\t\t<\/a>\n\t\t\t\t<\/div>\n\t\t\t\t\t\t\t\t<\/div>\n\t\t\t\t<\/div>\n\t\t\t\t<\/div>\n\t\t<div class=\"elementor-element elementor-element-9597bdc e-con-full e-flex e-con e-child\" data-id=\"9597bdc\" data-element_type=\"container\">\n\t\t\t\t<div class=\"elementor-element elementor-element-8168027 elementor-align-justify elementor-mobile-align-justify elementor-widget elementor-widget-button\" data-id=\"8168027\" data-element_type=\"widget\" data-widget_type=\"button.default\">\n\t\t\t\t<div class=\"elementor-widget-container\">\n\t\t\t\t\t\t\t\t\t<div class=\"elementor-button-wrapper\">\n\t\t\t\t\t<a class=\"elementor-button elementor-button-link elementor-size-sm elementor-animation-shrink\" href=\"https:\/\/focus-project.eu\/lt\/game-5-memory-skills-game-family-story-lt\/game-5-level-3-lt\/\">\n\t\t\t\t\t\t<span class=\"elementor-button-content-wrapper\">\n\t\t\t\t\t\t\t\t\t<span class=\"elementor-button-text\">3 lygis<\/span>\n\t\t\t\t\t<\/span>\n\t\t\t\t\t<\/a>\n\t\t\t\t<\/div>\n\t\t\t\t\t\t\t\t<\/div>\n\t\t\t\t<\/div>\n\t\t\t\t<\/div>\n\t\t\t\t\t<\/div>\n\t\t\t\t<\/div>\n\t\t\t\t\t<\/div>\n\t\t\t\t<\/div>\n\t\t<div class=\"elementor-element elementor-element-6faad36 e-flex e-con-boxed e-con e-parent\" data-id=\"6faad36\" data-element_type=\"container\">\n\t\t\t\t\t<div class=\"e-con-inner\">\n\t\t\t\t<div class=\"elementor-element elementor-element-56e8a4a elementor-widget elementor-widget-spacer\" data-id=\"56e8a4a\" data-element_type=\"widget\" data-widget_type=\"spacer.default\">\n\t\t\t\t<div class=\"elementor-widget-container\">\n\t\t\t\t\t\t\t<div class=\"elementor-spacer\">\n\t\t\t<div class=\"elementor-spacer-inner\"><\/div>\n\t\t<\/div>\n\t\t\t\t\t\t<\/div>\n\t\t\t\t<\/div>\n\t\t\t\t<div class=\"elementor-element elementor-element-7e84171 elementor-align-center elementor-mobile-align-justify elementor-widget elementor-widget-button\" data-id=\"7e84171\" data-element_type=\"widget\" data-widget_type=\"button.default\">\n\t\t\t\t<div class=\"elementor-widget-container\">\n\t\t\t\t\t\t\t\t\t<div class=\"elementor-button-wrapper\">\n\t\t\t\t\t<a class=\"elementor-button elementor-button-link elementor-size-sm elementor-animation-shrink\" href=\"https:\/\/focus-project.eu\/lt\/all-games-lt\/\">\n\t\t\t\t\t\t<span class=\"elementor-button-content-wrapper\">\n\t\t\t\t\t\t<span class=\"elementor-button-icon\">\n\t\t\t\t<svg aria-hidden=\"true\" class=\"e-font-icon-svg e-far-arrow-alt-circle-left\" viewBox=\"0 0 512 512\" xmlns=\"http:\/\/www.w3.org\/2000\/svg\"><path d=\"M8 256c0 137 111 248 248 248s248-111 248-248S393 8 256 8 8 119 8 256zm448 0c0 110.5-89.5 200-200 200S56 366.5 56 256 145.5 56 256 56s200 89.5 200 200zm-72-20v40c0 6.6-5.4 12-12 12H256v67c0 10.7-12.9 16-20.5 8.5l-99-99c-4.7-4.7-4.7-12.3 0-17l99-99c7.6-7.6 20.5-2.2 20.5 8.5v67h116c6.6 0 12 5.4 12 12z\"><\/path><\/svg>\t\t\t<\/span>\n\t\t\t\t\t\t\t\t\t<span class=\"elementor-button-text\">Gr\u012f\u017eti \u012f \u017eaidimus<\/span>\n\t\t\t\t\t<\/span>\n\t\t\t\t\t<\/a>\n\t\t\t\t<\/div>\n\t\t\t\t\t\t\t\t<\/div>\n\t\t\t\t<\/div>\n\t\t\t\t<div class=\"elementor-element elementor-element-6085d4a elementor-widget elementor-widget-spacer\" data-id=\"6085d4a\" data-element_type=\"widget\" data-widget_type=\"spacer.default\">\n\t\t\t\t<div class=\"elementor-widget-container\">\n\t\t\t\t\t\t\t<div class=\"elementor-spacer\">\n\t\t\t<div class=\"elementor-spacer-inner\"><\/div>\n\t\t<\/div>\n\t\t\t\t\t\t<\/div>\n\t\t\t\t<\/div>\n\t\t\t\t\t<\/div>\n\t\t\t\t<\/div>\n\t\t\t\t<\/div>\n\t\t","protected":false},"excerpt":{"rendered":"<p>5 \u017eaidimas: Atminties \u012fg\u016bd\u017eiai \u0160is \u017eaidimas skirtas atminties \u012fg\u016bd\u017eiams lavinti. Atmintis \u2013 tai m\u016bs\u0173 smegen\u0173 geb\u0117jimas \u012fsiminti dalykus, pavyzd\u017eiui, naujus \u017eod\u017eius, \u017eaidimo veiksmus ar net tai, k\u0105 k\u0105 tik pasak\u0117 m\u016bs\u0173 draugai. Vaikams geresn\u0117 atmintis palengvina moksl\u0105 ir kasdien\u012f gyvenim\u0105. \u017daisdami atminties \u017eaidimus, jie mokosi laikytis instrukcij\u0173, sekti veiksmus ir \u012fsiminti svarbius faktus. Tai taip [&hellip;]<\/p>\n","protected":false},"author":4,"featured_media":9514,"parent":0,"menu_order":0,"comment_status":"closed","ping_status":"closed","template":"","meta":{"footnotes":""},"class_list":["post-12607","page","type-page","status-publish","has-post-thumbnail","hentry"],"_links":{"self":[{"href":"https:\/\/focus-project.eu\/lt\/wp-json\/wp\/v2\/pages\/12607","targetHints":{"allow":["GET"]}}],"collection":[{"href":"https:\/\/focus-project.eu\/lt\/wp-json\/wp\/v2\/pages"}],"about":[{"href":"https:\/\/focus-project.eu\/lt\/wp-json\/wp\/v2\/types\/page"}],"author":[{"embeddable":true,"href":"https:\/\/focus-project.eu\/lt\/wp-json\/wp\/v2\/users\/4"}],"replies":[{"embeddable":true,"href":"https:\/\/focus-project.eu\/lt\/wp-json\/wp\/v2\/comments?post=12607"}],"version-history":[{"count":7,"href":"https:\/\/focus-project.eu\/lt\/wp-json\/wp\/v2\/pages\/12607\/revisions"}],"predecessor-version":[{"id":12717,"href":"https:\/\/focus-project.eu\/lt\/wp-json\/wp\/v2\/pages\/12607\/revisions\/12717"}],"wp:featuredmedia":[{"embeddable":true,"href":"https:\/\/focus-project.eu\/lt\/wp-json\/wp\/v2\/media\/9514"}],"wp:attachment":[{"href":"https:\/\/focus-project.eu\/lt\/wp-json\/wp\/v2\/media?parent=12607"}],"curies":[{"name":"wp","href":"https:\/\/api.w.org\/{rel}","templated":true}]}}