{"id":12598,"date":"2025-09-18T08:15:31","date_gmt":"2025-09-18T08:15:31","guid":{"rendered":"https:\/\/focus-project.eu\/game-4-making-hypotheses-enhancing-abstract-thinking-lt\/game-4-level-3-lt\/"},"modified":"2026-02-10T13:24:12","modified_gmt":"2026-02-10T13:24:12","slug":"game-4-level-3-lt","status":"publish","type":"page","link":"https:\/\/focus-project.eu\/lt\/game-4-making-hypotheses-enhancing-abstract-thinking-lt\/game-4-level-3-lt\/","title":{"rendered":"Game 4: Level 3 LT"},"content":{"rendered":"\t\t<div data-elementor-type=\"wp-page\" data-elementor-id=\"12598\" class=\"elementor elementor-12598 elementor-8984\" data-elementor-post-type=\"page\">\n\t\t\t\t<div class=\"elementor-element elementor-element-bfe884a e-flex e-con-boxed e-con e-parent\" data-id=\"bfe884a\" data-element_type=\"container\">\n\t\t\t\t\t<div class=\"e-con-inner\">\n\t\t\t\t<div class=\"elementor-element elementor-element-5ce86bb elementor-widget elementor-widget-spacer\" data-id=\"5ce86bb\" data-element_type=\"widget\" data-widget_type=\"spacer.default\">\n\t\t\t\t<div class=\"elementor-widget-container\">\n\t\t\t\t\t\t\t<div class=\"elementor-spacer\">\n\t\t\t<div class=\"elementor-spacer-inner\"><\/div>\n\t\t<\/div>\n\t\t\t\t\t\t<\/div>\n\t\t\t\t<\/div>\n\t\t\t\t<div class=\"elementor-element elementor-element-16f5fde elementor-widget elementor-widget-heading\" data-id=\"16f5fde\" data-element_type=\"widget\" data-widget_type=\"heading.default\">\n\t\t\t\t<div class=\"elementor-widget-container\">\n\t\t\t\t\t<h2 class=\"elementor-heading-title elementor-size-default\">4 \u017eaidimas: Hipotezi\u0173 k\u016brimas ir abstraktaus m\u0105stymo stiprinimas<\/h2>\t\t\t\t<\/div>\n\t\t\t\t<\/div>\n\t\t\t\t<div class=\"elementor-element elementor-element-fcd84f6 elementor-hidden-mobile elementor-widget elementor-widget-spacer\" data-id=\"fcd84f6\" data-element_type=\"widget\" data-widget_type=\"spacer.default\">\n\t\t\t\t<div class=\"elementor-widget-container\">\n\t\t\t\t\t\t\t<div class=\"elementor-spacer\">\n\t\t\t<div class=\"elementor-spacer-inner\"><\/div>\n\t\t<\/div>\n\t\t\t\t\t\t<\/div>\n\t\t\t\t<\/div>\n\t\t\t\t\t<\/div>\n\t\t\t\t<\/div>\n\t\t<div class=\"elementor-element elementor-element-f7328d3 e-flex e-con-boxed e-con e-parent\" data-id=\"f7328d3\" data-element_type=\"container\">\n\t\t\t\t\t<div class=\"e-con-inner\">\n\t\t<div class=\"elementor-element elementor-element-f52d9b2 e-con-full e-flex e-con e-child\" data-id=\"f52d9b2\" data-element_type=\"container\">\n\t\t\t\t<div class=\"elementor-element elementor-element-d40a7da elementor-widget elementor-widget-heading\" data-id=\"d40a7da\" data-element_type=\"widget\" data-widget_type=\"heading.default\">\n\t\t\t\t<div class=\"elementor-widget-container\">\n\t\t\t\t\t<h3 class=\"elementor-heading-title elementor-size-default\">3 lygis<\/h3>\t\t\t\t<\/div>\n\t\t\t\t<\/div>\n\t\t\t\t<div class=\"elementor-element elementor-element-d62047e elementor-widget elementor-widget-heading\" data-id=\"d62047e\" data-element_type=\"widget\" data-widget_type=\"heading.default\">\n\t\t\t\t<div class=\"elementor-widget-container\">\n\t\t\t\t\t<h4 class=\"elementor-heading-title elementor-size-default\">Pasirinkite \u017eaidimo tip\u0105<\/h4>\t\t\t\t<\/div>\n\t\t\t\t<\/div>\n\t\t<div class=\"elementor-element elementor-element-3e45307 e-con-full e-flex e-con e-child\" data-id=\"3e45307\" data-element_type=\"container\">\n\t\t<div class=\"elementor-element elementor-element-2c57758 e-con-full e-flex e-con e-child\" data-id=\"2c57758\" data-element_type=\"container\">\n\t\t\t\t<div class=\"elementor-element elementor-element-9ec9fce elementor-align-justify elementor-mobile-align-justify elementor-widget elementor-widget-button\" data-id=\"9ec9fce\" data-element_type=\"widget\" data-widget_type=\"button.default\">\n\t\t\t\t<div class=\"elementor-widget-container\">\n\t\t\t\t\t\t\t\t\t<div class=\"elementor-button-wrapper\">\n\t\t\t\t\t<a class=\"elementor-button elementor-button-link elementor-size-sm elementor-animation-shrink\" href=\"https:\/\/focus-project.eu\/lt\/game-4-making-hypotheses-enhancing-abstract-thinking-lt\/game-4-level-3-lt\/game-4-level-3-skills-lt\/\">\n\t\t\t\t\t\t<span class=\"elementor-button-content-wrapper\">\n\t\t\t\t\t\t\t\t\t<span class=\"elementor-button-text\">\u012eg\u016bd\u017eiai<\/span>\n\t\t\t\t\t<\/span>\n\t\t\t\t\t<\/a>\n\t\t\t\t<\/div>\n\t\t\t\t\t\t\t\t<\/div>\n\t\t\t\t<\/div>\n\t\t\t\t<\/div>\n\t\t<div class=\"elementor-element elementor-element-ae65e8f e-con-full e-flex e-con e-child\" data-id=\"ae65e8f\" data-element_type=\"container\">\n\t\t\t\t<div class=\"elementor-element elementor-element-52fbdfc elementor-align-justify elementor-mobile-align-justify elementor-widget elementor-widget-button\" data-id=\"52fbdfc\" data-element_type=\"widget\" data-widget_type=\"button.default\">\n\t\t\t\t<div class=\"elementor-widget-container\">\n\t\t\t\t\t\t\t\t\t<div class=\"elementor-button-wrapper\">\n\t\t\t\t\t<a class=\"elementor-button elementor-button-link elementor-size-sm elementor-animation-shrink\" href=\"https:\/\/focus-project.eu\/lt\/game-4-making-hypotheses-enhancing-abstract-thinking-lt\/game-4-level-3-lt\/game-4-level-3-language-lt\/\">\n\t\t\t\t\t\t<span class=\"elementor-button-content-wrapper\">\n\t\t\t\t\t\t\t\t\t<span class=\"elementor-button-text\">Kalba<\/span>\n\t\t\t\t\t<\/span>\n\t\t\t\t\t<\/a>\n\t\t\t\t<\/div>\n\t\t\t\t\t\t\t\t<\/div>\n\t\t\t\t<\/div>\n\t\t\t\t<\/div>\n\t\t\t\t<\/div>\n\t\t<div class=\"elementor-element elementor-element-c848694 e-con-full elementor-hidden-mobile e-flex e-con e-child\" data-id=\"c848694\" data-element_type=\"container\">\n\t\t\t\t<div class=\"elementor-element elementor-element-da1261a elementor-widget elementor-widget-spacer\" data-id=\"da1261a\" data-element_type=\"widget\" data-widget_type=\"spacer.default\">\n\t\t\t\t<div class=\"elementor-widget-container\">\n\t\t\t\t\t\t\t<div class=\"elementor-spacer\">\n\t\t\t<div class=\"elementor-spacer-inner\"><\/div>\n\t\t<\/div>\n\t\t\t\t\t\t<\/div>\n\t\t\t\t<\/div>\n\t\t\t\t<\/div>\n\t\t\t\t<\/div>\n\t\t<div class=\"elementor-element elementor-element-b9db4b5 e-con-full e-flex e-con e-child\" data-id=\"b9db4b5\" data-element_type=\"container\">\n\t\t\t\t<div class=\"elementor-element elementor-element-b38b229 elementor-widget elementor-widget-image\" data-id=\"b38b229\" data-element_type=\"widget\" data-widget_type=\"image.default\">\n\t\t\t\t<div class=\"elementor-widget-container\">\n\t\t\t\t\t\t\t\t\t\t\t\t\t\t\t<img fetchpriority=\"high\" decoding=\"async\" width=\"1000\" height=\"1000\" src=\"https:\/\/focus-project.eu\/wp-content\/uploads\/2025\/09\/G4L3.jpg\" class=\"attachment-full size-full wp-image-9691\" alt=\"\" srcset=\"https:\/\/focus-project.eu\/wp-content\/uploads\/2025\/09\/G4L3.jpg 1000w, https:\/\/focus-project.eu\/wp-content\/uploads\/2025\/09\/G4L3-300x300.jpg 300w, https:\/\/focus-project.eu\/wp-content\/uploads\/2025\/09\/G4L3-150x150.jpg 150w, https:\/\/focus-project.eu\/wp-content\/uploads\/2025\/09\/G4L3-768x768.jpg 768w, https:\/\/focus-project.eu\/wp-content\/uploads\/2025\/09\/G4L3-700x700.jpg 700w\" sizes=\"(max-width: 1000px) 100vw, 1000px\" \/>\t\t\t\t\t\t\t\t\t\t\t\t\t\t\t<\/div>\n\t\t\t\t<\/div>\n\t\t\t\t<\/div>\n\t\t\t\t\t<\/div>\n\t\t\t\t<\/div>\n\t\t<div class=\"elementor-element elementor-element-8ef2b14 e-flex e-con-boxed e-con e-parent\" data-id=\"8ef2b14\" data-element_type=\"container\">\n\t\t\t\t\t<div class=\"e-con-inner\">\n\t\t\t\t<div class=\"elementor-element elementor-element-e2245d3 elementor-hidden-mobile elementor-widget elementor-widget-spacer\" data-id=\"e2245d3\" data-element_type=\"widget\" data-widget_type=\"spacer.default\">\n\t\t\t\t<div class=\"elementor-widget-container\">\n\t\t\t\t\t\t\t<div class=\"elementor-spacer\">\n\t\t\t<div class=\"elementor-spacer-inner\"><\/div>\n\t\t<\/div>\n\t\t\t\t\t\t<\/div>\n\t\t\t\t<\/div>\n\t\t\t\t<div class=\"elementor-element elementor-element-cc6f7f4 elementor-align-center elementor-mobile-align-justify elementor-widget elementor-widget-button\" data-id=\"cc6f7f4\" data-element_type=\"widget\" data-widget_type=\"button.default\">\n\t\t\t\t<div class=\"elementor-widget-container\">\n\t\t\t\t\t\t\t\t\t<div class=\"elementor-button-wrapper\">\n\t\t\t\t\t<a class=\"elementor-button elementor-button-link elementor-size-sm elementor-animation-shrink\" href=\"https:\/\/focus-project.eu\/lt\/all-games-lt\/\">\n\t\t\t\t\t\t<span class=\"elementor-button-content-wrapper\">\n\t\t\t\t\t\t<span class=\"elementor-button-icon\">\n\t\t\t\t<svg aria-hidden=\"true\" class=\"e-font-icon-svg e-far-arrow-alt-circle-left\" viewBox=\"0 0 512 512\" xmlns=\"http:\/\/www.w3.org\/2000\/svg\"><path d=\"M8 256c0 137 111 248 248 248s248-111 248-248S393 8 256 8 8 119 8 256zm448 0c0 110.5-89.5 200-200 200S56 366.5 56 256 145.5 56 256 56s200 89.5 200 200zm-72-20v40c0 6.6-5.4 12-12 12H256v67c0 10.7-12.9 16-20.5 8.5l-99-99c-4.7-4.7-4.7-12.3 0-17l99-99c7.6-7.6 20.5-2.2 20.5 8.5v67h116c6.6 0 12 5.4 12 12z\"><\/path><\/svg>\t\t\t<\/span>\n\t\t\t\t\t\t\t\t\t<span class=\"elementor-button-text\">Gr\u012f\u017eti \u012f \u017eaidimus<\/span>\n\t\t\t\t\t<\/span>\n\t\t\t\t\t<\/a>\n\t\t\t\t<\/div>\n\t\t\t\t\t\t\t\t<\/div>\n\t\t\t\t<\/div>\n\t\t\t\t<div class=\"elementor-element elementor-element-15e3c07 elementor-widget elementor-widget-spacer\" data-id=\"15e3c07\" data-element_type=\"widget\" data-widget_type=\"spacer.default\">\n\t\t\t\t<div class=\"elementor-widget-container\">\n\t\t\t\t\t\t\t<div class=\"elementor-spacer\">\n\t\t\t<div class=\"elementor-spacer-inner\"><\/div>\n\t\t<\/div>\n\t\t\t\t\t\t<\/div>\n\t\t\t\t<\/div>\n\t\t\t\t\t<\/div>\n\t\t\t\t<\/div>\n\t\t\t\t<\/div>\n\t\t","protected":false},"excerpt":{"rendered":"<p>4 \u017eaidimas: Hipotezi\u0173 k\u016brimas ir abstraktaus m\u0105stymo stiprinimas 3 lygis Pasirinkite \u017eaidimo tip\u0105 \u012eg\u016bd\u017eiai Kalba Gr\u012f\u017eti \u012f \u017eaidimus<\/p>\n","protected":false},"author":4,"featured_media":0,"parent":12575,"menu_order":0,"comment_status":"closed","ping_status":"closed","template":"","meta":{"footnotes":""},"class_list":["post-12598","page","type-page","status-publish","hentry"],"_links":{"self":[{"href":"https:\/\/focus-project.eu\/lt\/wp-json\/wp\/v2\/pages\/12598","targetHints":{"allow":["GET"]}}],"collection":[{"href":"https:\/\/focus-project.eu\/lt\/wp-json\/wp\/v2\/pages"}],"about":[{"href":"https:\/\/focus-project.eu\/lt\/wp-json\/wp\/v2\/types\/page"}],"author":[{"embeddable":true,"href":"https:\/\/focus-project.eu\/lt\/wp-json\/wp\/v2\/users\/4"}],"replies":[{"embeddable":true,"href":"https:\/\/focus-project.eu\/lt\/wp-json\/wp\/v2\/comments?post=12598"}],"version-history":[{"count":6,"href":"https:\/\/focus-project.eu\/lt\/wp-json\/wp\/v2\/pages\/12598\/revisions"}],"predecessor-version":[{"id":12714,"href":"https:\/\/focus-project.eu\/lt\/wp-json\/wp\/v2\/pages\/12598\/revisions\/12714"}],"up":[{"embeddable":true,"href":"https:\/\/focus-project.eu\/lt\/wp-json\/wp\/v2\/pages\/12575"}],"wp:attachment":[{"href":"https:\/\/focus-project.eu\/lt\/wp-json\/wp\/v2\/media?parent=12598"}],"curies":[{"name":"wp","href":"https:\/\/api.w.org\/{rel}","templated":true}]}}