{"id":12545,"date":"2025-09-04T08:28:53","date_gmt":"2025-09-04T08:28:53","guid":{"rendered":"https:\/\/focus-project.eu\/game-3-decision-making-game-lt\/"},"modified":"2026-02-10T13:17:32","modified_gmt":"2026-02-10T13:17:32","slug":"game-3-decision-making-game-lt","status":"publish","type":"page","link":"https:\/\/focus-project.eu\/lt\/game-3-decision-making-game-lt\/","title":{"rendered":"Game 3: Decision Making \/ Game LT"},"content":{"rendered":"\t\t<div data-elementor-type=\"wp-page\" data-elementor-id=\"12545\" class=\"elementor elementor-12545 elementor-8592\" data-elementor-post-type=\"page\">\n\t\t\t\t<div class=\"elementor-element elementor-element-091f125 e-flex e-con-boxed e-con e-parent\" data-id=\"091f125\" data-element_type=\"container\">\n\t\t\t\t\t<div class=\"e-con-inner\">\n\t\t\t\t<div class=\"elementor-element elementor-element-13ffb13 elementor-widget elementor-widget-spacer\" data-id=\"13ffb13\" data-element_type=\"widget\" data-widget_type=\"spacer.default\">\n\t\t\t\t<div class=\"elementor-widget-container\">\n\t\t\t\t\t\t\t<div class=\"elementor-spacer\">\n\t\t\t<div class=\"elementor-spacer-inner\"><\/div>\n\t\t<\/div>\n\t\t\t\t\t\t<\/div>\n\t\t\t\t<\/div>\n\t\t<div class=\"elementor-element elementor-element-fcfd3bc e-con-full e-flex e-con e-child\" data-id=\"fcfd3bc\" data-element_type=\"container\">\n\t\t<div class=\"elementor-element elementor-element-ae5a4c8 e-con-full e-flex e-con e-child\" data-id=\"ae5a4c8\" data-element_type=\"container\">\n\t\t\t\t<div class=\"elementor-element elementor-element-5b5bfe1 elementor-widget elementor-widget-heading\" data-id=\"5b5bfe1\" data-element_type=\"widget\" data-widget_type=\"heading.default\">\n\t\t\t\t<div class=\"elementor-widget-container\">\n\t\t\t\t\t<h2 class=\"elementor-heading-title elementor-size-default\">3 \u017eaidimas: Sprendim\u0173 pri\u0117mimas<\/h2>\t\t\t\t<\/div>\n\t\t\t\t<\/div>\n\t\t\t\t<div class=\"elementor-element elementor-element-0f6a27f elementor-widget elementor-widget-text-editor\" data-id=\"0f6a27f\" data-element_type=\"widget\" data-widget_type=\"text-editor.default\">\n\t\t\t\t<div class=\"elementor-widget-container\">\n\t\t\t\t\t\t\t\t\t<p>\u0160is \u017eaidimas, skirtas <strong>sprendim\u0173 pri\u0117mimo<\/strong> \u012fg\u016bd\u017eiams lavinti.<\/p>\n<p>Tai rei\u0161kia mokytis pasirinkti i\u0161 skirting\u0173 variant\u0173, lygiai taip pat, kaip kai nusprendi, kok\u012f \u017eaidim\u0105 \u017eaisti, kok\u012f u\u017ekand\u012f valgyti ar kok\u012f \u0117jim\u0105 atlikti toliau! \u017daisdami vaikai mokosi ap\u017evelgti kiekvieno pasirinkimo privalumus ir tr\u016bkumus ir pasirinkti geriausi\u0105. Tai padeda vaikams jaustis labiau pasitikintiems savimi ir nepriklausomiems. Be to, tai puikiai lavina problem\u0173 sprendimo \u012fg\u016bd\u017eius, nes i\u0161mokstama suskaidyti sud\u0117tingas situacijas \u012f ma\u017eesnius, lengvesnius \u017eingsnius. Kiekvien\u0105 kart\u0105 praktikuodami sprendim\u0173 pri\u0117mim\u0105, mokote savo smegenis i\u0161likti ramiomis, lanks\u010diomis ir pasiruo\u0161usiomis i\u0161\u0161\u016bkiams.<\/p>\n\t\t\t\t\t\t\t\t<\/div>\n\t\t\t\t<\/div>\n\t\t\t\t<\/div>\n\t\t<div class=\"elementor-element elementor-element-bfb487d e-flex e-con-boxed e-con e-child\" data-id=\"bfb487d\" data-element_type=\"container\">\n\t\t\t\t\t<div class=\"e-con-inner\">\n\t\t\t\t<div class=\"elementor-element elementor-element-79d9ab9 elementor-widget elementor-widget-image\" data-id=\"79d9ab9\" data-element_type=\"widget\" data-widget_type=\"image.default\">\n\t\t\t\t<div class=\"elementor-widget-container\">\n\t\t\t\t\t\t\t\t\t\t\t\t\t\t\t<img fetchpriority=\"high\" decoding=\"async\" width=\"1200\" height=\"630\" src=\"https:\/\/focus-project.eu\/wp-content\/uploads\/2025\/09\/game_covers-03.jpg\" class=\"attachment-full size-full wp-image-9493\" alt=\"\" srcset=\"https:\/\/focus-project.eu\/wp-content\/uploads\/2025\/09\/game_covers-03.jpg 1200w, https:\/\/focus-project.eu\/wp-content\/uploads\/2025\/09\/game_covers-03-300x158.jpg 300w, https:\/\/focus-project.eu\/wp-content\/uploads\/2025\/09\/game_covers-03-1024x538.jpg 1024w, https:\/\/focus-project.eu\/wp-content\/uploads\/2025\/09\/game_covers-03-768x403.jpg 768w\" sizes=\"(max-width: 1200px) 100vw, 1200px\" \/>\t\t\t\t\t\t\t\t\t\t\t\t\t\t\t<\/div>\n\t\t\t\t<\/div>\n\t\t\t\t\t<\/div>\n\t\t\t\t<\/div>\n\t\t\t\t<\/div>\n\t\t\t\t\t<\/div>\n\t\t\t\t<\/div>\n\t\t<div class=\"elementor-element elementor-element-a4cf408 e-flex e-con-boxed e-con e-parent\" data-id=\"a4cf408\" data-element_type=\"container\">\n\t\t\t\t\t<div class=\"e-con-inner\">\n\t\t\t\t<div class=\"elementor-element elementor-element-26ec3c3 elementor-widget elementor-widget-spacer\" data-id=\"26ec3c3\" data-element_type=\"widget\" data-widget_type=\"spacer.default\">\n\t\t\t\t<div class=\"elementor-widget-container\">\n\t\t\t\t\t\t\t<div class=\"elementor-spacer\">\n\t\t\t<div class=\"elementor-spacer-inner\"><\/div>\n\t\t<\/div>\n\t\t\t\t\t\t<\/div>\n\t\t\t\t<\/div>\n\t\t\t\t<div class=\"elementor-element elementor-element-ccaeea9 elementor-widget elementor-widget-heading\" data-id=\"ccaeea9\" data-element_type=\"widget\" data-widget_type=\"heading.default\">\n\t\t\t\t<div class=\"elementor-widget-container\">\n\t\t\t\t\t<h2 class=\"elementor-heading-title elementor-size-default\">Pasirinkite savo lyg\u012f<\/h2>\t\t\t\t<\/div>\n\t\t\t\t<\/div>\n\t\t\t\t<div class=\"elementor-element elementor-element-415de35 elementor-widget elementor-widget-spacer\" data-id=\"415de35\" data-element_type=\"widget\" data-widget_type=\"spacer.default\">\n\t\t\t\t<div class=\"elementor-widget-container\">\n\t\t\t\t\t\t\t<div class=\"elementor-spacer\">\n\t\t\t<div class=\"elementor-spacer-inner\"><\/div>\n\t\t<\/div>\n\t\t\t\t\t\t<\/div>\n\t\t\t\t<\/div>\n\t\t\t\t\t<\/div>\n\t\t\t\t<\/div>\n\t\t<div class=\"elementor-element elementor-element-9df3300 e-flex e-con-boxed e-con e-parent\" data-id=\"9df3300\" data-element_type=\"container\">\n\t\t\t\t\t<div class=\"e-con-inner\">\n\t\t<div class=\"elementor-element elementor-element-f885847 e-con-full e-flex e-con e-child\" data-id=\"f885847\" data-element_type=\"container\">\n\t\t<div class=\"elementor-element elementor-element-9983adf e-con-full e-flex e-con e-child\" data-id=\"9983adf\" data-element_type=\"container\">\n\t\t\t\t<div class=\"elementor-element elementor-element-6c6e8dc elementor-align-justify elementor-mobile-align-justify elementor-widget elementor-widget-button\" data-id=\"6c6e8dc\" data-element_type=\"widget\" data-widget_type=\"button.default\">\n\t\t\t\t<div class=\"elementor-widget-container\">\n\t\t\t\t\t\t\t\t\t<div class=\"elementor-button-wrapper\">\n\t\t\t\t\t<a class=\"elementor-button elementor-button-link elementor-size-sm elementor-animation-shrink\" href=\"https:\/\/focus-project.eu\/lt\/game-3-decision-making-game-lt\/game-3-level-1-lt\/\">\n\t\t\t\t\t\t<span class=\"elementor-button-content-wrapper\">\n\t\t\t\t\t\t\t\t\t<span class=\"elementor-button-text\">1 lygis<\/span>\n\t\t\t\t\t<\/span>\n\t\t\t\t\t<\/a>\n\t\t\t\t<\/div>\n\t\t\t\t\t\t\t\t<\/div>\n\t\t\t\t<\/div>\n\t\t\t\t<\/div>\n\t\t<div class=\"elementor-element elementor-element-5ded50f e-con-full e-flex e-con e-child\" data-id=\"5ded50f\" data-element_type=\"container\">\n\t\t\t\t<div class=\"elementor-element elementor-element-5f6d09b elementor-align-justify elementor-mobile-align-justify elementor-widget elementor-widget-button\" data-id=\"5f6d09b\" data-element_type=\"widget\" data-widget_type=\"button.default\">\n\t\t\t\t<div class=\"elementor-widget-container\">\n\t\t\t\t\t\t\t\t\t<div class=\"elementor-button-wrapper\">\n\t\t\t\t\t<a class=\"elementor-button elementor-button-link elementor-size-sm elementor-animation-shrink\" href=\"https:\/\/focus-project.eu\/lt\/game-3-decision-making-game-lt\/game-3-level-2-lt\/\">\n\t\t\t\t\t\t<span class=\"elementor-button-content-wrapper\">\n\t\t\t\t\t\t\t\t\t<span class=\"elementor-button-text\">2 lygis<\/span>\n\t\t\t\t\t<\/span>\n\t\t\t\t\t<\/a>\n\t\t\t\t<\/div>\n\t\t\t\t\t\t\t\t<\/div>\n\t\t\t\t<\/div>\n\t\t\t\t<\/div>\n\t\t<div class=\"elementor-element elementor-element-e825b0e e-con-full e-flex e-con e-child\" data-id=\"e825b0e\" data-element_type=\"container\">\n\t\t\t\t<div class=\"elementor-element elementor-element-e590eba elementor-align-justify elementor-mobile-align-justify elementor-widget elementor-widget-button\" data-id=\"e590eba\" data-element_type=\"widget\" data-widget_type=\"button.default\">\n\t\t\t\t<div class=\"elementor-widget-container\">\n\t\t\t\t\t\t\t\t\t<div class=\"elementor-button-wrapper\">\n\t\t\t\t\t<a class=\"elementor-button elementor-button-link elementor-size-sm elementor-animation-shrink\" href=\"https:\/\/focus-project.eu\/lt\/game-3-decision-making-game-lt\/game-3-level-3-lt\/\">\n\t\t\t\t\t\t<span class=\"elementor-button-content-wrapper\">\n\t\t\t\t\t\t\t\t\t<span class=\"elementor-button-text\">3 lygis<\/span>\n\t\t\t\t\t<\/span>\n\t\t\t\t\t<\/a>\n\t\t\t\t<\/div>\n\t\t\t\t\t\t\t\t<\/div>\n\t\t\t\t<\/div>\n\t\t\t\t<\/div>\n\t\t\t\t<\/div>\n\t\t\t\t\t<\/div>\n\t\t\t\t<\/div>\n\t\t<div class=\"elementor-element elementor-element-f9e0941 e-flex e-con-boxed e-con e-parent\" data-id=\"f9e0941\" data-element_type=\"container\">\n\t\t\t\t\t<div class=\"e-con-inner\">\n\t\t\t\t<div class=\"elementor-element elementor-element-91b3827 elementor-widget elementor-widget-spacer\" data-id=\"91b3827\" data-element_type=\"widget\" data-widget_type=\"spacer.default\">\n\t\t\t\t<div class=\"elementor-widget-container\">\n\t\t\t\t\t\t\t<div class=\"elementor-spacer\">\n\t\t\t<div class=\"elementor-spacer-inner\"><\/div>\n\t\t<\/div>\n\t\t\t\t\t\t<\/div>\n\t\t\t\t<\/div>\n\t\t\t\t<div class=\"elementor-element elementor-element-875de1f elementor-align-center elementor-mobile-align-justify elementor-widget elementor-widget-button\" data-id=\"875de1f\" data-element_type=\"widget\" data-widget_type=\"button.default\">\n\t\t\t\t<div class=\"elementor-widget-container\">\n\t\t\t\t\t\t\t\t\t<div class=\"elementor-button-wrapper\">\n\t\t\t\t\t<a class=\"elementor-button elementor-button-link elementor-size-sm elementor-animation-shrink\" href=\"https:\/\/focus-project.eu\/lt\/all-games-lt\/\">\n\t\t\t\t\t\t<span class=\"elementor-button-content-wrapper\">\n\t\t\t\t\t\t<span class=\"elementor-button-icon\">\n\t\t\t\t<svg aria-hidden=\"true\" class=\"e-font-icon-svg e-far-arrow-alt-circle-left\" viewBox=\"0 0 512 512\" xmlns=\"http:\/\/www.w3.org\/2000\/svg\"><path d=\"M8 256c0 137 111 248 248 248s248-111 248-248S393 8 256 8 8 119 8 256zm448 0c0 110.5-89.5 200-200 200S56 366.5 56 256 145.5 56 256 56s200 89.5 200 200zm-72-20v40c0 6.6-5.4 12-12 12H256v67c0 10.7-12.9 16-20.5 8.5l-99-99c-4.7-4.7-4.7-12.3 0-17l99-99c7.6-7.6 20.5-2.2 20.5 8.5v67h116c6.6 0 12 5.4 12 12z\"><\/path><\/svg>\t\t\t<\/span>\n\t\t\t\t\t\t\t\t\t<span class=\"elementor-button-text\">Gr\u012f\u017eti \u012f \u017eaidimus<\/span>\n\t\t\t\t\t<\/span>\n\t\t\t\t\t<\/a>\n\t\t\t\t<\/div>\n\t\t\t\t\t\t\t\t<\/div>\n\t\t\t\t<\/div>\n\t\t\t\t<div class=\"elementor-element elementor-element-dd72b4d elementor-widget elementor-widget-spacer\" data-id=\"dd72b4d\" data-element_type=\"widget\" data-widget_type=\"spacer.default\">\n\t\t\t\t<div class=\"elementor-widget-container\">\n\t\t\t\t\t\t\t<div class=\"elementor-spacer\">\n\t\t\t<div class=\"elementor-spacer-inner\"><\/div>\n\t\t<\/div>\n\t\t\t\t\t\t<\/div>\n\t\t\t\t<\/div>\n\t\t\t\t\t<\/div>\n\t\t\t\t<\/div>\n\t\t\t\t<\/div>\n\t\t","protected":false},"excerpt":{"rendered":"<p>3 \u017eaidimas: Sprendim\u0173 pri\u0117mimas \u0160is \u017eaidimas, skirtas sprendim\u0173 pri\u0117mimo \u012fg\u016bd\u017eiams lavinti. Tai rei\u0161kia mokytis pasirinkti i\u0161 skirting\u0173 variant\u0173, lygiai taip pat, kaip kai nusprendi, kok\u012f \u017eaidim\u0105 \u017eaisti, kok\u012f u\u017ekand\u012f valgyti ar kok\u012f \u0117jim\u0105 atlikti toliau! \u017daisdami vaikai mokosi ap\u017evelgti kiekvieno pasirinkimo privalumus ir tr\u016bkumus ir pasirinkti geriausi\u0105. Tai padeda vaikams jaustis labiau pasitikintiems savimi ir [&hellip;]<\/p>\n","protected":false},"author":4,"featured_media":9493,"parent":0,"menu_order":0,"comment_status":"closed","ping_status":"closed","template":"","meta":{"footnotes":""},"class_list":["post-12545","page","type-page","status-publish","has-post-thumbnail","hentry"],"_links":{"self":[{"href":"https:\/\/focus-project.eu\/lt\/wp-json\/wp\/v2\/pages\/12545","targetHints":{"allow":["GET"]}}],"collection":[{"href":"https:\/\/focus-project.eu\/lt\/wp-json\/wp\/v2\/pages"}],"about":[{"href":"https:\/\/focus-project.eu\/lt\/wp-json\/wp\/v2\/types\/page"}],"author":[{"embeddable":true,"href":"https:\/\/focus-project.eu\/lt\/wp-json\/wp\/v2\/users\/4"}],"replies":[{"embeddable":true,"href":"https:\/\/focus-project.eu\/lt\/wp-json\/wp\/v2\/comments?post=12545"}],"version-history":[{"count":7,"href":"https:\/\/focus-project.eu\/lt\/wp-json\/wp\/v2\/pages\/12545\/revisions"}],"predecessor-version":[{"id":12693,"href":"https:\/\/focus-project.eu\/lt\/wp-json\/wp\/v2\/pages\/12545\/revisions\/12693"}],"wp:featuredmedia":[{"embeddable":true,"href":"https:\/\/focus-project.eu\/lt\/wp-json\/wp\/v2\/media\/9493"}],"wp:attachment":[{"href":"https:\/\/focus-project.eu\/lt\/wp-json\/wp\/v2\/media?parent=12545"}],"curies":[{"name":"wp","href":"https:\/\/api.w.org\/{rel}","templated":true}]}}