{"id":12485,"date":"2025-09-04T08:28:02","date_gmt":"2025-09-04T08:28:02","guid":{"rendered":"https:\/\/focus-project.eu\/game-1-phonological-skills-lt\/"},"modified":"2026-02-10T08:15:43","modified_gmt":"2026-02-10T08:15:43","slug":"game-1-phonological-skills-lt","status":"publish","type":"page","link":"https:\/\/focus-project.eu\/lt\/game-1-phonological-skills-lt\/","title":{"rendered":"Game 1: Phonological Skills LT"},"content":{"rendered":"\t\t<div data-elementor-type=\"wp-page\" data-elementor-id=\"12485\" class=\"elementor elementor-12485 elementor-8588\" data-elementor-post-type=\"page\">\n\t\t\t\t<div class=\"elementor-element elementor-element-4e0723e e-flex e-con-boxed e-con e-parent\" data-id=\"4e0723e\" data-element_type=\"container\">\n\t\t\t\t\t<div class=\"e-con-inner\">\n\t\t\t\t<div class=\"elementor-element elementor-element-e130020 elementor-widget elementor-widget-spacer\" data-id=\"e130020\" data-element_type=\"widget\" data-widget_type=\"spacer.default\">\n\t\t\t\t<div class=\"elementor-widget-container\">\n\t\t\t\t\t\t\t<div class=\"elementor-spacer\">\n\t\t\t<div class=\"elementor-spacer-inner\"><\/div>\n\t\t<\/div>\n\t\t\t\t\t\t<\/div>\n\t\t\t\t<\/div>\n\t\t<div class=\"elementor-element elementor-element-8676eee e-con-full e-flex e-con e-child\" data-id=\"8676eee\" data-element_type=\"container\">\n\t\t<div class=\"elementor-element elementor-element-b6e5332 e-con-full e-flex e-con e-child\" data-id=\"b6e5332\" data-element_type=\"container\">\n\t\t\t\t<div class=\"elementor-element elementor-element-492c06f elementor-widget elementor-widget-heading\" data-id=\"492c06f\" data-element_type=\"widget\" data-widget_type=\"heading.default\">\n\t\t\t\t<div class=\"elementor-widget-container\">\n\t\t\t\t\t<h2 class=\"elementor-heading-title elementor-size-default\">1 \u017eaidimas: Fonologiniai \u012fg\u016bd\u017eiai<\/h2>\t\t\t\t<\/div>\n\t\t\t\t<\/div>\n\t\t\t\t<div class=\"elementor-element elementor-element-5d46ca5 elementor-widget elementor-widget-text-editor\" data-id=\"5d46ca5\" data-element_type=\"widget\" data-widget_type=\"text-editor.default\">\n\t\t\t\t<div class=\"elementor-widget-container\">\n\t\t\t\t\t\t\t\t\t<p>\u0160is \u017eaidimas, skirtas <strong>fonologiniams \u012fg\u016bd\u017eiams<\/strong> lavinti.<\/p>\n<p>Fonologiniai \u012fg\u016bd\u017eiai padeda mums \u017eaisti su \u017eod\u017ei\u0173 garsais. Kai gebate gird\u0117ti, skaidyti ir jungti garsus, tampa lengviau skaityti bei ra\u0161yti naujus \u017eod\u017eius. Vaikams, kuriems kartais sunku skaityti, pavyzd\u017eiui, turintiems disleksij\u0105, \u0161ie \u012fg\u016bd\u017eiai yra ypa\u010d naudingi. Lavindami fonologinius \u012fg\u016bd\u017eius, i\u0161moksite <strong>i\u0161\u0161ifruoti \u017eod\u017eius<\/strong>, skaityti <strong>skland\u017eiau<\/strong> ir geriau suprasti istorijas. Kuo daugiau praktikuojat\u0117s, tuo lengviau tampa skaityti, kalb\u0117ti ir net ra\u0161yti. Su \u0161iuo \u017eaidimu mokymasis tampa smagus, o kiekvienas garsas priartina jus prie s\u0117km\u0117s!<\/p>\n\t\t\t\t\t\t\t\t<\/div>\n\t\t\t\t<\/div>\n\t\t\t\t<\/div>\n\t\t<div class=\"elementor-element elementor-element-88f5d08 e-flex e-con-boxed e-con e-child\" data-id=\"88f5d08\" data-element_type=\"container\">\n\t\t\t\t\t<div class=\"e-con-inner\">\n\t\t\t\t<div class=\"elementor-element elementor-element-44ec5ba elementor-widget elementor-widget-image\" data-id=\"44ec5ba\" data-element_type=\"widget\" data-widget_type=\"image.default\">\n\t\t\t\t<div class=\"elementor-widget-container\">\n\t\t\t\t\t\t\t\t\t\t\t\t\t\t\t<img fetchpriority=\"high\" decoding=\"async\" width=\"1200\" height=\"630\" src=\"https:\/\/focus-project.eu\/wp-content\/uploads\/2025\/09\/game_covers-01.jpg\" class=\"attachment-full size-full wp-image-9465\" alt=\"\" srcset=\"https:\/\/focus-project.eu\/wp-content\/uploads\/2025\/09\/game_covers-01.jpg 1200w, https:\/\/focus-project.eu\/wp-content\/uploads\/2025\/09\/game_covers-01-300x158.jpg 300w, https:\/\/focus-project.eu\/wp-content\/uploads\/2025\/09\/game_covers-01-1024x538.jpg 1024w, https:\/\/focus-project.eu\/wp-content\/uploads\/2025\/09\/game_covers-01-768x403.jpg 768w\" sizes=\"(max-width: 1200px) 100vw, 1200px\" \/>\t\t\t\t\t\t\t\t\t\t\t\t\t\t\t<\/div>\n\t\t\t\t<\/div>\n\t\t\t\t\t<\/div>\n\t\t\t\t<\/div>\n\t\t\t\t<\/div>\n\t\t\t\t\t<\/div>\n\t\t\t\t<\/div>\n\t\t<div class=\"elementor-element elementor-element-1ab3398 e-flex e-con-boxed e-con e-parent\" data-id=\"1ab3398\" data-element_type=\"container\">\n\t\t\t\t\t<div class=\"e-con-inner\">\n\t\t\t\t<div class=\"elementor-element elementor-element-debbaac elementor-widget elementor-widget-spacer\" data-id=\"debbaac\" data-element_type=\"widget\" data-widget_type=\"spacer.default\">\n\t\t\t\t<div class=\"elementor-widget-container\">\n\t\t\t\t\t\t\t<div class=\"elementor-spacer\">\n\t\t\t<div class=\"elementor-spacer-inner\"><\/div>\n\t\t<\/div>\n\t\t\t\t\t\t<\/div>\n\t\t\t\t<\/div>\n\t\t\t\t<div class=\"elementor-element elementor-element-aaaafb0 elementor-widget elementor-widget-heading\" data-id=\"aaaafb0\" data-element_type=\"widget\" data-widget_type=\"heading.default\">\n\t\t\t\t<div class=\"elementor-widget-container\">\n\t\t\t\t\t<h2 class=\"elementor-heading-title elementor-size-default\">Pasirinkite savo lyg\u012f<\/h2>\t\t\t\t<\/div>\n\t\t\t\t<\/div>\n\t\t\t\t<div class=\"elementor-element elementor-element-329c3f2 elementor-widget elementor-widget-spacer\" data-id=\"329c3f2\" data-element_type=\"widget\" data-widget_type=\"spacer.default\">\n\t\t\t\t<div class=\"elementor-widget-container\">\n\t\t\t\t\t\t\t<div class=\"elementor-spacer\">\n\t\t\t<div class=\"elementor-spacer-inner\"><\/div>\n\t\t<\/div>\n\t\t\t\t\t\t<\/div>\n\t\t\t\t<\/div>\n\t\t\t\t\t<\/div>\n\t\t\t\t<\/div>\n\t\t<div class=\"elementor-element elementor-element-66a9250 e-flex e-con-boxed e-con e-parent\" data-id=\"66a9250\" data-element_type=\"container\">\n\t\t\t\t\t<div class=\"e-con-inner\">\n\t\t<div class=\"elementor-element elementor-element-f2fc016 e-con-full e-flex e-con e-child\" data-id=\"f2fc016\" data-element_type=\"container\">\n\t\t<div class=\"elementor-element elementor-element-0f37102 e-con-full e-flex e-con e-child\" data-id=\"0f37102\" data-element_type=\"container\">\n\t\t\t\t<div class=\"elementor-element elementor-element-cebe76b elementor-align-justify elementor-mobile-align-justify elementor-widget elementor-widget-button\" data-id=\"cebe76b\" data-element_type=\"widget\" data-widget_type=\"button.default\">\n\t\t\t\t<div class=\"elementor-widget-container\">\n\t\t\t\t\t\t\t\t\t<div class=\"elementor-button-wrapper\">\n\t\t\t\t\t<a class=\"elementor-button elementor-button-link elementor-size-sm elementor-animation-shrink\" href=\"https:\/\/focus-project.eu\/lt\/game-1-phonological-skills-lt\/game-1-level-1-lt\/\">\n\t\t\t\t\t\t<span class=\"elementor-button-content-wrapper\">\n\t\t\t\t\t\t\t\t\t<span class=\"elementor-button-text\">1 lygis<\/span>\n\t\t\t\t\t<\/span>\n\t\t\t\t\t<\/a>\n\t\t\t\t<\/div>\n\t\t\t\t\t\t\t\t<\/div>\n\t\t\t\t<\/div>\n\t\t\t\t<\/div>\n\t\t<div class=\"elementor-element elementor-element-e42d90e e-con-full e-flex e-con e-child\" data-id=\"e42d90e\" data-element_type=\"container\">\n\t\t\t\t<div class=\"elementor-element elementor-element-d9f55a0 elementor-align-justify elementor-mobile-align-justify elementor-widget elementor-widget-button\" data-id=\"d9f55a0\" data-element_type=\"widget\" data-widget_type=\"button.default\">\n\t\t\t\t<div class=\"elementor-widget-container\">\n\t\t\t\t\t\t\t\t\t<div class=\"elementor-button-wrapper\">\n\t\t\t\t\t<a class=\"elementor-button elementor-button-link elementor-size-sm elementor-animation-shrink\" href=\"https:\/\/focus-project.eu\/lt\/game-1-phonological-skills-lt\/game-1-level-2-lt\/\">\n\t\t\t\t\t\t<span class=\"elementor-button-content-wrapper\">\n\t\t\t\t\t\t\t\t\t<span class=\"elementor-button-text\">2 lygis<\/span>\n\t\t\t\t\t<\/span>\n\t\t\t\t\t<\/a>\n\t\t\t\t<\/div>\n\t\t\t\t\t\t\t\t<\/div>\n\t\t\t\t<\/div>\n\t\t\t\t<\/div>\n\t\t<div class=\"elementor-element elementor-element-aac7a65 e-con-full e-flex e-con e-child\" data-id=\"aac7a65\" data-element_type=\"container\">\n\t\t\t\t<div class=\"elementor-element elementor-element-d9f7926 elementor-align-justify elementor-mobile-align-justify elementor-widget elementor-widget-button\" data-id=\"d9f7926\" data-element_type=\"widget\" data-widget_type=\"button.default\">\n\t\t\t\t<div class=\"elementor-widget-container\">\n\t\t\t\t\t\t\t\t\t<div class=\"elementor-button-wrapper\">\n\t\t\t\t\t<a class=\"elementor-button elementor-button-link elementor-size-sm elementor-animation-shrink\" href=\"https:\/\/focus-project.eu\/lt\/game-1-phonological-skills-lt\/game-1-level-3-lt\/\">\n\t\t\t\t\t\t<span class=\"elementor-button-content-wrapper\">\n\t\t\t\t\t\t\t\t\t<span class=\"elementor-button-text\">3 lygis<\/span>\n\t\t\t\t\t<\/span>\n\t\t\t\t\t<\/a>\n\t\t\t\t<\/div>\n\t\t\t\t\t\t\t\t<\/div>\n\t\t\t\t<\/div>\n\t\t\t\t<\/div>\n\t\t\t\t<\/div>\n\t\t\t\t\t<\/div>\n\t\t\t\t<\/div>\n\t\t<div class=\"elementor-element elementor-element-87c23d6 e-flex e-con-boxed e-con e-parent\" data-id=\"87c23d6\" data-element_type=\"container\">\n\t\t\t\t\t<div class=\"e-con-inner\">\n\t\t\t\t<div class=\"elementor-element elementor-element-28196d3 elementor-widget elementor-widget-spacer\" data-id=\"28196d3\" data-element_type=\"widget\" data-widget_type=\"spacer.default\">\n\t\t\t\t<div class=\"elementor-widget-container\">\n\t\t\t\t\t\t\t<div class=\"elementor-spacer\">\n\t\t\t<div class=\"elementor-spacer-inner\"><\/div>\n\t\t<\/div>\n\t\t\t\t\t\t<\/div>\n\t\t\t\t<\/div>\n\t\t\t\t<div class=\"elementor-element elementor-element-ae75a19 elementor-align-center elementor-mobile-align-justify elementor-widget elementor-widget-button\" data-id=\"ae75a19\" data-element_type=\"widget\" data-widget_type=\"button.default\">\n\t\t\t\t<div class=\"elementor-widget-container\">\n\t\t\t\t\t\t\t\t\t<div class=\"elementor-button-wrapper\">\n\t\t\t\t\t<a class=\"elementor-button elementor-button-link elementor-size-sm elementor-animation-shrink\" href=\"https:\/\/focus-project.eu\/lt\/all-games-lt\/\">\n\t\t\t\t\t\t<span class=\"elementor-button-content-wrapper\">\n\t\t\t\t\t\t<span class=\"elementor-button-icon\">\n\t\t\t\t<svg aria-hidden=\"true\" class=\"e-font-icon-svg e-far-arrow-alt-circle-left\" viewBox=\"0 0 512 512\" xmlns=\"http:\/\/www.w3.org\/2000\/svg\"><path d=\"M8 256c0 137 111 248 248 248s248-111 248-248S393 8 256 8 8 119 8 256zm448 0c0 110.5-89.5 200-200 200S56 366.5 56 256 145.5 56 256 56s200 89.5 200 200zm-72-20v40c0 6.6-5.4 12-12 12H256v67c0 10.7-12.9 16-20.5 8.5l-99-99c-4.7-4.7-4.7-12.3 0-17l99-99c7.6-7.6 20.5-2.2 20.5 8.5v67h116c6.6 0 12 5.4 12 12z\"><\/path><\/svg>\t\t\t<\/span>\n\t\t\t\t\t\t\t\t\t<span class=\"elementor-button-text\">Gr\u012f\u017eti \u012f \u017eaidimus<\/span>\n\t\t\t\t\t<\/span>\n\t\t\t\t\t<\/a>\n\t\t\t\t<\/div>\n\t\t\t\t\t\t\t\t<\/div>\n\t\t\t\t<\/div>\n\t\t\t\t<div class=\"elementor-element elementor-element-e456049 elementor-widget elementor-widget-spacer\" data-id=\"e456049\" data-element_type=\"widget\" data-widget_type=\"spacer.default\">\n\t\t\t\t<div class=\"elementor-widget-container\">\n\t\t\t\t\t\t\t<div class=\"elementor-spacer\">\n\t\t\t<div class=\"elementor-spacer-inner\"><\/div>\n\t\t<\/div>\n\t\t\t\t\t\t<\/div>\n\t\t\t\t<\/div>\n\t\t\t\t\t<\/div>\n\t\t\t\t<\/div>\n\t\t\t\t<\/div>\n\t\t","protected":false},"excerpt":{"rendered":"<p>1 \u017eaidimas: Fonologiniai \u012fg\u016bd\u017eiai \u0160is \u017eaidimas, skirtas fonologiniams \u012fg\u016bd\u017eiams lavinti. Fonologiniai \u012fg\u016bd\u017eiai padeda mums \u017eaisti su \u017eod\u017ei\u0173 garsais. Kai gebate gird\u0117ti, skaidyti ir jungti garsus, tampa lengviau skaityti bei ra\u0161yti naujus \u017eod\u017eius. Vaikams, kuriems kartais sunku skaityti, pavyzd\u017eiui, turintiems disleksij\u0105, \u0161ie \u012fg\u016bd\u017eiai yra ypa\u010d naudingi. Lavindami fonologinius \u012fg\u016bd\u017eius, i\u0161moksite i\u0161\u0161ifruoti \u017eod\u017eius, skaityti skland\u017eiau ir geriau [&hellip;]<\/p>\n","protected":false},"author":4,"featured_media":9465,"parent":0,"menu_order":0,"comment_status":"closed","ping_status":"closed","template":"","meta":{"footnotes":""},"class_list":["post-12485","page","type-page","status-publish","has-post-thumbnail","hentry"],"_links":{"self":[{"href":"https:\/\/focus-project.eu\/lt\/wp-json\/wp\/v2\/pages\/12485","targetHints":{"allow":["GET"]}}],"collection":[{"href":"https:\/\/focus-project.eu\/lt\/wp-json\/wp\/v2\/pages"}],"about":[{"href":"https:\/\/focus-project.eu\/lt\/wp-json\/wp\/v2\/types\/page"}],"author":[{"embeddable":true,"href":"https:\/\/focus-project.eu\/lt\/wp-json\/wp\/v2\/users\/4"}],"replies":[{"embeddable":true,"href":"https:\/\/focus-project.eu\/lt\/wp-json\/wp\/v2\/comments?post=12485"}],"version-history":[{"count":4,"href":"https:\/\/focus-project.eu\/lt\/wp-json\/wp\/v2\/pages\/12485\/revisions"}],"predecessor-version":[{"id":12508,"href":"https:\/\/focus-project.eu\/lt\/wp-json\/wp\/v2\/pages\/12485\/revisions\/12508"}],"wp:featuredmedia":[{"embeddable":true,"href":"https:\/\/focus-project.eu\/lt\/wp-json\/wp\/v2\/media\/9465"}],"wp:attachment":[{"href":"https:\/\/focus-project.eu\/lt\/wp-json\/wp\/v2\/media?parent=12485"}],"curies":[{"name":"wp","href":"https:\/\/api.w.org\/{rel}","templated":true}]}}