{"id":2742,"date":"2024-01-22T07:42:08","date_gmt":"2024-01-22T07:42:08","guid":{"rendered":"https:\/\/focus-project.eu\/materiali\/"},"modified":"2026-01-28T11:58:34","modified_gmt":"2026-01-28T11:58:34","slug":"materiali","status":"publish","type":"page","link":"https:\/\/focus-project.eu\/it\/materiali\/","title":{"rendered":"Materiali"},"content":{"rendered":"\t\t<div data-elementor-type=\"wp-page\" data-elementor-id=\"2742\" class=\"elementor elementor-2742 elementor-23\" data-elementor-post-type=\"page\">\n\t\t\t\t<div class=\"elementor-element elementor-element-3d5c9f1 e-flex e-con-boxed e-con e-parent\" data-id=\"3d5c9f1\" data-element_type=\"container\" data-settings=\"{&quot;background_background&quot;:&quot;classic&quot;,&quot;background_motion_fx_motion_fx_scrolling&quot;:&quot;yes&quot;,&quot;background_motion_fx_translateY_effect&quot;:&quot;yes&quot;,&quot;background_motion_fx_translateY_speed&quot;:{&quot;unit&quot;:&quot;px&quot;,&quot;size&quot;:8.8,&quot;sizes&quot;:[]},&quot;background_motion_fx_translateX_effect&quot;:&quot;yes&quot;,&quot;background_motion_fx_translateX_direction&quot;:&quot;negative&quot;,&quot;background_motion_fx_translateX_speed&quot;:{&quot;unit&quot;:&quot;px&quot;,&quot;size&quot;:9.8,&quot;sizes&quot;:[]},&quot;background_motion_fx_devices&quot;:[&quot;desktop&quot;,&quot;tablet&quot;],&quot;background_motion_fx_translateY_affectedRange&quot;:{&quot;unit&quot;:&quot;%&quot;,&quot;size&quot;:&quot;&quot;,&quot;sizes&quot;:{&quot;start&quot;:0,&quot;end&quot;:100}},&quot;background_motion_fx_translateX_affectedRange&quot;:{&quot;unit&quot;:&quot;%&quot;,&quot;size&quot;:&quot;&quot;,&quot;sizes&quot;:{&quot;start&quot;:0,&quot;end&quot;:100}}}\">\n\t\t\t\t\t<div class=\"e-con-inner\">\n\t\t<div class=\"elementor-element elementor-element-0c09a64 e-con-full e-flex e-con e-child\" data-id=\"0c09a64\" data-element_type=\"container\">\n\t\t\t\t<div class=\"elementor-element elementor-element-359c180 elementor-absolute elementor-widget elementor-widget-image\" data-id=\"359c180\" data-element_type=\"widget\" data-settings=\"{&quot;_position&quot;:&quot;absolute&quot;,&quot;motion_fx_motion_fx_scrolling&quot;:&quot;yes&quot;,&quot;motion_fx_translateY_effect&quot;:&quot;yes&quot;,&quot;motion_fx_translateY_direction&quot;:&quot;negative&quot;,&quot;motion_fx_translateY_speed&quot;:{&quot;unit&quot;:&quot;px&quot;,&quot;size&quot;:4.6,&quot;sizes&quot;:[]},&quot;motion_fx_devices&quot;:[&quot;desktop&quot;,&quot;tablet&quot;],&quot;motion_fx_rotateZ_effect&quot;:&quot;yes&quot;,&quot;motion_fx_rotateZ_direction&quot;:&quot;negative&quot;,&quot;motion_fx_rotateZ_speed&quot;:{&quot;unit&quot;:&quot;px&quot;,&quot;size&quot;:7.9,&quot;sizes&quot;:[]},&quot;motion_fx_translateY_affectedRange&quot;:{&quot;unit&quot;:&quot;%&quot;,&quot;size&quot;:&quot;&quot;,&quot;sizes&quot;:{&quot;start&quot;:0,&quot;end&quot;:100}},&quot;motion_fx_rotateZ_affectedRange&quot;:{&quot;unit&quot;:&quot;%&quot;,&quot;size&quot;:&quot;&quot;,&quot;sizes&quot;:{&quot;start&quot;:0,&quot;end&quot;:100}}}\" data-widget_type=\"image.default\">\n\t\t\t\t<div class=\"elementor-widget-container\">\n\t\t\t\t\t\t\t\t\t\t\t\t\t\t\t<img fetchpriority=\"high\" decoding=\"async\" width=\"631\" height=\"631\" src=\"https:\/\/focus-project.eu\/wp-content\/uploads\/2024\/01\/Asset-6.svg\" class=\"attachment-full size-full wp-image-2295\" alt=\"\" \/>\t\t\t\t\t\t\t\t\t\t\t\t\t\t\t<\/div>\n\t\t\t\t<\/div>\n\t\t\t\t<div class=\"elementor-element elementor-element-2cc09a2 elementor-widget elementor-widget-image\" data-id=\"2cc09a2\" data-element_type=\"widget\" data-widget_type=\"image.default\">\n\t\t\t\t<div class=\"elementor-widget-container\">\n\t\t\t\t\t\t\t\t\t\t\t\t\t\t\t<img decoding=\"async\" width=\"1000\" height=\"1000\" src=\"https:\/\/focus-project.eu\/wp-content\/uploads\/2024\/02\/newsletter.png\" class=\"attachment-full size-full wp-image-2439\" alt=\"\" srcset=\"https:\/\/focus-project.eu\/wp-content\/uploads\/2024\/02\/newsletter.png 1000w, https:\/\/focus-project.eu\/wp-content\/uploads\/2024\/02\/newsletter-300x300.png 300w, https:\/\/focus-project.eu\/wp-content\/uploads\/2024\/02\/newsletter-150x150.png 150w, https:\/\/focus-project.eu\/wp-content\/uploads\/2024\/02\/newsletter-768x768.png 768w, https:\/\/focus-project.eu\/wp-content\/uploads\/2024\/02\/newsletter-700x700.png 700w\" sizes=\"(max-width: 1000px) 100vw, 1000px\" \/>\t\t\t\t\t\t\t\t\t\t\t\t\t\t\t<\/div>\n\t\t\t\t<\/div>\n\t\t\t\t<div class=\"elementor-element elementor-element-0c03d77 elementor-widget elementor-widget-heading\" data-id=\"0c03d77\" data-element_type=\"widget\" data-widget_type=\"heading.default\">\n\t\t\t\t<div class=\"elementor-widget-container\">\n\t\t\t\t\t<h2 class=\"elementor-heading-title elementor-size-default\">Materiali<\/h2>\t\t\t\t<\/div>\n\t\t\t\t<\/div>\n\t\t\t\t<\/div>\n\t\t<div class=\"elementor-element elementor-element-d8a9eb8 e-con-full e-flex e-con e-child\" data-id=\"d8a9eb8\" data-element_type=\"container\">\n\t\t\t\t<div class=\"elementor-element elementor-element-c69e287 elementor-absolute elementor-widget elementor-widget-image\" data-id=\"c69e287\" data-element_type=\"widget\" data-settings=\"{&quot;motion_fx_motion_fx_scrolling&quot;:&quot;yes&quot;,&quot;motion_fx_translateY_effect&quot;:&quot;yes&quot;,&quot;motion_fx_translateY_direction&quot;:&quot;negative&quot;,&quot;motion_fx_translateY_speed&quot;:{&quot;unit&quot;:&quot;px&quot;,&quot;size&quot;:1.5,&quot;sizes&quot;:[]},&quot;motion_fx_translateX_effect&quot;:&quot;yes&quot;,&quot;motion_fx_translateX_direction&quot;:&quot;negative&quot;,&quot;motion_fx_translateX_speed&quot;:{&quot;unit&quot;:&quot;px&quot;,&quot;size&quot;:4.5,&quot;sizes&quot;:[]},&quot;motion_fx_rotateZ_effect&quot;:&quot;yes&quot;,&quot;motion_fx_rotateZ_direction&quot;:&quot;negative&quot;,&quot;motion_fx_rotateZ_speed&quot;:{&quot;unit&quot;:&quot;px&quot;,&quot;size&quot;:10,&quot;sizes&quot;:[]},&quot;_position&quot;:&quot;absolute&quot;,&quot;motion_fx_devices&quot;:[&quot;desktop&quot;,&quot;tablet&quot;],&quot;motion_fx_translateY_affectedRange&quot;:{&quot;unit&quot;:&quot;%&quot;,&quot;size&quot;:&quot;&quot;,&quot;sizes&quot;:{&quot;start&quot;:0,&quot;end&quot;:100}},&quot;motion_fx_translateX_affectedRange&quot;:{&quot;unit&quot;:&quot;%&quot;,&quot;size&quot;:&quot;&quot;,&quot;sizes&quot;:{&quot;start&quot;:0,&quot;end&quot;:100}},&quot;motion_fx_rotateZ_affectedRange&quot;:{&quot;unit&quot;:&quot;%&quot;,&quot;size&quot;:&quot;&quot;,&quot;sizes&quot;:{&quot;start&quot;:0,&quot;end&quot;:100}}}\" data-widget_type=\"image.default\">\n\t\t\t\t<div class=\"elementor-widget-container\">\n\t\t\t\t\t\t\t\t\t\t\t\t\t\t\t<img decoding=\"async\" width=\"88\" height=\"88\" src=\"https:\/\/focus-project.eu\/wp-content\/uploads\/2024\/01\/purple-gradient-rectangle.svg\" class=\"attachment-full size-full wp-image-2227\" alt=\"\" \/>\t\t\t\t\t\t\t\t\t\t\t\t\t\t\t<\/div>\n\t\t\t\t<\/div>\n\t\t\t\t<\/div>\n\t\t\t\t\t<\/div>\n\t\t\t\t<\/div>\n\t\t<div class=\"elementor-element elementor-element-716b9bc e-flex e-con-boxed e-con e-parent\" data-id=\"716b9bc\" data-element_type=\"container\">\n\t\t\t\t\t<div class=\"e-con-inner\">\n\t\t<div class=\"elementor-element elementor-element-88f8998 e-con-full elementor-hidden-mobile e-flex e-con e-child\" data-id=\"88f8998\" data-element_type=\"container\">\n\t\t\t\t<div class=\"elementor-element elementor-element-b74e143 elementor-widget elementor-widget-image\" data-id=\"b74e143\" data-element_type=\"widget\" data-settings=\"{&quot;motion_fx_motion_fx_scrolling&quot;:&quot;yes&quot;,&quot;motion_fx_translateX_effect&quot;:&quot;yes&quot;,&quot;motion_fx_translateX_direction&quot;:&quot;negative&quot;,&quot;motion_fx_translateX_speed&quot;:{&quot;unit&quot;:&quot;px&quot;,&quot;size&quot;:6,&quot;sizes&quot;:[]},&quot;motion_fx_translateX_affectedRange&quot;:{&quot;unit&quot;:&quot;%&quot;,&quot;size&quot;:&quot;&quot;,&quot;sizes&quot;:{&quot;start&quot;:0,&quot;end&quot;:54}},&quot;motion_fx_devices&quot;:[&quot;desktop&quot;,&quot;tablet&quot;]}\" data-widget_type=\"image.default\">\n\t\t\t\t<div class=\"elementor-widget-container\">\n\t\t\t\t\t\t\t\t\t\t\t\t\t\t\t<img loading=\"lazy\" decoding=\"async\" width=\"500\" height=\"500\" src=\"https:\/\/focus-project.eu\/wp-content\/uploads\/2024\/02\/29661192_right_arrow_front.png\" class=\"attachment-full size-full wp-image-2327\" alt=\"\" srcset=\"https:\/\/focus-project.eu\/wp-content\/uploads\/2024\/02\/29661192_right_arrow_front.png 500w, https:\/\/focus-project.eu\/wp-content\/uploads\/2024\/02\/29661192_right_arrow_front-300x300.png 300w, https:\/\/focus-project.eu\/wp-content\/uploads\/2024\/02\/29661192_right_arrow_front-150x150.png 150w\" sizes=\"(max-width: 500px) 100vw, 500px\" \/>\t\t\t\t\t\t\t\t\t\t\t\t\t\t\t<\/div>\n\t\t\t\t<\/div>\n\t\t\t\t<\/div>\n\t\t<div class=\"elementor-element elementor-element-9765770 e-con-full e-flex e-con e-child\" data-id=\"9765770\" data-element_type=\"container\">\n\t\t\t\t<div class=\"elementor-element elementor-element-2f4c92a elementor-widget elementor-widget-heading\" data-id=\"2f4c92a\" data-element_type=\"widget\" data-widget_type=\"heading.default\">\n\t\t\t\t<div class=\"elementor-widget-container\">\n\t\t\t\t\t<h3 class=\"elementor-heading-title elementor-size-default\">Scopri le nostre novit\u00e0<\/h3>\t\t\t\t<\/div>\n\t\t\t\t<\/div>\n\t\t\t\t<div class=\"elementor-element elementor-element-a9c6c84 elementor-widget elementor-widget-text-editor\" data-id=\"a9c6c84\" data-element_type=\"widget\" data-widget_type=\"text-editor.default\">\n\t\t\t\t<div class=\"elementor-widget-container\">\n\t\t\t\t\t\t\t\t\t<p>Qui potete trovare materiale informativo scaricabile e importanti aggiornamenti relativi ai progressi del nostro progetto. Newsletter periodiche vi informeranno su attivit\u00e0, risultati e opportunit\u00e0 imminenti per rimanere al corrente, partecipare e spargere la voce su FOCUS.<\/p>\n\t\t\t\t\t\t\t\t<\/div>\n\t\t\t\t<\/div>\n\t\t\t\t<\/div>\n\t\t<div class=\"elementor-element elementor-element-13afff2 e-con-full elementor-hidden-mobile e-flex e-con e-child\" data-id=\"13afff2\" data-element_type=\"container\">\n\t\t\t\t<div class=\"elementor-element elementor-element-133b280 e-transform elementor-widget elementor-widget-image\" data-id=\"133b280\" data-element_type=\"widget\" data-settings=\"{&quot;motion_fx_motion_fx_scrolling&quot;:&quot;yes&quot;,&quot;motion_fx_translateX_effect&quot;:&quot;yes&quot;,&quot;motion_fx_translateX_speed&quot;:{&quot;unit&quot;:&quot;px&quot;,&quot;size&quot;:6,&quot;sizes&quot;:[]},&quot;motion_fx_translateX_affectedRange&quot;:{&quot;unit&quot;:&quot;%&quot;,&quot;size&quot;:&quot;&quot;,&quot;sizes&quot;:{&quot;start&quot;:0,&quot;end&quot;:54}},&quot;motion_fx_devices&quot;:[&quot;desktop&quot;,&quot;tablet&quot;],&quot;_transform_flipY_effect&quot;:&quot;transform&quot;}\" data-widget_type=\"image.default\">\n\t\t\t\t<div class=\"elementor-widget-container\">\n\t\t\t\t\t\t\t\t\t\t\t\t\t\t\t<img loading=\"lazy\" decoding=\"async\" width=\"500\" height=\"500\" src=\"https:\/\/focus-project.eu\/wp-content\/uploads\/2024\/02\/29661192_right_arrow_front-1.png\" class=\"attachment-full size-full wp-image-2331\" alt=\"\" srcset=\"https:\/\/focus-project.eu\/wp-content\/uploads\/2024\/02\/29661192_right_arrow_front-1.png 500w, https:\/\/focus-project.eu\/wp-content\/uploads\/2024\/02\/29661192_right_arrow_front-1-300x300.png 300w, https:\/\/focus-project.eu\/wp-content\/uploads\/2024\/02\/29661192_right_arrow_front-1-150x150.png 150w\" sizes=\"(max-width: 500px) 100vw, 500px\" \/>\t\t\t\t\t\t\t\t\t\t\t\t\t\t\t<\/div>\n\t\t\t\t<\/div>\n\t\t\t\t<\/div>\n\t\t\t\t\t<\/div>\n\t\t\t\t<\/div>\n\t\t<div class=\"elementor-element elementor-element-fb94fc5 e-flex e-con-boxed e-con e-parent\" data-id=\"fb94fc5\" data-element_type=\"container\">\n\t\t\t\t\t<div class=\"e-con-inner\">\n\t\t\t\t<div class=\"elementor-element elementor-element-8c661bf elementor-widget elementor-widget-spacer\" data-id=\"8c661bf\" data-element_type=\"widget\" data-widget_type=\"spacer.default\">\n\t\t\t\t<div class=\"elementor-widget-container\">\n\t\t\t\t\t\t\t<div class=\"elementor-spacer\">\n\t\t\t<div class=\"elementor-spacer-inner\"><\/div>\n\t\t<\/div>\n\t\t\t\t\t\t<\/div>\n\t\t\t\t<\/div>\n\t\t\t\t\t<\/div>\n\t\t\t\t<\/div>\n\t\t<div class=\"elementor-element elementor-element-97d26d3 e-flex e-con-boxed e-con e-parent\" data-id=\"97d26d3\" data-element_type=\"container\" data-settings=\"{&quot;background_background&quot;:&quot;classic&quot;}\">\n\t\t\t\t\t<div class=\"e-con-inner\">\n\t\t<div class=\"elementor-element elementor-element-25c0894 e-con-full e-flex e-con e-child\" data-id=\"25c0894\" data-element_type=\"container\" data-settings=\"{&quot;background_background&quot;:&quot;classic&quot;}\">\n\t\t\t\t<div class=\"elementor-element elementor-element-8f0f5ef elementor-widget elementor-widget-spacer\" data-id=\"8f0f5ef\" data-element_type=\"widget\" data-widget_type=\"spacer.default\">\n\t\t\t\t<div class=\"elementor-widget-container\">\n\t\t\t\t\t\t\t<div class=\"elementor-spacer\">\n\t\t\t<div class=\"elementor-spacer-inner\"><\/div>\n\t\t<\/div>\n\t\t\t\t\t\t<\/div>\n\t\t\t\t<\/div>\n\t\t\t\t<div class=\"elementor-element elementor-element-bd085f4 elementor-widget elementor-widget-text-editor\" data-id=\"bd085f4\" data-element_type=\"widget\" data-widget_type=\"text-editor.default\">\n\t\t\t\t<div class=\"elementor-widget-container\">\n\t\t\t\t\t\t\t\t\t<p>Poster<\/p>\n\t\t\t\t\t\t\t\t<\/div>\n\t\t\t\t<\/div>\n\t\t\t\t<div class=\"elementor-element elementor-element-ebbe690 elementor-widget elementor-widget-image\" data-id=\"ebbe690\" data-element_type=\"widget\" data-widget_type=\"image.default\">\n\t\t\t\t<div class=\"elementor-widget-container\">\n\t\t\t\t\t\t\t\t\t\t\t\t\t\t\t\t<a href=\"https:\/\/focus-project.eu\/wp-content\/uploads\/2026\/01\/IT_Focus-Poster_n.pdf\" target=\"_blank\">\n\t\t\t\t\t\t\t<img loading=\"lazy\" decoding=\"async\" width=\"1000\" height=\"1000\" src=\"https:\/\/focus-project.eu\/wp-content\/uploads\/2024\/06\/FOCUS_E\u039d_POSTER03.png\" class=\"attachment-full size-full wp-image-3151\" alt=\"\" srcset=\"https:\/\/focus-project.eu\/wp-content\/uploads\/2024\/06\/FOCUS_E\u039d_POSTER03.png 1000w, https:\/\/focus-project.eu\/wp-content\/uploads\/2024\/06\/FOCUS_E\u039d_POSTER03-300x300.png 300w, https:\/\/focus-project.eu\/wp-content\/uploads\/2024\/06\/FOCUS_E\u039d_POSTER03-150x150.png 150w, https:\/\/focus-project.eu\/wp-content\/uploads\/2024\/06\/FOCUS_E\u039d_POSTER03-768x768.png 768w, https:\/\/focus-project.eu\/wp-content\/uploads\/2024\/06\/FOCUS_E\u039d_POSTER03-700x700.png 700w\" sizes=\"(max-width: 1000px) 100vw, 1000px\" \/>\t\t\t\t\t\t\t\t<\/a>\n\t\t\t\t\t\t\t\t\t\t\t\t\t\t\t<\/div>\n\t\t\t\t<\/div>\n\t\t\t\t<div class=\"elementor-element elementor-element-c835567 elementor-align-center elementor-widget elementor-widget-button\" data-id=\"c835567\" data-element_type=\"widget\" data-widget_type=\"button.default\">\n\t\t\t\t<div class=\"elementor-widget-container\">\n\t\t\t\t\t\t\t\t\t<div class=\"elementor-button-wrapper\">\n\t\t\t\t\t<a class=\"elementor-button elementor-button-link elementor-size-sm\" href=\"https:\/\/focus-project.eu\/wp-content\/uploads\/2026\/01\/IT_Focus-Poster_n.pdf\" target=\"_blank\">\n\t\t\t\t\t\t<span class=\"elementor-button-content-wrapper\">\n\t\t\t\t\t\t\t\t\t<span class=\"elementor-button-text\">Scaricare<\/span>\n\t\t\t\t\t<\/span>\n\t\t\t\t\t<\/a>\n\t\t\t\t<\/div>\n\t\t\t\t\t\t\t\t<\/div>\n\t\t\t\t<\/div>\n\t\t\t\t<div class=\"elementor-element elementor-element-6935d29 elementor-widget elementor-widget-spacer\" data-id=\"6935d29\" data-element_type=\"widget\" data-widget_type=\"spacer.default\">\n\t\t\t\t<div class=\"elementor-widget-container\">\n\t\t\t\t\t\t\t<div class=\"elementor-spacer\">\n\t\t\t<div class=\"elementor-spacer-inner\"><\/div>\n\t\t<\/div>\n\t\t\t\t\t\t<\/div>\n\t\t\t\t<\/div>\n\t\t\t\t<\/div>\n\t\t<div class=\"elementor-element elementor-element-f7f8bc2 e-con-full e-flex e-con e-child\" data-id=\"f7f8bc2\" data-element_type=\"container\">\n\t\t\t\t<div class=\"elementor-element elementor-element-8f45075 elementor-widget elementor-widget-spacer\" data-id=\"8f45075\" data-element_type=\"widget\" data-widget_type=\"spacer.default\">\n\t\t\t\t<div class=\"elementor-widget-container\">\n\t\t\t\t\t\t\t<div class=\"elementor-spacer\">\n\t\t\t<div class=\"elementor-spacer-inner\"><\/div>\n\t\t<\/div>\n\t\t\t\t\t\t<\/div>\n\t\t\t\t<\/div>\n\t\t\t\t<div class=\"elementor-element elementor-element-90888fc elementor-widget elementor-widget-text-editor\" data-id=\"90888fc\" data-element_type=\"widget\" data-widget_type=\"text-editor.default\">\n\t\t\t\t<div class=\"elementor-widget-container\">\n\t\t\t\t\t\t\t\t\t<p>D\u00e9pliant<\/p>\n\t\t\t\t\t\t\t\t<\/div>\n\t\t\t\t<\/div>\n\t\t\t\t<div class=\"elementor-element elementor-element-d28f369 elementor-widget elementor-widget-image\" data-id=\"d28f369\" data-element_type=\"widget\" data-widget_type=\"image.default\">\n\t\t\t\t<div class=\"elementor-widget-container\">\n\t\t\t\t\t\t\t\t\t\t\t\t\t\t\t\t<a href=\"https:\/\/focus-project.eu\/wp-content\/uploads\/2026\/01\/IT-FOCUS-Brochure_n.pdf\" target=\"_blank\">\n\t\t\t\t\t\t\t<img loading=\"lazy\" decoding=\"async\" width=\"1000\" height=\"1000\" src=\"https:\/\/focus-project.eu\/wp-content\/uploads\/2024\/06\/FOCUS_Brochure_EN.png\" class=\"attachment-full size-full wp-image-3099\" alt=\"\" srcset=\"https:\/\/focus-project.eu\/wp-content\/uploads\/2024\/06\/FOCUS_Brochure_EN.png 1000w, https:\/\/focus-project.eu\/wp-content\/uploads\/2024\/06\/FOCUS_Brochure_EN-300x300.png 300w, https:\/\/focus-project.eu\/wp-content\/uploads\/2024\/06\/FOCUS_Brochure_EN-150x150.png 150w, https:\/\/focus-project.eu\/wp-content\/uploads\/2024\/06\/FOCUS_Brochure_EN-768x768.png 768w, https:\/\/focus-project.eu\/wp-content\/uploads\/2024\/06\/FOCUS_Brochure_EN-700x700.png 700w\" sizes=\"(max-width: 1000px) 100vw, 1000px\" \/>\t\t\t\t\t\t\t\t<\/a>\n\t\t\t\t\t\t\t\t\t\t\t\t\t\t\t<\/div>\n\t\t\t\t<\/div>\n\t\t\t\t<div class=\"elementor-element elementor-element-3b2ec58 elementor-align-center elementor-widget elementor-widget-button\" data-id=\"3b2ec58\" data-element_type=\"widget\" data-widget_type=\"button.default\">\n\t\t\t\t<div class=\"elementor-widget-container\">\n\t\t\t\t\t\t\t\t\t<div class=\"elementor-button-wrapper\">\n\t\t\t\t\t<a class=\"elementor-button elementor-button-link elementor-size-sm\" href=\"https:\/\/focus-project.eu\/wp-content\/uploads\/2026\/01\/IT-FOCUS-Brochure_n.pdf\" target=\"_blank\">\n\t\t\t\t\t\t<span class=\"elementor-button-content-wrapper\">\n\t\t\t\t\t\t\t\t\t<span class=\"elementor-button-text\">Scaricare<\/span>\n\t\t\t\t\t<\/span>\n\t\t\t\t\t<\/a>\n\t\t\t\t<\/div>\n\t\t\t\t\t\t\t\t<\/div>\n\t\t\t\t<\/div>\n\t\t\t\t<div class=\"elementor-element elementor-element-ecc4a00 elementor-widget elementor-widget-spacer\" data-id=\"ecc4a00\" data-element_type=\"widget\" data-widget_type=\"spacer.default\">\n\t\t\t\t<div class=\"elementor-widget-container\">\n\t\t\t\t\t\t\t<div class=\"elementor-spacer\">\n\t\t\t<div class=\"elementor-spacer-inner\"><\/div>\n\t\t<\/div>\n\t\t\t\t\t\t<\/div>\n\t\t\t\t<\/div>\n\t\t\t\t<\/div>\n\t\t\t\t\t<\/div>\n\t\t\t\t<\/div>\n\t\t<div class=\"elementor-element elementor-element-2c59337 e-flex e-con-boxed e-con e-parent\" data-id=\"2c59337\" data-element_type=\"container\" data-settings=\"{&quot;background_background&quot;:&quot;classic&quot;}\">\n\t\t\t\t\t<div class=\"e-con-inner\">\n\t\t<div class=\"elementor-element elementor-element-95c7dd9 e-con-full e-flex e-con e-child\" data-id=\"95c7dd9\" data-element_type=\"container\" data-settings=\"{&quot;background_background&quot;:&quot;classic&quot;}\">\n\t\t\t\t<div class=\"elementor-element elementor-element-268780e elementor-widget elementor-widget-spacer\" data-id=\"268780e\" data-element_type=\"widget\" data-widget_type=\"spacer.default\">\n\t\t\t\t<div class=\"elementor-widget-container\">\n\t\t\t\t\t\t\t<div class=\"elementor-spacer\">\n\t\t\t<div class=\"elementor-spacer-inner\"><\/div>\n\t\t<\/div>\n\t\t\t\t\t\t<\/div>\n\t\t\t\t<\/div>\n\t\t\t\t<div class=\"elementor-element elementor-element-4a50519 elementor-widget elementor-widget-text-editor\" data-id=\"4a50519\" data-element_type=\"widget\" data-widget_type=\"text-editor.default\">\n\t\t\t\t<div class=\"elementor-widget-container\">\n\t\t\t\t\t\t\t\t\t<p>1\u00b0 Newsletter<\/p>\t\t\t\t\t\t\t\t<\/div>\n\t\t\t\t<\/div>\n\t\t\t\t<div class=\"elementor-element elementor-element-ac7f30e elementor-widget elementor-widget-image\" data-id=\"ac7f30e\" data-element_type=\"widget\" data-widget_type=\"image.default\">\n\t\t\t\t<div class=\"elementor-widget-container\">\n\t\t\t\t\t\t\t\t\t\t\t\t\t\t\t\t<a href=\"https:\/\/focus-project.eu\/wp-content\/uploads\/2026\/01\/IT-FOCUS_Newsletter1_n.pdf\" target=\"_blank\">\n\t\t\t\t\t\t\t<img loading=\"lazy\" decoding=\"async\" width=\"1000\" height=\"1000\" src=\"https:\/\/focus-project.eu\/wp-content\/uploads\/2024\/06\/EL_FOCUS_Newsletter_EN.png\" class=\"attachment-full size-full wp-image-3137\" alt=\"\" srcset=\"https:\/\/focus-project.eu\/wp-content\/uploads\/2024\/06\/EL_FOCUS_Newsletter_EN.png 1000w, https:\/\/focus-project.eu\/wp-content\/uploads\/2024\/06\/EL_FOCUS_Newsletter_EN-300x300.png 300w, https:\/\/focus-project.eu\/wp-content\/uploads\/2024\/06\/EL_FOCUS_Newsletter_EN-150x150.png 150w, https:\/\/focus-project.eu\/wp-content\/uploads\/2024\/06\/EL_FOCUS_Newsletter_EN-768x768.png 768w, https:\/\/focus-project.eu\/wp-content\/uploads\/2024\/06\/EL_FOCUS_Newsletter_EN-700x700.png 700w\" sizes=\"(max-width: 1000px) 100vw, 1000px\" \/>\t\t\t\t\t\t\t\t<\/a>\n\t\t\t\t\t\t\t\t\t\t\t\t\t\t\t<\/div>\n\t\t\t\t<\/div>\n\t\t\t\t<div class=\"elementor-element elementor-element-8cf3a4d elementor-align-center elementor-widget elementor-widget-button\" data-id=\"8cf3a4d\" data-element_type=\"widget\" data-widget_type=\"button.default\">\n\t\t\t\t<div class=\"elementor-widget-container\">\n\t\t\t\t\t\t\t\t\t<div class=\"elementor-button-wrapper\">\n\t\t\t\t\t<a class=\"elementor-button elementor-button-link elementor-size-sm\" href=\"https:\/\/focus-project.eu\/wp-content\/uploads\/2026\/01\/IT-FOCUS_Newsletter1_n.pdf\" target=\"_blank\">\n\t\t\t\t\t\t<span class=\"elementor-button-content-wrapper\">\n\t\t\t\t\t\t\t\t\t<span class=\"elementor-button-text\">Scaricamento<\/span>\n\t\t\t\t\t<\/span>\n\t\t\t\t\t<\/a>\n\t\t\t\t<\/div>\n\t\t\t\t\t\t\t\t<\/div>\n\t\t\t\t<\/div>\n\t\t\t\t<div class=\"elementor-element elementor-element-8717c1f elementor-widget elementor-widget-spacer\" data-id=\"8717c1f\" data-element_type=\"widget\" data-widget_type=\"spacer.default\">\n\t\t\t\t<div class=\"elementor-widget-container\">\n\t\t\t\t\t\t\t<div class=\"elementor-spacer\">\n\t\t\t<div class=\"elementor-spacer-inner\"><\/div>\n\t\t<\/div>\n\t\t\t\t\t\t<\/div>\n\t\t\t\t<\/div>\n\t\t\t\t<\/div>\n\t\t<div class=\"elementor-element elementor-element-94f05cb e-con-full e-flex e-con e-child\" data-id=\"94f05cb\" data-element_type=\"container\">\n\t\t\t\t<div class=\"elementor-element elementor-element-ce0a0ea elementor-widget elementor-widget-text-editor\" data-id=\"ce0a0ea\" data-element_type=\"widget\" data-widget_type=\"text-editor.default\">\n\t\t\t\t<div class=\"elementor-widget-container\">\n\t\t\t\t\t\t\t\t\t<p>2\u00aa Newsletter<\/p>\t\t\t\t\t\t\t\t<\/div>\n\t\t\t\t<\/div>\n\t\t\t\t<div class=\"elementor-element elementor-element-5b7eb0b elementor-widget elementor-widget-image\" data-id=\"5b7eb0b\" data-element_type=\"widget\" data-widget_type=\"image.default\">\n\t\t\t\t<div class=\"elementor-widget-container\">\n\t\t\t\t\t\t\t\t\t\t\t\t\t\t\t\t<a href=\"https:\/\/focus-project.eu\/wp-content\/uploads\/2026\/01\/IT_FOCUS_Newsletter_2_n.pdf\" target=\"_blank\">\n\t\t\t\t\t\t\t<img loading=\"lazy\" decoding=\"async\" width=\"1000\" height=\"1000\" src=\"https:\/\/focus-project.eu\/wp-content\/uploads\/2025\/05\/newsletter-FOCUS-IT.png\" class=\"attachment-full size-full wp-image-8283\" alt=\"\" srcset=\"https:\/\/focus-project.eu\/wp-content\/uploads\/2025\/05\/newsletter-FOCUS-IT.png 1000w, https:\/\/focus-project.eu\/wp-content\/uploads\/2025\/05\/newsletter-FOCUS-IT-300x300.png 300w, https:\/\/focus-project.eu\/wp-content\/uploads\/2025\/05\/newsletter-FOCUS-IT-150x150.png 150w, https:\/\/focus-project.eu\/wp-content\/uploads\/2025\/05\/newsletter-FOCUS-IT-768x768.png 768w, https:\/\/focus-project.eu\/wp-content\/uploads\/2025\/05\/newsletter-FOCUS-IT-700x700.png 700w\" sizes=\"(max-width: 1000px) 100vw, 1000px\" \/>\t\t\t\t\t\t\t\t<\/a>\n\t\t\t\t\t\t\t\t\t\t\t\t\t\t\t<\/div>\n\t\t\t\t<\/div>\n\t\t\t\t<div class=\"elementor-element elementor-element-0961f95 elementor-align-center elementor-widget elementor-widget-button\" data-id=\"0961f95\" data-element_type=\"widget\" data-widget_type=\"button.default\">\n\t\t\t\t<div class=\"elementor-widget-container\">\n\t\t\t\t\t\t\t\t\t<div class=\"elementor-button-wrapper\">\n\t\t\t\t\t<a class=\"elementor-button elementor-button-link elementor-size-sm\" href=\"https:\/\/focus-project.eu\/wp-content\/uploads\/2026\/01\/IT_FOCUS_Newsletter_2_n.pdf\" target=\"_blank\">\n\t\t\t\t\t\t<span class=\"elementor-button-content-wrapper\">\n\t\t\t\t\t\t\t\t\t<span class=\"elementor-button-text\">Scaricamento<\/span>\n\t\t\t\t\t<\/span>\n\t\t\t\t\t<\/a>\n\t\t\t\t<\/div>\n\t\t\t\t\t\t\t\t<\/div>\n\t\t\t\t<\/div>\n\t\t\t\t<\/div>\n\t\t\t\t\t<\/div>\n\t\t\t\t<\/div>\n\t\t<div class=\"elementor-element elementor-element-6875df5 e-flex e-con-boxed e-con e-parent\" data-id=\"6875df5\" data-element_type=\"container\">\n\t\t\t\t\t<div class=\"e-con-inner\">\n\t\t\t\t<div class=\"elementor-element elementor-element-c347df9 elementor-widget elementor-widget-spacer\" data-id=\"c347df9\" data-element_type=\"widget\" data-widget_type=\"spacer.default\">\n\t\t\t\t<div class=\"elementor-widget-container\">\n\t\t\t\t\t\t\t<div class=\"elementor-spacer\">\n\t\t\t<div class=\"elementor-spacer-inner\"><\/div>\n\t\t<\/div>\n\t\t\t\t\t\t<\/div>\n\t\t\t\t<\/div>\n\t\t\t\t\t<\/div>\n\t\t\t\t<\/div>\n\t\t\t\t<\/div>\n\t\t","protected":false},"excerpt":{"rendered":"<p>Materiali Scopri le nostre novit\u00e0 Qui potete trovare materiale informativo scaricabile e importanti aggiornamenti relativi ai progressi del nostro progetto. Newsletter periodiche vi informeranno su attivit\u00e0, risultati e opportunit\u00e0 imminenti per rimanere al corrente, partecipare e spargere la voce su FOCUS. Poster Scaricare D\u00e9pliant Scaricare 1\u00b0 Newsletter Scaricamento 2\u00aa Newsletter Scaricamento<\/p>\n","protected":false},"author":1,"featured_media":0,"parent":0,"menu_order":0,"comment_status":"closed","ping_status":"closed","template":"","meta":{"footnotes":""},"class_list":["post-2742","page","type-page","status-publish","hentry"],"_links":{"self":[{"href":"https:\/\/focus-project.eu\/it\/wp-json\/wp\/v2\/pages\/2742","targetHints":{"allow":["GET"]}}],"collection":[{"href":"https:\/\/focus-project.eu\/it\/wp-json\/wp\/v2\/pages"}],"about":[{"href":"https:\/\/focus-project.eu\/it\/wp-json\/wp\/v2\/types\/page"}],"author":[{"embeddable":true,"href":"https:\/\/focus-project.eu\/it\/wp-json\/wp\/v2\/users\/1"}],"replies":[{"embeddable":true,"href":"https:\/\/focus-project.eu\/it\/wp-json\/wp\/v2\/comments?post=2742"}],"version-history":[{"count":14,"href":"https:\/\/focus-project.eu\/it\/wp-json\/wp\/v2\/pages\/2742\/revisions"}],"predecessor-version":[{"id":11612,"href":"https:\/\/focus-project.eu\/it\/wp-json\/wp\/v2\/pages\/2742\/revisions\/11612"}],"wp:attachment":[{"href":"https:\/\/focus-project.eu\/it\/wp-json\/wp\/v2\/media?parent=2742"}],"curies":[{"name":"wp","href":"https:\/\/api.w.org\/{rel}","templated":true}]}}