{"id":12352,"date":"2025-09-04T08:29:36","date_gmt":"2025-09-04T08:29:36","guid":{"rendered":"https:\/\/focus-project.eu\/game-5-memory-skills-game-family-story-it\/"},"modified":"2026-02-06T12:03:22","modified_gmt":"2026-02-06T12:03:22","slug":"game-5-memory-skills-game-family-story-it","status":"publish","type":"page","link":"https:\/\/focus-project.eu\/it\/game-5-memory-skills-game-family-story-it\/","title":{"rendered":"Game 5: Memory Skills \/ Game: Family Story it"},"content":{"rendered":"\t\t<div data-elementor-type=\"wp-page\" data-elementor-id=\"12352\" class=\"elementor elementor-12352 elementor-8596\" data-elementor-post-type=\"page\">\n\t\t\t\t<div class=\"elementor-element elementor-element-c3f7e48 e-flex e-con-boxed e-con e-parent\" data-id=\"c3f7e48\" data-element_type=\"container\">\n\t\t\t\t\t<div class=\"e-con-inner\">\n\t\t\t\t<div class=\"elementor-element elementor-element-a5b163d elementor-widget elementor-widget-spacer\" data-id=\"a5b163d\" data-element_type=\"widget\" data-widget_type=\"spacer.default\">\n\t\t\t\t<div class=\"elementor-widget-container\">\n\t\t\t\t\t\t\t<div class=\"elementor-spacer\">\n\t\t\t<div class=\"elementor-spacer-inner\"><\/div>\n\t\t<\/div>\n\t\t\t\t\t\t<\/div>\n\t\t\t\t<\/div>\n\t\t<div class=\"elementor-element elementor-element-ef626b1 e-con-full e-flex e-con e-child\" data-id=\"ef626b1\" data-element_type=\"container\">\n\t\t<div class=\"elementor-element elementor-element-04c4a49 e-con-full e-flex e-con e-child\" data-id=\"04c4a49\" data-element_type=\"container\">\n\t\t\t\t<div class=\"elementor-element elementor-element-2a2eef8 elementor-widget elementor-widget-heading\" data-id=\"2a2eef8\" data-element_type=\"widget\" data-widget_type=\"heading.default\">\n\t\t\t\t<div class=\"elementor-widget-container\">\n\t\t\t\t\t<h2 class=\"elementor-heading-title elementor-size-default\">Gioco 5: Abilit\u00e0 di memoria<\/h2>\t\t\t\t<\/div>\n\t\t\t\t<\/div>\n\t\t\t\t<div class=\"elementor-element elementor-element-9a7f456 elementor-widget elementor-widget-text-editor\" data-id=\"9a7f456\" data-element_type=\"widget\" data-widget_type=\"text-editor.default\">\n\t\t\t\t<div class=\"elementor-widget-container\">\n\t\t\t\t\t\t\t\t\t<p>Questo \u00e8 un gioco per esercitare <strong>le abilit\u00e0 di memoria<\/strong>.<\/p>\n<p>La memoria \u00e8 il modo in cui il nostro cervello ricorda le cose, come nuove parole, i passaggi di un gioco o anche ci\u00f2 che hanno appena detto i nostri amici. Per bambini e bambine, migliorare la memoria rende molto pi\u00f9 facile lo studio e la vita quotidiana. Giocando a giochi di memoria, si impara a seguire le istruzioni, a tenere traccia dei passaggi e a ricordare fatti importanti. Aiuta anche a rimanere organizzati e concentrati quando si svolgono dei compiti. Una buona memoria rende la lettura, la scrittura e la risoluzione dei problemi meno stressanti. Pi\u00f9 ti eserciterai, pi\u00f9 la tua memoria migliorer\u00e0, rafforzando la tua sicurezza e rendendo l\u2019apprendimento pi\u00f9 divertente.<\/p>\n\t\t\t\t\t\t\t\t<\/div>\n\t\t\t\t<\/div>\n\t\t\t\t<\/div>\n\t\t<div class=\"elementor-element elementor-element-743f2f8 e-flex e-con-boxed e-con e-child\" data-id=\"743f2f8\" data-element_type=\"container\">\n\t\t\t\t\t<div class=\"e-con-inner\">\n\t\t\t\t<div class=\"elementor-element elementor-element-54fbcb7 elementor-widget elementor-widget-image\" data-id=\"54fbcb7\" data-element_type=\"widget\" data-widget_type=\"image.default\">\n\t\t\t\t<div class=\"elementor-widget-container\">\n\t\t\t\t\t\t\t\t\t\t\t\t\t\t\t<img fetchpriority=\"high\" decoding=\"async\" width=\"1200\" height=\"630\" src=\"https:\/\/focus-project.eu\/wp-content\/uploads\/2025\/09\/game_covers-05.jpg\" class=\"attachment-full size-full wp-image-9513\" alt=\"\" srcset=\"https:\/\/focus-project.eu\/wp-content\/uploads\/2025\/09\/game_covers-05.jpg 1200w, https:\/\/focus-project.eu\/wp-content\/uploads\/2025\/09\/game_covers-05-300x158.jpg 300w, https:\/\/focus-project.eu\/wp-content\/uploads\/2025\/09\/game_covers-05-1024x538.jpg 1024w, https:\/\/focus-project.eu\/wp-content\/uploads\/2025\/09\/game_covers-05-768x403.jpg 768w\" sizes=\"(max-width: 1200px) 100vw, 1200px\" \/>\t\t\t\t\t\t\t\t\t\t\t\t\t\t\t<\/div>\n\t\t\t\t<\/div>\n\t\t\t\t\t<\/div>\n\t\t\t\t<\/div>\n\t\t\t\t<\/div>\n\t\t\t\t\t<\/div>\n\t\t\t\t<\/div>\n\t\t<div class=\"elementor-element elementor-element-add2b52 e-flex e-con-boxed e-con e-parent\" data-id=\"add2b52\" data-element_type=\"container\">\n\t\t\t\t\t<div class=\"e-con-inner\">\n\t\t\t\t<div class=\"elementor-element elementor-element-40efdb0 elementor-widget elementor-widget-spacer\" data-id=\"40efdb0\" data-element_type=\"widget\" data-widget_type=\"spacer.default\">\n\t\t\t\t<div class=\"elementor-widget-container\">\n\t\t\t\t\t\t\t<div class=\"elementor-spacer\">\n\t\t\t<div class=\"elementor-spacer-inner\"><\/div>\n\t\t<\/div>\n\t\t\t\t\t\t<\/div>\n\t\t\t\t<\/div>\n\t\t\t\t<div class=\"elementor-element elementor-element-b5f626b elementor-widget elementor-widget-heading\" data-id=\"b5f626b\" data-element_type=\"widget\" data-widget_type=\"heading.default\">\n\t\t\t\t<div class=\"elementor-widget-container\">\n\t\t\t\t\t<h2 class=\"elementor-heading-title elementor-size-default\">Scegli il tuo livello<\/h2>\t\t\t\t<\/div>\n\t\t\t\t<\/div>\n\t\t\t\t<div class=\"elementor-element elementor-element-6f3ed33 elementor-widget elementor-widget-spacer\" data-id=\"6f3ed33\" data-element_type=\"widget\" data-widget_type=\"spacer.default\">\n\t\t\t\t<div class=\"elementor-widget-container\">\n\t\t\t\t\t\t\t<div class=\"elementor-spacer\">\n\t\t\t<div class=\"elementor-spacer-inner\"><\/div>\n\t\t<\/div>\n\t\t\t\t\t\t<\/div>\n\t\t\t\t<\/div>\n\t\t\t\t\t<\/div>\n\t\t\t\t<\/div>\n\t\t<div class=\"elementor-element elementor-element-ea959e5 e-flex e-con-boxed e-con e-parent\" data-id=\"ea959e5\" data-element_type=\"container\">\n\t\t\t\t\t<div class=\"e-con-inner\">\n\t\t<div class=\"elementor-element elementor-element-fd5b905 e-flex e-con-boxed e-con e-child\" data-id=\"fd5b905\" data-element_type=\"container\">\n\t\t\t\t\t<div class=\"e-con-inner\">\n\t\t<div class=\"elementor-element elementor-element-1d49e61 e-con-full e-flex e-con e-child\" data-id=\"1d49e61\" data-element_type=\"container\">\n\t\t\t\t<div class=\"elementor-element elementor-element-5612211 elementor-align-justify elementor-mobile-align-justify elementor-widget elementor-widget-button\" data-id=\"5612211\" data-element_type=\"widget\" data-widget_type=\"button.default\">\n\t\t\t\t<div class=\"elementor-widget-container\">\n\t\t\t\t\t\t\t\t\t<div class=\"elementor-button-wrapper\">\n\t\t\t\t\t<a class=\"elementor-button elementor-button-link elementor-size-sm elementor-animation-shrink\" href=\"https:\/\/focus-project.eu\/it\/game-5-memory-skills-game-family-story-it\/game-5-level-1-it\/\">\n\t\t\t\t\t\t<span class=\"elementor-button-content-wrapper\">\n\t\t\t\t\t\t\t\t\t<span class=\"elementor-button-text\">Livello 1<\/span>\n\t\t\t\t\t<\/span>\n\t\t\t\t\t<\/a>\n\t\t\t\t<\/div>\n\t\t\t\t\t\t\t\t<\/div>\n\t\t\t\t<\/div>\n\t\t\t\t<\/div>\n\t\t<div class=\"elementor-element elementor-element-f095aea e-con-full e-flex e-con e-child\" data-id=\"f095aea\" data-element_type=\"container\">\n\t\t\t\t<div class=\"elementor-element elementor-element-efbc694 elementor-align-justify elementor-mobile-align-justify elementor-widget elementor-widget-button\" data-id=\"efbc694\" data-element_type=\"widget\" data-widget_type=\"button.default\">\n\t\t\t\t<div class=\"elementor-widget-container\">\n\t\t\t\t\t\t\t\t\t<div class=\"elementor-button-wrapper\">\n\t\t\t\t\t<a class=\"elementor-button elementor-button-link elementor-size-sm elementor-animation-shrink\" href=\"https:\/\/focus-project.eu\/it\/game-5-memory-skills-game-family-story-it\/game-5-level-2-it\/\">\n\t\t\t\t\t\t<span class=\"elementor-button-content-wrapper\">\n\t\t\t\t\t\t\t\t\t<span class=\"elementor-button-text\">Livello 2<\/span>\n\t\t\t\t\t<\/span>\n\t\t\t\t\t<\/a>\n\t\t\t\t<\/div>\n\t\t\t\t\t\t\t\t<\/div>\n\t\t\t\t<\/div>\n\t\t\t\t<\/div>\n\t\t<div class=\"elementor-element elementor-element-9597bdc e-con-full e-flex e-con e-child\" data-id=\"9597bdc\" data-element_type=\"container\">\n\t\t\t\t<div class=\"elementor-element elementor-element-8168027 elementor-align-justify elementor-mobile-align-justify elementor-widget elementor-widget-button\" data-id=\"8168027\" data-element_type=\"widget\" data-widget_type=\"button.default\">\n\t\t\t\t<div class=\"elementor-widget-container\">\n\t\t\t\t\t\t\t\t\t<div class=\"elementor-button-wrapper\">\n\t\t\t\t\t<a class=\"elementor-button elementor-button-link elementor-size-sm elementor-animation-shrink\" href=\"https:\/\/focus-project.eu\/it\/game-5-memory-skills-game-family-story-it\/game-5-level-3-it\/\">\n\t\t\t\t\t\t<span class=\"elementor-button-content-wrapper\">\n\t\t\t\t\t\t\t\t\t<span class=\"elementor-button-text\">Livello 3<\/span>\n\t\t\t\t\t<\/span>\n\t\t\t\t\t<\/a>\n\t\t\t\t<\/div>\n\t\t\t\t\t\t\t\t<\/div>\n\t\t\t\t<\/div>\n\t\t\t\t<\/div>\n\t\t\t\t\t<\/div>\n\t\t\t\t<\/div>\n\t\t\t\t\t<\/div>\n\t\t\t\t<\/div>\n\t\t<div class=\"elementor-element elementor-element-6faad36 e-flex e-con-boxed e-con e-parent\" data-id=\"6faad36\" data-element_type=\"container\">\n\t\t\t\t\t<div class=\"e-con-inner\">\n\t\t\t\t<div class=\"elementor-element elementor-element-56e8a4a elementor-widget elementor-widget-spacer\" data-id=\"56e8a4a\" data-element_type=\"widget\" data-widget_type=\"spacer.default\">\n\t\t\t\t<div class=\"elementor-widget-container\">\n\t\t\t\t\t\t\t<div class=\"elementor-spacer\">\n\t\t\t<div class=\"elementor-spacer-inner\"><\/div>\n\t\t<\/div>\n\t\t\t\t\t\t<\/div>\n\t\t\t\t<\/div>\n\t\t\t\t<div class=\"elementor-element elementor-element-7e84171 elementor-align-center elementor-mobile-align-justify elementor-widget elementor-widget-button\" data-id=\"7e84171\" data-element_type=\"widget\" data-widget_type=\"button.default\">\n\t\t\t\t<div class=\"elementor-widget-container\">\n\t\t\t\t\t\t\t\t\t<div class=\"elementor-button-wrapper\">\n\t\t\t\t\t<a class=\"elementor-button elementor-button-link elementor-size-sm elementor-animation-shrink\" href=\"https:\/\/focus-project.eu\/it\/all-games-it\/\">\n\t\t\t\t\t\t<span class=\"elementor-button-content-wrapper\">\n\t\t\t\t\t\t<span class=\"elementor-button-icon\">\n\t\t\t\t<svg aria-hidden=\"true\" class=\"e-font-icon-svg e-far-arrow-alt-circle-left\" viewBox=\"0 0 512 512\" xmlns=\"http:\/\/www.w3.org\/2000\/svg\"><path d=\"M8 256c0 137 111 248 248 248s248-111 248-248S393 8 256 8 8 119 8 256zm448 0c0 110.5-89.5 200-200 200S56 366.5 56 256 145.5 56 256 56s200 89.5 200 200zm-72-20v40c0 6.6-5.4 12-12 12H256v67c0 10.7-12.9 16-20.5 8.5l-99-99c-4.7-4.7-4.7-12.3 0-17l99-99c7.6-7.6 20.5-2.2 20.5 8.5v67h116c6.6 0 12 5.4 12 12z\"><\/path><\/svg>\t\t\t<\/span>\n\t\t\t\t\t\t\t\t\t<span class=\"elementor-button-text\">Torna ai giochi<\/span>\n\t\t\t\t\t<\/span>\n\t\t\t\t\t<\/a>\n\t\t\t\t<\/div>\n\t\t\t\t\t\t\t\t<\/div>\n\t\t\t\t<\/div>\n\t\t\t\t<div class=\"elementor-element elementor-element-6085d4a elementor-widget elementor-widget-spacer\" data-id=\"6085d4a\" data-element_type=\"widget\" data-widget_type=\"spacer.default\">\n\t\t\t\t<div class=\"elementor-widget-container\">\n\t\t\t\t\t\t\t<div class=\"elementor-spacer\">\n\t\t\t<div class=\"elementor-spacer-inner\"><\/div>\n\t\t<\/div>\n\t\t\t\t\t\t<\/div>\n\t\t\t\t<\/div>\n\t\t\t\t\t<\/div>\n\t\t\t\t<\/div>\n\t\t\t\t<\/div>\n\t\t","protected":false},"excerpt":{"rendered":"<p>Gioco 5: Abilit\u00e0 di memoria Questo \u00e8 un gioco per esercitare le abilit\u00e0 di memoria. La memoria \u00e8 il modo in cui il nostro cervello ricorda le cose, come nuove parole, i passaggi di un gioco o anche ci\u00f2 che hanno appena detto i nostri amici. Per bambini e bambine, migliorare la memoria rende molto [&hellip;]<\/p>\n","protected":false},"author":4,"featured_media":9513,"parent":0,"menu_order":0,"comment_status":"closed","ping_status":"closed","template":"","meta":{"footnotes":""},"class_list":["post-12352","page","type-page","status-publish","has-post-thumbnail","hentry"],"_links":{"self":[{"href":"https:\/\/focus-project.eu\/it\/wp-json\/wp\/v2\/pages\/12352","targetHints":{"allow":["GET"]}}],"collection":[{"href":"https:\/\/focus-project.eu\/it\/wp-json\/wp\/v2\/pages"}],"about":[{"href":"https:\/\/focus-project.eu\/it\/wp-json\/wp\/v2\/types\/page"}],"author":[{"embeddable":true,"href":"https:\/\/focus-project.eu\/it\/wp-json\/wp\/v2\/users\/4"}],"replies":[{"embeddable":true,"href":"https:\/\/focus-project.eu\/it\/wp-json\/wp\/v2\/comments?post=12352"}],"version-history":[{"count":7,"href":"https:\/\/focus-project.eu\/it\/wp-json\/wp\/v2\/pages\/12352\/revisions"}],"predecessor-version":[{"id":12468,"href":"https:\/\/focus-project.eu\/it\/wp-json\/wp\/v2\/pages\/12352\/revisions\/12468"}],"wp:featuredmedia":[{"embeddable":true,"href":"https:\/\/focus-project.eu\/it\/wp-json\/wp\/v2\/media\/9513"}],"wp:attachment":[{"href":"https:\/\/focus-project.eu\/it\/wp-json\/wp\/v2\/media?parent=12352"}],"curies":[{"name":"wp","href":"https:\/\/api.w.org\/{rel}","templated":true}]}}