{"id":12290,"date":"2025-09-04T08:28:53","date_gmt":"2025-09-04T08:28:53","guid":{"rendered":"https:\/\/focus-project.eu\/game-3-decision-making-game-it\/"},"modified":"2026-03-09T08:36:39","modified_gmt":"2026-03-09T08:36:39","slug":"game-3-decision-making-game-it","status":"publish","type":"page","link":"https:\/\/focus-project.eu\/it\/game-3-decision-making-game-it\/","title":{"rendered":"Game 3: Decision Making \/ Game it"},"content":{"rendered":"\t\t<div data-elementor-type=\"wp-page\" data-elementor-id=\"12290\" class=\"elementor elementor-12290 elementor-8592\" data-elementor-post-type=\"page\">\n\t\t\t\t<div class=\"elementor-element elementor-element-091f125 e-flex e-con-boxed e-con e-parent\" data-id=\"091f125\" data-element_type=\"container\">\n\t\t\t\t\t<div class=\"e-con-inner\">\n\t\t\t\t<div class=\"elementor-element elementor-element-13ffb13 elementor-widget elementor-widget-spacer\" data-id=\"13ffb13\" data-element_type=\"widget\" data-widget_type=\"spacer.default\">\n\t\t\t\t<div class=\"elementor-widget-container\">\n\t\t\t\t\t\t\t<div class=\"elementor-spacer\">\n\t\t\t<div class=\"elementor-spacer-inner\"><\/div>\n\t\t<\/div>\n\t\t\t\t\t\t<\/div>\n\t\t\t\t<\/div>\n\t\t<div class=\"elementor-element elementor-element-fcfd3bc e-con-full e-flex e-con e-child\" data-id=\"fcfd3bc\" data-element_type=\"container\">\n\t\t<div class=\"elementor-element elementor-element-ae5a4c8 e-con-full e-flex e-con e-child\" data-id=\"ae5a4c8\" data-element_type=\"container\">\n\t\t\t\t<div class=\"elementor-element elementor-element-5b5bfe1 elementor-widget elementor-widget-heading\" data-id=\"5b5bfe1\" data-element_type=\"widget\" data-widget_type=\"heading.default\">\n\t\t\t\t<div class=\"elementor-widget-container\">\n\t\t\t\t\t<h2 class=\"elementor-heading-title elementor-size-default\">Gioco 3: Prendere decisioni<\/h2>\t\t\t\t<\/div>\n\t\t\t\t<\/div>\n\t\t\t\t<div class=\"elementor-element elementor-element-0f6a27f elementor-widget elementor-widget-text-editor\" data-id=\"0f6a27f\" data-element_type=\"widget\" data-widget_type=\"text-editor.default\">\n\t\t\t\t<div class=\"elementor-widget-container\">\n\t\t\t\t\t\t\t\t\t<p>Questo \u00e8 un gioco per esercitarsi <strong>nel prendere decisioni<\/strong>.<\/p><p>Significa imparare a scegliere tra diverse opzioni, proprio come quando decidi a quale gioco giocare, quale merenda mangiare o quale mossa fare dopo! Giocando, impari a valutare i pro e i contro di ciascuna scelta e a scegliere quella migliore. Questo aiuta bambini e bambine a sentirsi pi\u00f9 sicuri e indipendenti. \u00c8 ottimo anche per risolvere i problemi, perch\u00e9 impari a suddividere le situazioni difficili in passaggi pi\u00f9 semplici. Ogni volta che ti eserciti a prendere decisioni, alleni il tuo cervello a rimanere calmo, flessibile e pronto per le sfide.<\/p>\t\t\t\t\t\t\t\t<\/div>\n\t\t\t\t<\/div>\n\t\t\t\t<\/div>\n\t\t<div class=\"elementor-element elementor-element-bfb487d e-flex e-con-boxed e-con e-child\" data-id=\"bfb487d\" data-element_type=\"container\">\n\t\t\t\t\t<div class=\"e-con-inner\">\n\t\t\t\t<div class=\"elementor-element elementor-element-79d9ab9 elementor-widget elementor-widget-image\" data-id=\"79d9ab9\" data-element_type=\"widget\" data-widget_type=\"image.default\">\n\t\t\t\t<div class=\"elementor-widget-container\">\n\t\t\t\t\t\t\t\t\t\t\t\t\t\t\t<img fetchpriority=\"high\" decoding=\"async\" width=\"1200\" height=\"630\" src=\"https:\/\/focus-project.eu\/wp-content\/uploads\/2025\/09\/game_covers-03.jpg\" class=\"attachment-full size-full wp-image-9492\" alt=\"\" srcset=\"https:\/\/focus-project.eu\/wp-content\/uploads\/2025\/09\/game_covers-03.jpg 1200w, https:\/\/focus-project.eu\/wp-content\/uploads\/2025\/09\/game_covers-03-300x158.jpg 300w, https:\/\/focus-project.eu\/wp-content\/uploads\/2025\/09\/game_covers-03-1024x538.jpg 1024w, https:\/\/focus-project.eu\/wp-content\/uploads\/2025\/09\/game_covers-03-768x403.jpg 768w\" sizes=\"(max-width: 1200px) 100vw, 1200px\" \/>\t\t\t\t\t\t\t\t\t\t\t\t\t\t\t<\/div>\n\t\t\t\t<\/div>\n\t\t\t\t\t<\/div>\n\t\t\t\t<\/div>\n\t\t\t\t<\/div>\n\t\t\t\t\t<\/div>\n\t\t\t\t<\/div>\n\t\t<div class=\"elementor-element elementor-element-a4cf408 e-flex e-con-boxed e-con e-parent\" data-id=\"a4cf408\" data-element_type=\"container\">\n\t\t\t\t\t<div class=\"e-con-inner\">\n\t\t\t\t<div class=\"elementor-element elementor-element-26ec3c3 elementor-widget elementor-widget-spacer\" data-id=\"26ec3c3\" data-element_type=\"widget\" data-widget_type=\"spacer.default\">\n\t\t\t\t<div class=\"elementor-widget-container\">\n\t\t\t\t\t\t\t<div class=\"elementor-spacer\">\n\t\t\t<div class=\"elementor-spacer-inner\"><\/div>\n\t\t<\/div>\n\t\t\t\t\t\t<\/div>\n\t\t\t\t<\/div>\n\t\t\t\t<div class=\"elementor-element elementor-element-ccaeea9 elementor-widget elementor-widget-heading\" data-id=\"ccaeea9\" data-element_type=\"widget\" data-widget_type=\"heading.default\">\n\t\t\t\t<div class=\"elementor-widget-container\">\n\t\t\t\t\t<h2 class=\"elementor-heading-title elementor-size-default\">Scegli il tuo livello<\/h2>\t\t\t\t<\/div>\n\t\t\t\t<\/div>\n\t\t\t\t<div class=\"elementor-element elementor-element-415de35 elementor-widget elementor-widget-spacer\" data-id=\"415de35\" data-element_type=\"widget\" data-widget_type=\"spacer.default\">\n\t\t\t\t<div class=\"elementor-widget-container\">\n\t\t\t\t\t\t\t<div class=\"elementor-spacer\">\n\t\t\t<div class=\"elementor-spacer-inner\"><\/div>\n\t\t<\/div>\n\t\t\t\t\t\t<\/div>\n\t\t\t\t<\/div>\n\t\t\t\t\t<\/div>\n\t\t\t\t<\/div>\n\t\t<div class=\"elementor-element elementor-element-9df3300 e-flex e-con-boxed e-con e-parent\" data-id=\"9df3300\" data-element_type=\"container\">\n\t\t\t\t\t<div class=\"e-con-inner\">\n\t\t<div class=\"elementor-element elementor-element-f885847 e-con-full e-flex e-con e-child\" data-id=\"f885847\" data-element_type=\"container\">\n\t\t<div class=\"elementor-element elementor-element-9983adf e-con-full e-flex e-con e-child\" data-id=\"9983adf\" data-element_type=\"container\">\n\t\t\t\t<div class=\"elementor-element elementor-element-6c6e8dc elementor-align-justify elementor-mobile-align-justify elementor-widget elementor-widget-button\" data-id=\"6c6e8dc\" data-element_type=\"widget\" data-widget_type=\"button.default\">\n\t\t\t\t<div class=\"elementor-widget-container\">\n\t\t\t\t\t\t\t\t\t<div class=\"elementor-button-wrapper\">\n\t\t\t\t\t<a class=\"elementor-button elementor-button-link elementor-size-sm elementor-animation-shrink\" href=\"https:\/\/focus-project.eu\/it\/game-3-decision-making-game-it\/game-3-level-1-it\/\">\n\t\t\t\t\t\t<span class=\"elementor-button-content-wrapper\">\n\t\t\t\t\t\t\t\t\t<span class=\"elementor-button-text\">Livello 1<\/span>\n\t\t\t\t\t<\/span>\n\t\t\t\t\t<\/a>\n\t\t\t\t<\/div>\n\t\t\t\t\t\t\t\t<\/div>\n\t\t\t\t<\/div>\n\t\t\t\t<\/div>\n\t\t<div class=\"elementor-element elementor-element-5ded50f e-con-full e-flex e-con e-child\" data-id=\"5ded50f\" data-element_type=\"container\">\n\t\t\t\t<div class=\"elementor-element elementor-element-5f6d09b elementor-align-justify elementor-mobile-align-justify elementor-widget elementor-widget-button\" data-id=\"5f6d09b\" data-element_type=\"widget\" data-widget_type=\"button.default\">\n\t\t\t\t<div class=\"elementor-widget-container\">\n\t\t\t\t\t\t\t\t\t<div class=\"elementor-button-wrapper\">\n\t\t\t\t\t<a class=\"elementor-button elementor-button-link elementor-size-sm elementor-animation-shrink\" href=\"https:\/\/focus-project.eu\/it\/game-3-decision-making-game-it\/game-3-level-2-it\/\">\n\t\t\t\t\t\t<span class=\"elementor-button-content-wrapper\">\n\t\t\t\t\t\t\t\t\t<span class=\"elementor-button-text\">Livello 2<\/span>\n\t\t\t\t\t<\/span>\n\t\t\t\t\t<\/a>\n\t\t\t\t<\/div>\n\t\t\t\t\t\t\t\t<\/div>\n\t\t\t\t<\/div>\n\t\t\t\t<\/div>\n\t\t<div class=\"elementor-element elementor-element-e825b0e e-con-full e-flex e-con e-child\" data-id=\"e825b0e\" data-element_type=\"container\">\n\t\t\t\t<div class=\"elementor-element elementor-element-e590eba elementor-align-justify elementor-mobile-align-justify elementor-widget elementor-widget-button\" data-id=\"e590eba\" data-element_type=\"widget\" data-widget_type=\"button.default\">\n\t\t\t\t<div class=\"elementor-widget-container\">\n\t\t\t\t\t\t\t\t\t<div class=\"elementor-button-wrapper\">\n\t\t\t\t\t<a class=\"elementor-button elementor-button-link elementor-size-sm elementor-animation-shrink\" href=\"https:\/\/focus-project.eu\/it\/game-3-decision-making-game-it\/game-3-level-3-it\/\">\n\t\t\t\t\t\t<span class=\"elementor-button-content-wrapper\">\n\t\t\t\t\t\t\t\t\t<span class=\"elementor-button-text\">Livello 3<\/span>\n\t\t\t\t\t<\/span>\n\t\t\t\t\t<\/a>\n\t\t\t\t<\/div>\n\t\t\t\t\t\t\t\t<\/div>\n\t\t\t\t<\/div>\n\t\t\t\t<\/div>\n\t\t\t\t<\/div>\n\t\t\t\t\t<\/div>\n\t\t\t\t<\/div>\n\t\t<div class=\"elementor-element elementor-element-f9e0941 e-flex e-con-boxed e-con e-parent\" data-id=\"f9e0941\" data-element_type=\"container\">\n\t\t\t\t\t<div class=\"e-con-inner\">\n\t\t\t\t<div class=\"elementor-element elementor-element-91b3827 elementor-widget elementor-widget-spacer\" data-id=\"91b3827\" data-element_type=\"widget\" data-widget_type=\"spacer.default\">\n\t\t\t\t<div class=\"elementor-widget-container\">\n\t\t\t\t\t\t\t<div class=\"elementor-spacer\">\n\t\t\t<div class=\"elementor-spacer-inner\"><\/div>\n\t\t<\/div>\n\t\t\t\t\t\t<\/div>\n\t\t\t\t<\/div>\n\t\t\t\t<div class=\"elementor-element elementor-element-875de1f elementor-align-center elementor-mobile-align-justify elementor-widget elementor-widget-button\" data-id=\"875de1f\" data-element_type=\"widget\" data-widget_type=\"button.default\">\n\t\t\t\t<div class=\"elementor-widget-container\">\n\t\t\t\t\t\t\t\t\t<div class=\"elementor-button-wrapper\">\n\t\t\t\t\t<a class=\"elementor-button elementor-button-link elementor-size-sm elementor-animation-shrink\" href=\"https:\/\/focus-project.eu\/it\/all-games-it\/\">\n\t\t\t\t\t\t<span class=\"elementor-button-content-wrapper\">\n\t\t\t\t\t\t<span class=\"elementor-button-icon\">\n\t\t\t\t<svg aria-hidden=\"true\" class=\"e-font-icon-svg e-far-arrow-alt-circle-left\" viewBox=\"0 0 512 512\" xmlns=\"http:\/\/www.w3.org\/2000\/svg\"><path d=\"M8 256c0 137 111 248 248 248s248-111 248-248S393 8 256 8 8 119 8 256zm448 0c0 110.5-89.5 200-200 200S56 366.5 56 256 145.5 56 256 56s200 89.5 200 200zm-72-20v40c0 6.6-5.4 12-12 12H256v67c0 10.7-12.9 16-20.5 8.5l-99-99c-4.7-4.7-4.7-12.3 0-17l99-99c7.6-7.6 20.5-2.2 20.5 8.5v67h116c6.6 0 12 5.4 12 12z\"><\/path><\/svg>\t\t\t<\/span>\n\t\t\t\t\t\t\t\t\t<span class=\"elementor-button-text\">Torna ai giochi<\/span>\n\t\t\t\t\t<\/span>\n\t\t\t\t\t<\/a>\n\t\t\t\t<\/div>\n\t\t\t\t\t\t\t\t<\/div>\n\t\t\t\t<\/div>\n\t\t\t\t<div class=\"elementor-element elementor-element-dd72b4d elementor-widget elementor-widget-spacer\" data-id=\"dd72b4d\" data-element_type=\"widget\" data-widget_type=\"spacer.default\">\n\t\t\t\t<div class=\"elementor-widget-container\">\n\t\t\t\t\t\t\t<div class=\"elementor-spacer\">\n\t\t\t<div class=\"elementor-spacer-inner\"><\/div>\n\t\t<\/div>\n\t\t\t\t\t\t<\/div>\n\t\t\t\t<\/div>\n\t\t\t\t\t<\/div>\n\t\t\t\t<\/div>\n\t\t\t\t<\/div>\n\t\t","protected":false},"excerpt":{"rendered":"<p>Gioco 3: Prendere decisioni Questo \u00e8 un gioco per esercitarsi nel prendere decisioni. Significa imparare a scegliere tra diverse opzioni, proprio come quando decidi a quale gioco giocare, quale merenda mangiare o quale mossa fare dopo! Giocando, impari a valutare i pro e i contro di ciascuna scelta e a scegliere quella migliore. Questo aiuta [&hellip;]<\/p>\n","protected":false},"author":4,"featured_media":9492,"parent":0,"menu_order":0,"comment_status":"closed","ping_status":"closed","template":"","meta":{"footnotes":""},"class_list":["post-12290","page","type-page","status-publish","has-post-thumbnail","hentry"],"_links":{"self":[{"href":"https:\/\/focus-project.eu\/it\/wp-json\/wp\/v2\/pages\/12290","targetHints":{"allow":["GET"]}}],"collection":[{"href":"https:\/\/focus-project.eu\/it\/wp-json\/wp\/v2\/pages"}],"about":[{"href":"https:\/\/focus-project.eu\/it\/wp-json\/wp\/v2\/types\/page"}],"author":[{"embeddable":true,"href":"https:\/\/focus-project.eu\/it\/wp-json\/wp\/v2\/users\/4"}],"replies":[{"embeddable":true,"href":"https:\/\/focus-project.eu\/it\/wp-json\/wp\/v2\/comments?post=12290"}],"version-history":[{"count":10,"href":"https:\/\/focus-project.eu\/it\/wp-json\/wp\/v2\/pages\/12290\/revisions"}],"predecessor-version":[{"id":13640,"href":"https:\/\/focus-project.eu\/it\/wp-json\/wp\/v2\/pages\/12290\/revisions\/13640"}],"wp:featuredmedia":[{"embeddable":true,"href":"https:\/\/focus-project.eu\/it\/wp-json\/wp\/v2\/media\/9492"}],"wp:attachment":[{"href":"https:\/\/focus-project.eu\/it\/wp-json\/wp\/v2\/media?parent=12290"}],"curies":[{"name":"wp","href":"https:\/\/api.w.org\/{rel}","templated":true}]}}