{"id":12867,"date":"2025-09-04T12:12:14","date_gmt":"2025-09-04T12:12:14","guid":{"rendered":"https:\/\/focus-project.eu\/game-5-memory-skills-game-family-story-es\/game-5-level-2-es\/game-5-level-2-skills-es\/"},"modified":"2026-02-16T10:46:29","modified_gmt":"2026-02-16T10:46:29","slug":"game-5-level-2-skills-es","status":"publish","type":"page","link":"https:\/\/focus-project.eu\/es\/game-5-memory-skills-game-family-story-es\/game-5-level-2-es\/game-5-level-2-skills-es\/","title":{"rendered":"Game 5: Level 2 \u2013 Skills es"},"content":{"rendered":"\t\t<div data-elementor-type=\"wp-page\" data-elementor-id=\"12867\" class=\"elementor elementor-12867 elementor-8688\" data-elementor-post-type=\"page\">\n\t\t\t\t<div class=\"elementor-element elementor-element-069f0bc e-flex e-con-boxed e-con e-parent\" data-id=\"069f0bc\" data-element_type=\"container\">\n\t\t\t\t\t<div class=\"e-con-inner\">\n\t\t\t\t<div class=\"elementor-element elementor-element-4ef2c09 elementor-widget elementor-widget-spacer\" data-id=\"4ef2c09\" data-element_type=\"widget\" data-widget_type=\"spacer.default\">\n\t\t\t\t<div class=\"elementor-widget-container\">\n\t\t\t\t\t\t\t<div class=\"elementor-spacer\">\n\t\t\t<div class=\"elementor-spacer-inner\"><\/div>\n\t\t<\/div>\n\t\t\t\t\t\t<\/div>\n\t\t\t\t<\/div>\n\t\t\t\t<div class=\"elementor-element elementor-element-4bb5780 elementor-widget elementor-widget-heading\" data-id=\"4bb5780\" data-element_type=\"widget\" data-widget_type=\"heading.default\">\n\t\t\t\t<div class=\"elementor-widget-container\">\n\t\t\t\t\t<h2 class=\"elementor-heading-title elementor-size-default\">Juego 5: Habilidades de memoria<\/h2>\t\t\t\t<\/div>\n\t\t\t\t<\/div>\n\t\t\t\t<div class=\"elementor-element elementor-element-84c1f70 elementor-widget elementor-widget-heading\" data-id=\"84c1f70\" data-element_type=\"widget\" data-widget_type=\"heading.default\">\n\t\t\t\t<div class=\"elementor-widget-container\">\n\t\t\t\t\t<h4 class=\"elementor-heading-title elementor-size-default\">Nivel 2 - Habilidades<\/h4>\t\t\t\t<\/div>\n\t\t\t\t<\/div>\n\t\t\t\t<div class=\"elementor-element elementor-element-21622bd elementor-widget elementor-widget-spacer\" data-id=\"21622bd\" data-element_type=\"widget\" data-widget_type=\"spacer.default\">\n\t\t\t\t<div class=\"elementor-widget-container\">\n\t\t\t\t\t\t\t<div class=\"elementor-spacer\">\n\t\t\t<div class=\"elementor-spacer-inner\"><\/div>\n\t\t<\/div>\n\t\t\t\t\t\t<\/div>\n\t\t\t\t<\/div>\n\t\t\t\t<div class=\"elementor-element elementor-element-fc7f04b elementor-widget elementor-widget-text-editor\" data-id=\"fc7f04b\" data-element_type=\"widget\" data-widget_type=\"text-editor.default\">\n\t\t\t\t<div class=\"elementor-widget-container\">\n\t\t\t\t\t\t\t\t\t<strong>Oir\u00e1s una lista de lo que los ni\u00f1os ya tienen en su carrito de supermercado. Despu\u00e9s de escuchar la lista, selecciona los art\u00edculos que los ni\u00f1os poseen.<\/strong><br><figure class=\"wp-block-audio\"><audio src=\"https:\/\/focus-project.eu\/wp-content\/uploads\/2025\/09\/Level-2.mp3\" controls=\"controls\"><\/audio><\/figure>\t\t\t\t\t\t\t\t<\/div>\n\t\t\t\t<\/div>\n\t\t\t\t\t<\/div>\n\t\t\t\t<\/div>\n\t\t<div class=\"elementor-element elementor-element-9a16b64 e-flex e-con-boxed e-con e-parent\" data-id=\"9a16b64\" data-element_type=\"container\">\n\t\t\t\t\t<div class=\"e-con-inner\">\n\t\t<div class=\"elementor-element elementor-element-a1cf8cf e-con-full e-flex e-con e-child\" data-id=\"a1cf8cf\" data-element_type=\"container\" data-settings=\"{&quot;background_background&quot;:&quot;classic&quot;}\">\n\t\t\t\t<div class=\"elementor-element elementor-element-1f4df24 elementor-widget elementor-widget-shortcode\" data-id=\"1f4df24\" data-element_type=\"widget\" data-widget_type=\"shortcode.default\">\n\t\t\t\t<div class=\"elementor-widget-container\">\n\t\t\t\t\t\t\t<div class=\"elementor-shortcode\"><div class=\"h5p-iframe-wrapper\"><iframe id=\"h5p-iframe-415\" class=\"h5p-iframe\" data-content-id=\"415\" style=\"height:1px\" src=\"about:blank\" frameBorder=\"0\" scrolling=\"no\" title=\"ES_Skills_Game_5_Level_2\"><\/iframe><\/div><\/div>\n\t\t\t\t\t\t<\/div>\n\t\t\t\t<\/div>\n\t\t\t\t<\/div>\n\t\t\t\t<div class=\"elementor-element elementor-element-a0213c3 elementor-widget elementor-widget-spacer\" data-id=\"a0213c3\" data-element_type=\"widget\" data-widget_type=\"spacer.default\">\n\t\t\t\t<div class=\"elementor-widget-container\">\n\t\t\t\t\t\t\t<div class=\"elementor-spacer\">\n\t\t\t<div class=\"elementor-spacer-inner\"><\/div>\n\t\t<\/div>\n\t\t\t\t\t\t<\/div>\n\t\t\t\t<\/div>\n\t\t<div class=\"elementor-element elementor-element-2e5f632 e-con-full e-flex e-con e-child\" data-id=\"2e5f632\" data-element_type=\"container\">\n\t\t\t\t<div class=\"elementor-element elementor-element-ba1b57d elementor-align-center elementor-tablet-align-center elementor-widget elementor-widget-button\" data-id=\"ba1b57d\" data-element_type=\"widget\" data-widget_type=\"button.default\">\n\t\t\t\t<div class=\"elementor-widget-container\">\n\t\t\t\t\t\t\t\t\t<div class=\"elementor-button-wrapper\">\n\t\t\t\t\t<a class=\"elementor-button elementor-button-link elementor-size-sm elementor-animation-shrink\" href=\"https:\/\/focus-project.eu\/es\/game-5-memory-skills-game-family-story-es\/game-5-level-2-es\/\">\n\t\t\t\t\t\t<span class=\"elementor-button-content-wrapper\">\n\t\t\t\t\t\t\t\t\t<span class=\"elementor-button-text\">Cambiar tipo<\/span>\n\t\t\t\t\t<\/span>\n\t\t\t\t\t<\/a>\n\t\t\t\t<\/div>\n\t\t\t\t\t\t\t\t<\/div>\n\t\t\t\t<\/div>\n\t\t\t\t<div class=\"elementor-element elementor-element-ffb40ed elementor-align-center elementor-tablet-align-center elementor-widget elementor-widget-button\" data-id=\"ffb40ed\" data-element_type=\"widget\" data-widget_type=\"button.default\">\n\t\t\t\t<div class=\"elementor-widget-container\">\n\t\t\t\t\t\t\t\t\t<div class=\"elementor-button-wrapper\">\n\t\t\t\t\t<a class=\"elementor-button elementor-button-link elementor-size-sm elementor-animation-shrink\" href=\"https:\/\/focus-project.eu\/es\/game-5-memory-skills-game-family-story-es\/\">\n\t\t\t\t\t\t<span class=\"elementor-button-content-wrapper\">\n\t\t\t\t\t\t\t\t\t<span class=\"elementor-button-text\">Cambiar nivel<\/span>\n\t\t\t\t\t<\/span>\n\t\t\t\t\t<\/a>\n\t\t\t\t<\/div>\n\t\t\t\t\t\t\t\t<\/div>\n\t\t\t\t<\/div>\n\t\t\t\t<\/div>\n\t\t\t\t<div class=\"elementor-element elementor-element-723e60c elementor-widget elementor-widget-spacer\" data-id=\"723e60c\" data-element_type=\"widget\" data-widget_type=\"spacer.default\">\n\t\t\t\t<div class=\"elementor-widget-container\">\n\t\t\t\t\t\t\t<div class=\"elementor-spacer\">\n\t\t\t<div class=\"elementor-spacer-inner\"><\/div>\n\t\t<\/div>\n\t\t\t\t\t\t<\/div>\n\t\t\t\t<\/div>\n\t\t\t\t\t<\/div>\n\t\t\t\t<\/div>\n\t\t\t\t<\/div>\n\t\t","protected":false},"excerpt":{"rendered":"<p>Juego 5: Habilidades de memoria Nivel 2 &#8211; Habilidades Oir\u00e1s una lista de lo que los ni\u00f1os ya tienen en su carrito de supermercado. Despu\u00e9s de escuchar la lista, selecciona los art\u00edculos que los ni\u00f1os poseen. Cambiar tipo Cambiar nivel<\/p>\n","protected":false},"author":4,"featured_media":0,"parent":12861,"menu_order":0,"comment_status":"closed","ping_status":"closed","template":"","meta":{"footnotes":""},"class_list":["post-12867","page","type-page","status-publish","hentry"],"_links":{"self":[{"href":"https:\/\/focus-project.eu\/es\/wp-json\/wp\/v2\/pages\/12867","targetHints":{"allow":["GET"]}}],"collection":[{"href":"https:\/\/focus-project.eu\/es\/wp-json\/wp\/v2\/pages"}],"about":[{"href":"https:\/\/focus-project.eu\/es\/wp-json\/wp\/v2\/types\/page"}],"author":[{"embeddable":true,"href":"https:\/\/focus-project.eu\/es\/wp-json\/wp\/v2\/users\/4"}],"replies":[{"embeddable":true,"href":"https:\/\/focus-project.eu\/es\/wp-json\/wp\/v2\/comments?post=12867"}],"version-history":[{"count":1,"href":"https:\/\/focus-project.eu\/es\/wp-json\/wp\/v2\/pages\/12867\/revisions"}],"predecessor-version":[{"id":12868,"href":"https:\/\/focus-project.eu\/es\/wp-json\/wp\/v2\/pages\/12867\/revisions\/12868"}],"up":[{"embeddable":true,"href":"https:\/\/focus-project.eu\/es\/wp-json\/wp\/v2\/pages\/12861"}],"wp:attachment":[{"href":"https:\/\/focus-project.eu\/es\/wp-json\/wp\/v2\/media?parent=12867"}],"curies":[{"name":"wp","href":"https:\/\/api.w.org\/{rel}","templated":true}]}}