{"id":12819,"date":"2025-09-04T08:29:13","date_gmt":"2025-09-04T08:29:13","guid":{"rendered":"https:\/\/focus-project.eu\/game-4-making-hypotheses-enhancing-abstract-thinking-es\/"},"modified":"2026-02-16T12:31:20","modified_gmt":"2026-02-16T12:31:20","slug":"game-4-making-hypotheses-enhancing-abstract-thinking-es","status":"publish","type":"page","link":"https:\/\/focus-project.eu\/es\/game-4-making-hypotheses-enhancing-abstract-thinking-es\/","title":{"rendered":"Game 4: Making Hypotheses &#038; Enhancing Abstract Thinking es"},"content":{"rendered":"\t\t<div data-elementor-type=\"wp-page\" data-elementor-id=\"12819\" class=\"elementor elementor-12819 elementor-8594\" data-elementor-post-type=\"page\">\n\t\t\t\t<div class=\"elementor-element elementor-element-77198ea e-flex e-con-boxed e-con e-parent\" data-id=\"77198ea\" data-element_type=\"container\">\n\t\t\t\t\t<div class=\"e-con-inner\">\n\t\t\t\t<div class=\"elementor-element elementor-element-f5333ff elementor-widget elementor-widget-spacer\" data-id=\"f5333ff\" data-element_type=\"widget\" data-widget_type=\"spacer.default\">\n\t\t\t\t<div class=\"elementor-widget-container\">\n\t\t\t\t\t\t\t<div class=\"elementor-spacer\">\n\t\t\t<div class=\"elementor-spacer-inner\"><\/div>\n\t\t<\/div>\n\t\t\t\t\t\t<\/div>\n\t\t\t\t<\/div>\n\t\t<div class=\"elementor-element elementor-element-6eaa15d e-con-full e-flex e-con e-child\" data-id=\"6eaa15d\" data-element_type=\"container\">\n\t\t<div class=\"elementor-element elementor-element-204ddf7 e-con-full e-flex e-con e-child\" data-id=\"204ddf7\" data-element_type=\"container\">\n\t\t\t\t<div class=\"elementor-element elementor-element-6eacfe4 elementor-widget elementor-widget-heading\" data-id=\"6eacfe4\" data-element_type=\"widget\" data-widget_type=\"heading.default\">\n\t\t\t\t<div class=\"elementor-widget-container\">\n\t\t\t\t\t<h2 class=\"elementor-heading-title elementor-size-default\">Juego 4: Formular hip\u00f3tesis y mejorar el pensamiento abstracto.<\/h2>\t\t\t\t<\/div>\n\t\t\t\t<\/div>\n\t\t\t\t<div class=\"elementor-element elementor-element-8d61258 elementor-widget elementor-widget-text-editor\" data-id=\"8d61258\" data-element_type=\"widget\" data-widget_type=\"text-editor.default\">\n\t\t\t\t<div class=\"elementor-widget-container\">\n\t\t\t\t\t\t\t\t\t<p>Este es un juego para practicar c\u00f3mo <strong>hacer suposiciones<\/strong>, <strong>llamadas hip\u00f3tesis.<\/strong><\/p>\n<p>\u00a1Es como ser un detective! Observas las pistas que ya tienes, haces una suposici\u00f3n inteligente sobre lo que podr\u00eda suceder y luego lo compruebas para ver si estabas en lo cierto. Esta habilidad es muy \u00fatil para los ni\u00f1os porque hace que el aprendizaje sea activo y divertido. Al practicar, aprendes a dividir los grandes problemas en pasos m\u00e1s peque\u00f1os y a resolverlos m\u00e1s f\u00e1cilmente. Tambi\u00e9n ayuda con la lectura, las ciencias y la vida cotidiana, porque tu cerebro mejora a la hora de hacer preguntas y encontrar respuestas inteligentes.<\/p>\n\t\t\t\t\t\t\t\t<\/div>\n\t\t\t\t<\/div>\n\t\t\t\t<\/div>\n\t\t<div class=\"elementor-element elementor-element-deb33e7 e-flex e-con-boxed e-con e-child\" data-id=\"deb33e7\" data-element_type=\"container\">\n\t\t\t\t\t<div class=\"e-con-inner\">\n\t\t\t\t<div class=\"elementor-element elementor-element-1d372a9 elementor-widget elementor-widget-image\" data-id=\"1d372a9\" data-element_type=\"widget\" data-widget_type=\"image.default\">\n\t\t\t\t<div class=\"elementor-widget-container\">\n\t\t\t\t\t\t\t\t\t\t\t\t\t\t\t<img fetchpriority=\"high\" decoding=\"async\" width=\"1200\" height=\"630\" src=\"https:\/\/focus-project.eu\/wp-content\/uploads\/2025\/09\/game_covers-04.jpg\" class=\"attachment-full size-full wp-image-9504\" alt=\"\" srcset=\"https:\/\/focus-project.eu\/wp-content\/uploads\/2025\/09\/game_covers-04.jpg 1200w, https:\/\/focus-project.eu\/wp-content\/uploads\/2025\/09\/game_covers-04-300x158.jpg 300w, https:\/\/focus-project.eu\/wp-content\/uploads\/2025\/09\/game_covers-04-1024x538.jpg 1024w, https:\/\/focus-project.eu\/wp-content\/uploads\/2025\/09\/game_covers-04-768x403.jpg 768w\" sizes=\"(max-width: 1200px) 100vw, 1200px\" \/>\t\t\t\t\t\t\t\t\t\t\t\t\t\t\t<\/div>\n\t\t\t\t<\/div>\n\t\t\t\t\t<\/div>\n\t\t\t\t<\/div>\n\t\t\t\t<\/div>\n\t\t\t\t\t<\/div>\n\t\t\t\t<\/div>\n\t\t<div class=\"elementor-element elementor-element-db9cf62 e-flex e-con-boxed e-con e-parent\" data-id=\"db9cf62\" data-element_type=\"container\">\n\t\t\t\t\t<div class=\"e-con-inner\">\n\t\t\t\t<div class=\"elementor-element elementor-element-7bfdc2e elementor-widget elementor-widget-spacer\" data-id=\"7bfdc2e\" data-element_type=\"widget\" data-widget_type=\"spacer.default\">\n\t\t\t\t<div class=\"elementor-widget-container\">\n\t\t\t\t\t\t\t<div class=\"elementor-spacer\">\n\t\t\t<div class=\"elementor-spacer-inner\"><\/div>\n\t\t<\/div>\n\t\t\t\t\t\t<\/div>\n\t\t\t\t<\/div>\n\t\t\t\t<div class=\"elementor-element elementor-element-11d92f6 elementor-widget elementor-widget-heading\" data-id=\"11d92f6\" data-element_type=\"widget\" data-widget_type=\"heading.default\">\n\t\t\t\t<div class=\"elementor-widget-container\">\n\t\t\t\t\t<h2 class=\"elementor-heading-title elementor-size-default\">Elige tu nivel<\/h2>\t\t\t\t<\/div>\n\t\t\t\t<\/div>\n\t\t\t\t<div class=\"elementor-element elementor-element-2a8cf68 elementor-widget elementor-widget-spacer\" data-id=\"2a8cf68\" data-element_type=\"widget\" data-widget_type=\"spacer.default\">\n\t\t\t\t<div class=\"elementor-widget-container\">\n\t\t\t\t\t\t\t<div class=\"elementor-spacer\">\n\t\t\t<div class=\"elementor-spacer-inner\"><\/div>\n\t\t<\/div>\n\t\t\t\t\t\t<\/div>\n\t\t\t\t<\/div>\n\t\t\t\t\t<\/div>\n\t\t\t\t<\/div>\n\t\t<div class=\"elementor-element elementor-element-fe50811 e-flex e-con-boxed e-con e-parent\" data-id=\"fe50811\" data-element_type=\"container\">\n\t\t\t\t\t<div class=\"e-con-inner\">\n\t\t<div class=\"elementor-element elementor-element-ebc55ac e-con-full e-flex e-con e-child\" data-id=\"ebc55ac\" data-element_type=\"container\">\n\t\t<div class=\"elementor-element elementor-element-19ee441 e-con-full e-flex e-con e-child\" data-id=\"19ee441\" data-element_type=\"container\">\n\t\t\t\t<div class=\"elementor-element elementor-element-d96977b elementor-align-justify elementor-mobile-align-justify elementor-widget elementor-widget-button\" data-id=\"d96977b\" data-element_type=\"widget\" data-widget_type=\"button.default\">\n\t\t\t\t<div class=\"elementor-widget-container\">\n\t\t\t\t\t\t\t\t\t<div class=\"elementor-button-wrapper\">\n\t\t\t\t\t<a class=\"elementor-button elementor-button-link elementor-size-sm elementor-animation-shrink\" href=\"https:\/\/focus-project.eu\/es\/game-4-making-hypotheses-enhancing-abstract-thinking-es\/game-4-level-1-es\/\">\n\t\t\t\t\t\t<span class=\"elementor-button-content-wrapper\">\n\t\t\t\t\t\t\t\t\t<span class=\"elementor-button-text\">Nivel 1<\/span>\n\t\t\t\t\t<\/span>\n\t\t\t\t\t<\/a>\n\t\t\t\t<\/div>\n\t\t\t\t\t\t\t\t<\/div>\n\t\t\t\t<\/div>\n\t\t\t\t<\/div>\n\t\t<div class=\"elementor-element elementor-element-a9367f1 e-con-full e-flex e-con e-child\" data-id=\"a9367f1\" data-element_type=\"container\">\n\t\t\t\t<div class=\"elementor-element elementor-element-587995c elementor-align-justify elementor-mobile-align-justify elementor-widget elementor-widget-button\" data-id=\"587995c\" data-element_type=\"widget\" data-widget_type=\"button.default\">\n\t\t\t\t<div class=\"elementor-widget-container\">\n\t\t\t\t\t\t\t\t\t<div class=\"elementor-button-wrapper\">\n\t\t\t\t\t<a class=\"elementor-button elementor-button-link elementor-size-sm elementor-animation-shrink\" href=\"https:\/\/focus-project.eu\/es\/game-4-making-hypotheses-enhancing-abstract-thinking-es\/game-4-level-2-es\/\">\n\t\t\t\t\t\t<span class=\"elementor-button-content-wrapper\">\n\t\t\t\t\t\t\t\t\t<span class=\"elementor-button-text\">Nivel 2<\/span>\n\t\t\t\t\t<\/span>\n\t\t\t\t\t<\/a>\n\t\t\t\t<\/div>\n\t\t\t\t\t\t\t\t<\/div>\n\t\t\t\t<\/div>\n\t\t\t\t<\/div>\n\t\t<div class=\"elementor-element elementor-element-40cd60a e-con-full e-flex e-con e-child\" data-id=\"40cd60a\" data-element_type=\"container\">\n\t\t\t\t<div class=\"elementor-element elementor-element-433a1d8 elementor-align-justify elementor-mobile-align-justify elementor-widget elementor-widget-button\" data-id=\"433a1d8\" data-element_type=\"widget\" data-widget_type=\"button.default\">\n\t\t\t\t<div class=\"elementor-widget-container\">\n\t\t\t\t\t\t\t\t\t<div class=\"elementor-button-wrapper\">\n\t\t\t\t\t<a class=\"elementor-button elementor-button-link elementor-size-sm elementor-animation-shrink\" href=\"https:\/\/focus-project.eu\/es\/game-4-making-hypotheses-enhancing-abstract-thinking-es\/game-4-level-3-es\/\">\n\t\t\t\t\t\t<span class=\"elementor-button-content-wrapper\">\n\t\t\t\t\t\t\t\t\t<span class=\"elementor-button-text\">Nivel 3<\/span>\n\t\t\t\t\t<\/span>\n\t\t\t\t\t<\/a>\n\t\t\t\t<\/div>\n\t\t\t\t\t\t\t\t<\/div>\n\t\t\t\t<\/div>\n\t\t\t\t<\/div>\n\t\t\t\t<\/div>\n\t\t\t\t\t<\/div>\n\t\t\t\t<\/div>\n\t\t<div class=\"elementor-element elementor-element-aef06de e-flex e-con-boxed e-con e-parent\" data-id=\"aef06de\" data-element_type=\"container\">\n\t\t\t\t\t<div class=\"e-con-inner\">\n\t\t\t\t<div class=\"elementor-element elementor-element-ed24d79 elementor-widget elementor-widget-spacer\" data-id=\"ed24d79\" data-element_type=\"widget\" data-widget_type=\"spacer.default\">\n\t\t\t\t<div class=\"elementor-widget-container\">\n\t\t\t\t\t\t\t<div class=\"elementor-spacer\">\n\t\t\t<div class=\"elementor-spacer-inner\"><\/div>\n\t\t<\/div>\n\t\t\t\t\t\t<\/div>\n\t\t\t\t<\/div>\n\t\t\t\t<div class=\"elementor-element elementor-element-b263bf6 elementor-align-center elementor-mobile-align-justify elementor-widget elementor-widget-button\" data-id=\"b263bf6\" data-element_type=\"widget\" data-widget_type=\"button.default\">\n\t\t\t\t<div class=\"elementor-widget-container\">\n\t\t\t\t\t\t\t\t\t<div class=\"elementor-button-wrapper\">\n\t\t\t\t\t<a class=\"elementor-button elementor-button-link elementor-size-sm elementor-animation-shrink\" href=\"https:\/\/focus-project.eu\/es\/all-games-es\/\">\n\t\t\t\t\t\t<span class=\"elementor-button-content-wrapper\">\n\t\t\t\t\t\t<span class=\"elementor-button-icon\">\n\t\t\t\t<svg aria-hidden=\"true\" class=\"e-font-icon-svg e-far-arrow-alt-circle-left\" viewBox=\"0 0 512 512\" xmlns=\"http:\/\/www.w3.org\/2000\/svg\"><path d=\"M8 256c0 137 111 248 248 248s248-111 248-248S393 8 256 8 8 119 8 256zm448 0c0 110.5-89.5 200-200 200S56 366.5 56 256 145.5 56 256 56s200 89.5 200 200zm-72-20v40c0 6.6-5.4 12-12 12H256v67c0 10.7-12.9 16-20.5 8.5l-99-99c-4.7-4.7-4.7-12.3 0-17l99-99c7.6-7.6 20.5-2.2 20.5 8.5v67h116c6.6 0 12 5.4 12 12z\"><\/path><\/svg>\t\t\t<\/span>\n\t\t\t\t\t\t\t\t\t<span class=\"elementor-button-text\">Volver a los juegos<\/span>\n\t\t\t\t\t<\/span>\n\t\t\t\t\t<\/a>\n\t\t\t\t<\/div>\n\t\t\t\t\t\t\t\t<\/div>\n\t\t\t\t<\/div>\n\t\t\t\t<div class=\"elementor-element elementor-element-072951e elementor-widget elementor-widget-spacer\" data-id=\"072951e\" data-element_type=\"widget\" data-widget_type=\"spacer.default\">\n\t\t\t\t<div class=\"elementor-widget-container\">\n\t\t\t\t\t\t\t<div class=\"elementor-spacer\">\n\t\t\t<div class=\"elementor-spacer-inner\"><\/div>\n\t\t<\/div>\n\t\t\t\t\t\t<\/div>\n\t\t\t\t<\/div>\n\t\t\t\t\t<\/div>\n\t\t\t\t<\/div>\n\t\t\t\t<\/div>\n\t\t","protected":false},"excerpt":{"rendered":"<p>Juego 4: Formular hip\u00f3tesis y mejorar el pensamiento abstracto. Este es un juego para practicar c\u00f3mo hacer suposiciones, llamadas hip\u00f3tesis. \u00a1Es como ser un detective! Observas las pistas que ya tienes, haces una suposici\u00f3n inteligente sobre lo que podr\u00eda suceder y luego lo compruebas para ver si estabas en lo cierto. Esta habilidad es muy [&hellip;]<\/p>\n","protected":false},"author":4,"featured_media":9504,"parent":0,"menu_order":0,"comment_status":"closed","ping_status":"closed","template":"","meta":{"footnotes":""},"class_list":["post-12819","page","type-page","status-publish","has-post-thumbnail","hentry"],"_links":{"self":[{"href":"https:\/\/focus-project.eu\/es\/wp-json\/wp\/v2\/pages\/12819","targetHints":{"allow":["GET"]}}],"collection":[{"href":"https:\/\/focus-project.eu\/es\/wp-json\/wp\/v2\/pages"}],"about":[{"href":"https:\/\/focus-project.eu\/es\/wp-json\/wp\/v2\/types\/page"}],"author":[{"embeddable":true,"href":"https:\/\/focus-project.eu\/es\/wp-json\/wp\/v2\/users\/4"}],"replies":[{"embeddable":true,"href":"https:\/\/focus-project.eu\/es\/wp-json\/wp\/v2\/comments?post=12819"}],"version-history":[{"count":7,"href":"https:\/\/focus-project.eu\/es\/wp-json\/wp\/v2\/pages\/12819\/revisions"}],"predecessor-version":[{"id":12952,"href":"https:\/\/focus-project.eu\/es\/wp-json\/wp\/v2\/pages\/12819\/revisions\/12952"}],"wp:featuredmedia":[{"embeddable":true,"href":"https:\/\/focus-project.eu\/es\/wp-json\/wp\/v2\/media\/9504"}],"wp:attachment":[{"href":"https:\/\/focus-project.eu\/es\/wp-json\/wp\/v2\/media?parent=12819"}],"curies":[{"name":"wp","href":"https:\/\/api.w.org\/{rel}","templated":true}]}}