{"id":12759,"date":"2025-09-04T08:28:21","date_gmt":"2025-09-04T08:28:21","guid":{"rendered":"https:\/\/focus-project.eu\/game-2-critical-thinking-word-analogies-es\/"},"modified":"2026-02-16T12:18:28","modified_gmt":"2026-02-16T12:18:28","slug":"game-2-critical-thinking-word-analogies-es","status":"publish","type":"page","link":"https:\/\/focus-project.eu\/es\/game-2-critical-thinking-word-analogies-es\/","title":{"rendered":"Game 2: Critical Thinking \u2013 Word Analogies es"},"content":{"rendered":"\t\t<div data-elementor-type=\"wp-page\" data-elementor-id=\"12759\" class=\"elementor elementor-12759 elementor-8590\" data-elementor-post-type=\"page\">\n\t\t\t\t<div class=\"elementor-element elementor-element-c3d67be e-flex e-con-boxed e-con e-parent\" data-id=\"c3d67be\" data-element_type=\"container\">\n\t\t\t\t\t<div class=\"e-con-inner\">\n\t\t\t\t<div class=\"elementor-element elementor-element-8189349 elementor-widget elementor-widget-spacer\" data-id=\"8189349\" data-element_type=\"widget\" data-widget_type=\"spacer.default\">\n\t\t\t\t<div class=\"elementor-widget-container\">\n\t\t\t\t\t\t\t<div class=\"elementor-spacer\">\n\t\t\t<div class=\"elementor-spacer-inner\"><\/div>\n\t\t<\/div>\n\t\t\t\t\t\t<\/div>\n\t\t\t\t<\/div>\n\t\t<div class=\"elementor-element elementor-element-08e3549 e-con-full e-flex e-con e-child\" data-id=\"08e3549\" data-element_type=\"container\">\n\t\t<div class=\"elementor-element elementor-element-d32fdeb e-con-full e-flex e-con e-child\" data-id=\"d32fdeb\" data-element_type=\"container\">\n\t\t\t\t<div class=\"elementor-element elementor-element-d659a01 elementor-widget elementor-widget-heading\" data-id=\"d659a01\" data-element_type=\"widget\" data-widget_type=\"heading.default\">\n\t\t\t\t<div class=\"elementor-widget-container\">\n\t\t\t\t\t<h2 class=\"elementor-heading-title elementor-size-default\">Juego 2: Pensamiento cr\u00edtico \u2013 Analog\u00edas de palabras<\/h2>\t\t\t\t<\/div>\n\t\t\t\t<\/div>\n\t\t\t\t<div class=\"elementor-element elementor-element-c316bd8 elementor-widget elementor-widget-text-editor\" data-id=\"c316bd8\" data-element_type=\"widget\" data-widget_type=\"text-editor.default\">\n\t\t\t\t<div class=\"elementor-widget-container\">\n\t\t\t\t\t\t\t\t\t<p>Este es un juego para practicar las <strong>habilidades de razonamiento<\/strong> y las <strong>analog\u00edas entre palabras.<\/strong><\/p>\n<p>El pensamiento cr\u00edtico significa usar el cerebro para resolver problemas y tomar decisiones inteligentes. En lugar de limitarse a memorizar datos, aprendes a hacer preguntas, buscar pistas y encontrar la mejor respuesta. Las analog\u00edas de palabras son peque\u00f1os acertijos que muestran c\u00f3mo se relacionan las palabras entre s\u00ed. Estos acertijos te ayudan a comprender significados, ampliar tu vocabulario y ver c\u00f3mo encajan las ideas entre s\u00ed. Al practicar estas habilidades, puedes mejorar tu lectura, escritura e incluso la resoluci\u00f3n de problemas cotidianos, \u00a1mientras te sientes con m\u00e1s seguridad!<\/p>\n\t\t\t\t\t\t\t\t<\/div>\n\t\t\t\t<\/div>\n\t\t\t\t<\/div>\n\t\t<div class=\"elementor-element elementor-element-7ba106d e-flex e-con-boxed e-con e-child\" data-id=\"7ba106d\" data-element_type=\"container\">\n\t\t\t\t\t<div class=\"e-con-inner\">\n\t\t\t\t<div class=\"elementor-element elementor-element-e7fc92b elementor-widget elementor-widget-image\" data-id=\"e7fc92b\" data-element_type=\"widget\" data-widget_type=\"image.default\">\n\t\t\t\t<div class=\"elementor-widget-container\">\n\t\t\t\t\t\t\t\t\t\t\t\t\t\t\t<img fetchpriority=\"high\" decoding=\"async\" width=\"1200\" height=\"630\" src=\"https:\/\/focus-project.eu\/wp-content\/uploads\/2025\/09\/game_covers-02.jpg\" class=\"attachment-full size-full wp-image-9477\" alt=\"\" srcset=\"https:\/\/focus-project.eu\/wp-content\/uploads\/2025\/09\/game_covers-02.jpg 1200w, https:\/\/focus-project.eu\/wp-content\/uploads\/2025\/09\/game_covers-02-300x158.jpg 300w, https:\/\/focus-project.eu\/wp-content\/uploads\/2025\/09\/game_covers-02-1024x538.jpg 1024w, https:\/\/focus-project.eu\/wp-content\/uploads\/2025\/09\/game_covers-02-768x403.jpg 768w\" sizes=\"(max-width: 1200px) 100vw, 1200px\" \/>\t\t\t\t\t\t\t\t\t\t\t\t\t\t\t<\/div>\n\t\t\t\t<\/div>\n\t\t\t\t\t<\/div>\n\t\t\t\t<\/div>\n\t\t\t\t<\/div>\n\t\t\t\t\t<\/div>\n\t\t\t\t<\/div>\n\t\t<div class=\"elementor-element elementor-element-08e623a e-flex e-con-boxed e-con e-parent\" data-id=\"08e623a\" data-element_type=\"container\">\n\t\t\t\t\t<div class=\"e-con-inner\">\n\t\t\t\t<div class=\"elementor-element elementor-element-91e0814 elementor-widget elementor-widget-spacer\" data-id=\"91e0814\" data-element_type=\"widget\" data-widget_type=\"spacer.default\">\n\t\t\t\t<div class=\"elementor-widget-container\">\n\t\t\t\t\t\t\t<div class=\"elementor-spacer\">\n\t\t\t<div class=\"elementor-spacer-inner\"><\/div>\n\t\t<\/div>\n\t\t\t\t\t\t<\/div>\n\t\t\t\t<\/div>\n\t\t\t\t<div class=\"elementor-element elementor-element-f5d208d elementor-widget elementor-widget-heading\" data-id=\"f5d208d\" data-element_type=\"widget\" data-widget_type=\"heading.default\">\n\t\t\t\t<div class=\"elementor-widget-container\">\n\t\t\t\t\t<h2 class=\"elementor-heading-title elementor-size-default\">Elige tu nivel<\/h2>\t\t\t\t<\/div>\n\t\t\t\t<\/div>\n\t\t\t\t<div class=\"elementor-element elementor-element-644e780 elementor-widget elementor-widget-spacer\" data-id=\"644e780\" data-element_type=\"widget\" data-widget_type=\"spacer.default\">\n\t\t\t\t<div class=\"elementor-widget-container\">\n\t\t\t\t\t\t\t<div class=\"elementor-spacer\">\n\t\t\t<div class=\"elementor-spacer-inner\"><\/div>\n\t\t<\/div>\n\t\t\t\t\t\t<\/div>\n\t\t\t\t<\/div>\n\t\t\t\t\t<\/div>\n\t\t\t\t<\/div>\n\t\t<div class=\"elementor-element elementor-element-11a231f e-flex e-con-boxed e-con e-parent\" data-id=\"11a231f\" data-element_type=\"container\">\n\t\t\t\t\t<div class=\"e-con-inner\">\n\t\t<div class=\"elementor-element elementor-element-07a6beb e-con-full e-flex e-con e-child\" data-id=\"07a6beb\" data-element_type=\"container\">\n\t\t<div class=\"elementor-element elementor-element-2c6efe7 e-con-full e-flex e-con e-child\" data-id=\"2c6efe7\" data-element_type=\"container\">\n\t\t\t\t<div class=\"elementor-element elementor-element-612b5fd elementor-align-justify elementor-mobile-align-justify elementor-widget elementor-widget-button\" data-id=\"612b5fd\" data-element_type=\"widget\" data-widget_type=\"button.default\">\n\t\t\t\t<div class=\"elementor-widget-container\">\n\t\t\t\t\t\t\t\t\t<div class=\"elementor-button-wrapper\">\n\t\t\t\t\t<a class=\"elementor-button elementor-button-link elementor-size-sm elementor-animation-shrink\" href=\"https:\/\/focus-project.eu\/es\/game-2-critical-thinking-word-analogies-es\/game-2-level-1-es\/\">\n\t\t\t\t\t\t<span class=\"elementor-button-content-wrapper\">\n\t\t\t\t\t\t\t\t\t<span class=\"elementor-button-text\">Nivel 1<\/span>\n\t\t\t\t\t<\/span>\n\t\t\t\t\t<\/a>\n\t\t\t\t<\/div>\n\t\t\t\t\t\t\t\t<\/div>\n\t\t\t\t<\/div>\n\t\t\t\t<\/div>\n\t\t<div class=\"elementor-element elementor-element-913c820 e-con-full e-flex e-con e-child\" data-id=\"913c820\" data-element_type=\"container\">\n\t\t\t\t<div class=\"elementor-element elementor-element-255b646 elementor-align-justify elementor-mobile-align-justify elementor-widget elementor-widget-button\" data-id=\"255b646\" data-element_type=\"widget\" data-widget_type=\"button.default\">\n\t\t\t\t<div class=\"elementor-widget-container\">\n\t\t\t\t\t\t\t\t\t<div class=\"elementor-button-wrapper\">\n\t\t\t\t\t<a class=\"elementor-button elementor-button-link elementor-size-sm elementor-animation-shrink\" href=\"https:\/\/focus-project.eu\/es\/game-2-critical-thinking-word-analogies-es\/game-2-level-2-es\/\">\n\t\t\t\t\t\t<span class=\"elementor-button-content-wrapper\">\n\t\t\t\t\t\t\t\t\t<span class=\"elementor-button-text\">Nivel 2<\/span>\n\t\t\t\t\t<\/span>\n\t\t\t\t\t<\/a>\n\t\t\t\t<\/div>\n\t\t\t\t\t\t\t\t<\/div>\n\t\t\t\t<\/div>\n\t\t\t\t<\/div>\n\t\t<div class=\"elementor-element elementor-element-d8665b8 e-con-full e-flex e-con e-child\" data-id=\"d8665b8\" data-element_type=\"container\">\n\t\t\t\t<div class=\"elementor-element elementor-element-a65ea3c elementor-align-justify elementor-mobile-align-justify elementor-widget elementor-widget-button\" data-id=\"a65ea3c\" data-element_type=\"widget\" data-widget_type=\"button.default\">\n\t\t\t\t<div class=\"elementor-widget-container\">\n\t\t\t\t\t\t\t\t\t<div class=\"elementor-button-wrapper\">\n\t\t\t\t\t<a class=\"elementor-button elementor-button-link elementor-size-sm elementor-animation-shrink\" href=\"https:\/\/focus-project.eu\/es\/game-2-critical-thinking-word-analogies-es\/game-2-level-3-es\/\">\n\t\t\t\t\t\t<span class=\"elementor-button-content-wrapper\">\n\t\t\t\t\t\t\t\t\t<span class=\"elementor-button-text\">Nivel 3<\/span>\n\t\t\t\t\t<\/span>\n\t\t\t\t\t<\/a>\n\t\t\t\t<\/div>\n\t\t\t\t\t\t\t\t<\/div>\n\t\t\t\t<\/div>\n\t\t\t\t<\/div>\n\t\t\t\t<\/div>\n\t\t\t\t\t<\/div>\n\t\t\t\t<\/div>\n\t\t<div class=\"elementor-element elementor-element-63e6b68 e-flex e-con-boxed e-con e-parent\" data-id=\"63e6b68\" data-element_type=\"container\">\n\t\t\t\t\t<div class=\"e-con-inner\">\n\t\t\t\t<div class=\"elementor-element elementor-element-94130f3 elementor-widget elementor-widget-spacer\" data-id=\"94130f3\" data-element_type=\"widget\" data-widget_type=\"spacer.default\">\n\t\t\t\t<div class=\"elementor-widget-container\">\n\t\t\t\t\t\t\t<div class=\"elementor-spacer\">\n\t\t\t<div class=\"elementor-spacer-inner\"><\/div>\n\t\t<\/div>\n\t\t\t\t\t\t<\/div>\n\t\t\t\t<\/div>\n\t\t\t\t<div class=\"elementor-element elementor-element-8bb57e9 elementor-align-center elementor-mobile-align-justify elementor-widget elementor-widget-button\" data-id=\"8bb57e9\" data-element_type=\"widget\" data-widget_type=\"button.default\">\n\t\t\t\t<div class=\"elementor-widget-container\">\n\t\t\t\t\t\t\t\t\t<div class=\"elementor-button-wrapper\">\n\t\t\t\t\t<a class=\"elementor-button elementor-button-link elementor-size-sm elementor-animation-shrink\" href=\"https:\/\/focus-project.eu\/es\/all-games-es\/\">\n\t\t\t\t\t\t<span class=\"elementor-button-content-wrapper\">\n\t\t\t\t\t\t<span class=\"elementor-button-icon\">\n\t\t\t\t<svg aria-hidden=\"true\" class=\"e-font-icon-svg e-far-arrow-alt-circle-left\" viewBox=\"0 0 512 512\" xmlns=\"http:\/\/www.w3.org\/2000\/svg\"><path d=\"M8 256c0 137 111 248 248 248s248-111 248-248S393 8 256 8 8 119 8 256zm448 0c0 110.5-89.5 200-200 200S56 366.5 56 256 145.5 56 256 56s200 89.5 200 200zm-72-20v40c0 6.6-5.4 12-12 12H256v67c0 10.7-12.9 16-20.5 8.5l-99-99c-4.7-4.7-4.7-12.3 0-17l99-99c7.6-7.6 20.5-2.2 20.5 8.5v67h116c6.6 0 12 5.4 12 12z\"><\/path><\/svg>\t\t\t<\/span>\n\t\t\t\t\t\t\t\t\t<span class=\"elementor-button-text\">Volver a los juegos<\/span>\n\t\t\t\t\t<\/span>\n\t\t\t\t\t<\/a>\n\t\t\t\t<\/div>\n\t\t\t\t\t\t\t\t<\/div>\n\t\t\t\t<\/div>\n\t\t\t\t<div class=\"elementor-element elementor-element-2379878 elementor-widget elementor-widget-spacer\" data-id=\"2379878\" data-element_type=\"widget\" data-widget_type=\"spacer.default\">\n\t\t\t\t<div class=\"elementor-widget-container\">\n\t\t\t\t\t\t\t<div class=\"elementor-spacer\">\n\t\t\t<div class=\"elementor-spacer-inner\"><\/div>\n\t\t<\/div>\n\t\t\t\t\t\t<\/div>\n\t\t\t\t<\/div>\n\t\t\t\t\t<\/div>\n\t\t\t\t<\/div>\n\t\t\t\t<\/div>\n\t\t","protected":false},"excerpt":{"rendered":"<p>Juego 2: Pensamiento cr\u00edtico \u2013 Analog\u00edas de palabras Este es un juego para practicar las habilidades de razonamiento y las analog\u00edas entre palabras. El pensamiento cr\u00edtico significa usar el cerebro para resolver problemas y tomar decisiones inteligentes. En lugar de limitarse a memorizar datos, aprendes a hacer preguntas, buscar pistas y encontrar la mejor respuesta. [&hellip;]<\/p>\n","protected":false},"author":4,"featured_media":9477,"parent":0,"menu_order":0,"comment_status":"closed","ping_status":"closed","template":"","meta":{"footnotes":""},"class_list":["post-12759","page","type-page","status-publish","has-post-thumbnail","hentry"],"_links":{"self":[{"href":"https:\/\/focus-project.eu\/es\/wp-json\/wp\/v2\/pages\/12759","targetHints":{"allow":["GET"]}}],"collection":[{"href":"https:\/\/focus-project.eu\/es\/wp-json\/wp\/v2\/pages"}],"about":[{"href":"https:\/\/focus-project.eu\/es\/wp-json\/wp\/v2\/types\/page"}],"author":[{"embeddable":true,"href":"https:\/\/focus-project.eu\/es\/wp-json\/wp\/v2\/users\/4"}],"replies":[{"embeddable":true,"href":"https:\/\/focus-project.eu\/es\/wp-json\/wp\/v2\/comments?post=12759"}],"version-history":[{"count":7,"href":"https:\/\/focus-project.eu\/es\/wp-json\/wp\/v2\/pages\/12759\/revisions"}],"predecessor-version":[{"id":12927,"href":"https:\/\/focus-project.eu\/es\/wp-json\/wp\/v2\/pages\/12759\/revisions\/12927"}],"wp:featuredmedia":[{"embeddable":true,"href":"https:\/\/focus-project.eu\/es\/wp-json\/wp\/v2\/media\/9477"}],"wp:attachment":[{"href":"https:\/\/focus-project.eu\/es\/wp-json\/wp\/v2\/media?parent=12759"}],"curies":[{"name":"wp","href":"https:\/\/api.w.org\/{rel}","templated":true}]}}